{"id":6264,"date":"2016-01-26T14:09:13","date_gmt":"2016-01-26T14:09:13","guid":{"rendered":"http:\/\/staging.gravelight.eu\/en\/trgovina\/Bez%20kategorije\/svijeca-kooz-ld-60110_1032\/"},"modified":"2024-10-04T09:02:44","modified_gmt":"2024-10-04T07:02:44","slug":"svijeca-kooz-60110-ld","status":"publish","type":"product","link":"https:\/\/staging.gravelight.eu\/en\/trgovina\/svijeca-kooz-60110-ld\/","title":{"rendered":"SVIJE\u0106A KOOZ 60110 LD"},"content":{"rendered":"","protected":false},"excerpt":{"rendered":"","protected":false},"featured_media":65212,"comment_status":"closed","ping_status":"closed","template":"","meta":{"_acf_changed":false},"product_brand":[],"product_cat":[1989],"product_tag":[44402,44403,53914,43330,44356,44361,44362,44363,44365],"class_list":{"0":"post-6264","1":"product","2":"type-product","3":"status-publish","4":"has-post-thumbnail","6":"product_cat-candlea-11","7":"product_tag-30009-en","8":"product_tag-3858883231946-en","9":"product_tag-adventske-svijece-tag-en","10":"product_tag-svijece-en","11":"product_tag-advent-en","12":"product_tag-bozicne-en","13":"product_tag-xmas-en","14":"product_tag-niz-en","15":"product_tag-zlatne-en","17":"first","18":"instock","19":"taxable","20":"shipping-taxable","21":"purchasable","22":"product-type-variable"},"acf":[],"yoast_head":"<!-- This site is optimized with the Yoast SEO plugin v26.9 - https:\/\/yoast.com\/product\/yoast-seo-wordpress\/ -->\n<title>SVIJE\u0106A KOOZ 60110 LD - NET d.o.o.<\/title>\n<meta name=\"description\" content=\"Svije\u0107a kooz 60110 LD u nekoliko trendy boja, promjera 60 mm, a visine 110 mm, idealne akao ukras u va\u0161em domu. Svije\u0107e lijepo gore i ne kapaju.\" \/>\n<meta name=\"robots\" content=\"noindex, follow, max-snippet:-1, max-image-preview:large, max-video-preview:-1\" \/>\n<meta property=\"og:locale\" content=\"en_US\" \/>\n<meta property=\"og:type\" content=\"article\" \/>\n<meta property=\"og:title\" content=\"SVIJE\u0106A KOOZ 60110 LD - NET d.o.o.\" \/>\n<meta property=\"og:description\" content=\"Svije\u0107a kooz 60110 LD u nekoliko trendy boja, promjera 60 mm, a visine 110 mm, idealne akao ukras u va\u0161em domu. Svije\u0107e lijepo gore i ne kapaju.\" \/>\n<meta property=\"og:url\" content=\"https:\/\/staging.gravelight.eu\/en\/trgovina\/svijeca-kooz-60110-ld\/\" \/>\n<meta property=\"og:site_name\" content=\"NET d.o.o.\" \/>\n<meta property=\"article:modified_time\" content=\"2024-10-04T07:02:44+00:00\" \/>\n<meta property=\"og:image\" content=\"https:\/\/staging.gravelight.eu\/wp-content\/uploads\/30009.A01-2-scaled.jpg\" \/>\n\t<meta property=\"og:image:width\" content=\"1796\" \/>\n\t<meta property=\"og:image:height\" content=\"2560\" \/>\n\t<meta property=\"og:image:type\" content=\"image\/jpeg\" \/>\n<meta name=\"twitter:card\" content=\"summary_large_image\" \/>\n<script type=\"application\/ld+json\" class=\"yoast-schema-graph\">{\"@context\":\"https:\/\/schema.org\",\"@graph\":[{\"@type\":\"WebPage\",\"@id\":\"https:\/\/staging.gravelight.eu\/en\/trgovina\/svijeca-kooz-60110-ld\/\",\"url\":\"https:\/\/staging.gravelight.eu\/en\/trgovina\/svijeca-kooz-60110-ld\/\",\"name\":\"SVIJE\u0106A KOOZ 60110 LD - NET d.o.o.\",\"isPartOf\":{\"@id\":\"https:\/\/staging.gravelight.eu\/#website\"},\"primaryImageOfPage\":{\"@id\":\"https:\/\/staging.gravelight.eu\/en\/trgovina\/svijeca-kooz-60110-ld\/#primaryimage\"},\"image\":{\"@id\":\"https:\/\/staging.gravelight.eu\/en\/trgovina\/svijeca-kooz-60110-ld\/#primaryimage\"},\"thumbnailUrl\":\"https:\/\/staging.gravelight.eu\/wp-content\/uploads\/2024\/03\/30009.A01-2-scaled.jpg\",\"datePublished\":\"2016-01-26T14:09:13+00:00\",\"dateModified\":\"2024-10-04T07:02:44+00:00\",\"description\":\"Svije\u0107a kooz 60110 LD u nekoliko trendy boja, promjera 60 mm, a visine 110 mm, idealne akao ukras u va\u0161em domu. Svije\u0107e lijepo gore i ne kapaju.\",\"breadcrumb\":{\"@id\":\"https:\/\/staging.gravelight.eu\/en\/trgovina\/svijeca-kooz-60110-ld\/#breadcrumb\"},\"inLanguage\":\"en-US\",\"potentialAction\":[{\"@type\":\"ReadAction\",\"target\":[\"https:\/\/staging.gravelight.eu\/en\/trgovina\/svijeca-kooz-60110-ld\/\"]}]},{\"@type\":\"ImageObject\",\"inLanguage\":\"en-US\",\"@id\":\"https:\/\/staging.gravelight.eu\/en\/trgovina\/svijeca-kooz-60110-ld\/#primaryimage\",\"url\":\"https:\/\/staging.gravelight.eu\/wp-content\/uploads\/2024\/03\/30009.A01-2-scaled.jpg\",\"contentUrl\":\"https:\/\/staging.gravelight.eu\/wp-content\/uploads\/2024\/03\/30009.A01-2-scaled.jpg\",\"width\":1796,\"height\":2560,\"caption\":\"Stupne svije\u0107e\"},{\"@type\":\"BreadcrumbList\",\"@id\":\"https:\/\/staging.gravelight.eu\/en\/trgovina\/svijeca-kooz-60110-ld\/#breadcrumb\",\"itemListElement\":[{\"@type\":\"ListItem\",\"position\":1,\"name\":\"Home\",\"item\":\"https:\/\/staging.gravelight.eu\/en\/\"},{\"@type\":\"ListItem\",\"position\":2,\"name\":\"Trgovina\",\"item\":\"https:\/\/staging.gravelight.eu\/en\/trgovina-webshop\/\"},{\"@type\":\"ListItem\",\"position\":3,\"name\":\"SVIJE\u0106A KOOZ 60110 LD\"}]},{\"@type\":\"WebSite\",\"@id\":\"https:\/\/staging.gravelight.eu\/#website\",\"url\":\"https:\/\/staging.gravelight.eu\/\",\"name\":\"NET d.o.o.\",\"description\":\"The light and warmth of your home!\",\"publisher\":{\"@id\":\"https:\/\/staging.gravelight.eu\/#organization\"},\"potentialAction\":[{\"@type\":\"SearchAction\",\"target\":{\"@type\":\"EntryPoint\",\"urlTemplate\":\"https:\/\/staging.gravelight.eu\/?s={search_term_string}\"},\"query-input\":{\"@type\":\"PropertyValueSpecification\",\"valueRequired\":true,\"valueName\":\"search_term_string\"}}],\"inLanguage\":\"en-US\"},{\"@type\":\"Organization\",\"@id\":\"https:\/\/staging.gravelight.eu\/#organization\",\"name\":\"NET d.o.o.\",\"url\":\"https:\/\/staging.gravelight.eu\/\",\"logo\":{\"@type\":\"ImageObject\",\"inLanguage\":\"en-US\",\"@id\":\"https:\/\/staging.gravelight.eu\/#\/schema\/logo\/image\/\",\"url\":\"https:\/\/staging.gravelight.eu\/wp-content\/uploads\/cropped-net-ico.png\",\"contentUrl\":\"https:\/\/staging.gravelight.eu\/wp-content\/uploads\/cropped-net-ico.png\",\"width\":512,\"height\":512,\"caption\":\"NET d.o.o.\"},\"image\":{\"@id\":\"https:\/\/staging.gravelight.eu\/#\/schema\/logo\/image\/\"}}]}<\/script>\n<!-- \/ Yoast SEO plugin. -->","yoast_head_json":{"title":"SVIJE\u0106A KOOZ 60110 LD - NET d.o.o.","description":"Svije\u0107a kooz 60110 LD u nekoliko trendy boja, promjera 60 mm, a visine 110 mm, idealne akao ukras u va\u0161em domu. Svije\u0107e lijepo gore i ne kapaju.","robots":{"index":"noindex","follow":"follow","max-snippet":"max-snippet:-1","max-image-preview":"max-image-preview:large","max-video-preview":"max-video-preview:-1"},"og_locale":"en_US","og_type":"article","og_title":"SVIJE\u0106A KOOZ 60110 LD - NET d.o.o.","og_description":"Svije\u0107a kooz 60110 LD u nekoliko trendy boja, promjera 60 mm, a visine 110 mm, idealne akao ukras u va\u0161em domu. Svije\u0107e lijepo gore i ne kapaju.","og_url":"https:\/\/staging.gravelight.eu\/en\/trgovina\/svijeca-kooz-60110-ld\/","og_site_name":"NET d.o.o.","article_modified_time":"2024-10-04T07:02:44+00:00","og_image":[{"width":1796,"height":2560,"url":"https:\/\/staging.gravelight.eu\/wp-content\/uploads\/30009.A01-2-scaled.jpg","type":"image\/jpeg"}],"twitter_card":"summary_large_image","schema":{"@context":"https:\/\/schema.org","@graph":[{"@type":"WebPage","@id":"https:\/\/staging.gravelight.eu\/en\/trgovina\/svijeca-kooz-60110-ld\/","url":"https:\/\/staging.gravelight.eu\/en\/trgovina\/svijeca-kooz-60110-ld\/","name":"SVIJE\u0106A KOOZ 60110 LD - NET d.o.o.","isPartOf":{"@id":"https:\/\/staging.gravelight.eu\/#website"},"primaryImageOfPage":{"@id":"https:\/\/staging.gravelight.eu\/en\/trgovina\/svijeca-kooz-60110-ld\/#primaryimage"},"image":{"@id":"https:\/\/staging.gravelight.eu\/en\/trgovina\/svijeca-kooz-60110-ld\/#primaryimage"},"thumbnailUrl":"https:\/\/staging.gravelight.eu\/wp-content\/uploads\/2024\/03\/30009.A01-2-scaled.jpg","datePublished":"2016-01-26T14:09:13+00:00","dateModified":"2024-10-04T07:02:44+00:00","description":"Svije\u0107a kooz 60110 LD u nekoliko trendy boja, promjera 60 mm, a visine 110 mm, idealne akao ukras u va\u0161em domu. Svije\u0107e lijepo gore i ne kapaju.","breadcrumb":{"@id":"https:\/\/staging.gravelight.eu\/en\/trgovina\/svijeca-kooz-60110-ld\/#breadcrumb"},"inLanguage":"en-US","potentialAction":[{"@type":"ReadAction","target":["https:\/\/staging.gravelight.eu\/en\/trgovina\/svijeca-kooz-60110-ld\/"]}]},{"@type":"ImageObject","inLanguage":"en-US","@id":"https:\/\/staging.gravelight.eu\/en\/trgovina\/svijeca-kooz-60110-ld\/#primaryimage","url":"https:\/\/staging.gravelight.eu\/wp-content\/uploads\/2024\/03\/30009.A01-2-scaled.jpg","contentUrl":"https:\/\/staging.gravelight.eu\/wp-content\/uploads\/2024\/03\/30009.A01-2-scaled.jpg","width":1796,"height":2560,"caption":"Stupne svije\u0107e"},{"@type":"BreadcrumbList","@id":"https:\/\/staging.gravelight.eu\/en\/trgovina\/svijeca-kooz-60110-ld\/#breadcrumb","itemListElement":[{"@type":"ListItem","position":1,"name":"Home","item":"https:\/\/staging.gravelight.eu\/en\/"},{"@type":"ListItem","position":2,"name":"Trgovina","item":"https:\/\/staging.gravelight.eu\/en\/trgovina-webshop\/"},{"@type":"ListItem","position":3,"name":"SVIJE\u0106A KOOZ 60110 LD"}]},{"@type":"WebSite","@id":"https:\/\/staging.gravelight.eu\/#website","url":"https:\/\/staging.gravelight.eu\/","name":"NET d.o.o.","description":"The light and warmth of your home!","publisher":{"@id":"https:\/\/staging.gravelight.eu\/#organization"},"potentialAction":[{"@type":"SearchAction","target":{"@type":"EntryPoint","urlTemplate":"https:\/\/staging.gravelight.eu\/?s={search_term_string}"},"query-input":{"@type":"PropertyValueSpecification","valueRequired":true,"valueName":"search_term_string"}}],"inLanguage":"en-US"},{"@type":"Organization","@id":"https:\/\/staging.gravelight.eu\/#organization","name":"NET d.o.o.","url":"https:\/\/staging.gravelight.eu\/","logo":{"@type":"ImageObject","inLanguage":"en-US","@id":"https:\/\/staging.gravelight.eu\/#\/schema\/logo\/image\/","url":"https:\/\/staging.gravelight.eu\/wp-content\/uploads\/cropped-net-ico.png","contentUrl":"https:\/\/staging.gravelight.eu\/wp-content\/uploads\/cropped-net-ico.png","width":512,"height":512,"caption":"NET d.o.o."},"image":{"@id":"https:\/\/staging.gravelight.eu\/#\/schema\/logo\/image\/"}}]}},"_links":{"self":[{"href":"https:\/\/staging.gravelight.eu\/en\/wp-json\/wp\/v2\/product\/6264","targetHints":{"allow":["GET"]}}],"collection":[{"href":"https:\/\/staging.gravelight.eu\/en\/wp-json\/wp\/v2\/product"}],"about":[{"href":"https:\/\/staging.gravelight.eu\/en\/wp-json\/wp\/v2\/types\/product"}],"replies":[{"embeddable":true,"href":"https:\/\/staging.gravelight.eu\/en\/wp-json\/wp\/v2\/comments?post=6264"}],"wp:featuredmedia":[{"embeddable":true,"href":"https:\/\/staging.gravelight.eu\/en\/wp-json\/wp\/v2\/media\/65212"}],"wp:attachment":[{"href":"https:\/\/staging.gravelight.eu\/en\/wp-json\/wp\/v2\/media?parent=6264"}],"wp:term":[{"taxonomy":"product_brand","embeddable":true,"href":"https:\/\/staging.gravelight.eu\/en\/wp-json\/wp\/v2\/product_brand?post=6264"},{"taxonomy":"product_cat","embeddable":true,"href":"https:\/\/staging.gravelight.eu\/en\/wp-json\/wp\/v2\/product_cat?post=6264"},{"taxonomy":"product_tag","embeddable":true,"href":"https:\/\/staging.gravelight.eu\/en\/wp-json\/wp\/v2\/product_tag?post=6264"}],"curies":[{"name":"wp","href":"https:\/\/api.w.org\/{rel}","templated":true}]}}