{"id":60867,"date":"2022-11-14T11:24:45","date_gmt":"2022-11-14T10:24:45","guid":{"rendered":"https:\/\/staging.gravelight.eu\/?post_type=product&#038;p=60867"},"modified":"2024-10-04T08:44:02","modified_gmt":"2024-10-04T06:44:02","slug":"mirisna-svijeca-dez-orange-coko-staklenk","status":"publish","type":"product","link":"https:\/\/staging.gravelight.eu\/en\/trgovina\/mirisna-svijeca-dez-orange-coko-staklenk\/","title":{"rendered":"MIRISNA SVIJE\u0106A DEZ ORANGE \u010cOKO STAKLENK"},"content":{"rendered":"","protected":false},"excerpt":{"rendered":"","protected":false},"featured_media":60877,"comment_status":"closed","ping_status":"closed","template":"","meta":{"_acf_changed":false},"product_brand":[],"product_cat":[5140],"product_tag":[43330,43731,43732,43733,53840,53841,43161,43232,43233,43234],"class_list":{"0":"post-60867","1":"product","2":"type-product","3":"status-publish","4":"has-post-thumbnail","6":"product_cat-uncategorized","7":"product_tag-svijece-en","8":"product_tag-dez-en","9":"product_tag-tbl7-1-en","10":"product_tag-folija-en","11":"product_tag-10225-en","12":"product_tag-5906927043159-en","13":"product_tag-miris-en","14":"product_tag-staklene-en","15":"product_tag-dezen-en","16":"product_tag-color-en","18":"first","19":"instock","20":"taxable","21":"shipping-taxable","22":"purchasable","23":"product-type-simple"},"acf":[],"yoast_head":"<!-- This site is optimized with the Yoast SEO plugin v26.9 - https:\/\/yoast.com\/product\/yoast-seo-wordpress\/ -->\n<title>MIRISNA SVIJE\u0106A DEZ ORANGE \u010cOKO STAKLENK - NET d.o.o.<\/title>\n<meta name=\"description\" content=\"Mirisna svije\u0107a Orange \u010cokolada u staklenoj \u010da\u0161ici sa dekorativnom slikom naran\u010de i \u010dokolade. Svije\u0107a zamamljivo miri\u0161e punih 24 sata.\" \/>\n<meta name=\"robots\" content=\"noindex, follow, max-snippet:-1, max-image-preview:large, max-video-preview:-1\" \/>\n<meta property=\"og:locale\" content=\"en_US\" \/>\n<meta property=\"og:type\" content=\"article\" \/>\n<meta property=\"og:title\" content=\"MIRISNA SVIJE\u0106A DEZ ORANGE \u010cOKO STAKLENK - NET d.o.o.\" \/>\n<meta property=\"og:description\" content=\"Mirisna svije\u0107a Orange \u010cokolada u staklenoj \u010da\u0161ici sa dekorativnom slikom naran\u010de i \u010dokolade. Svije\u0107a zamamljivo miri\u0161e punih 24 sata.\" \/>\n<meta property=\"og:url\" content=\"https:\/\/staging.gravelight.eu\/en\/trgovina\/mirisna-svijeca-dez-orange-coko-staklenk\/\" \/>\n<meta property=\"og:site_name\" content=\"NET d.o.o.\" \/>\n<meta property=\"article:modified_time\" content=\"2024-10-04T06:44:02+00:00\" \/>\n<meta property=\"og:image\" content=\"https:\/\/staging.gravelight.eu\/wp-content\/uploads\/10225.A01.005.jpg\" \/>\n\t<meta property=\"og:image:width\" content=\"413\" \/>\n\t<meta property=\"og:image:height\" content=\"500\" \/>\n\t<meta property=\"og:image:type\" content=\"image\/jpeg\" \/>\n<meta name=\"twitter:card\" content=\"summary_large_image\" \/>\n<script type=\"application\/ld+json\" class=\"yoast-schema-graph\">{\"@context\":\"https:\/\/schema.org\",\"@graph\":[{\"@type\":\"WebPage\",\"@id\":\"https:\/\/staging.gravelight.eu\/en\/trgovina\/mirisna-svijeca-dez-orange-coko-staklenk\/\",\"url\":\"https:\/\/staging.gravelight.eu\/en\/trgovina\/mirisna-svijeca-dez-orange-coko-staklenk\/\",\"name\":\"MIRISNA SVIJE\u0106A DEZ ORANGE \u010cOKO STAKLENK - NET d.o.o.\",\"isPartOf\":{\"@id\":\"https:\/\/staging.gravelight.eu\/#website\"},\"primaryImageOfPage\":{\"@id\":\"https:\/\/staging.gravelight.eu\/en\/trgovina\/mirisna-svijeca-dez-orange-coko-staklenk\/#primaryimage\"},\"image\":{\"@id\":\"https:\/\/staging.gravelight.eu\/en\/trgovina\/mirisna-svijeca-dez-orange-coko-staklenk\/#primaryimage\"},\"thumbnailUrl\":\"https:\/\/staging.gravelight.eu\/wp-content\/uploads\/2022\/11\/10225.A01.005.jpg\",\"datePublished\":\"2022-11-14T10:24:45+00:00\",\"dateModified\":\"2024-10-04T06:44:02+00:00\",\"description\":\"Mirisna svije\u0107a Orange \u010cokolada u staklenoj \u010da\u0161ici sa dekorativnom slikom naran\u010de i \u010dokolade. Svije\u0107a zamamljivo miri\u0161e punih 24 sata.\",\"breadcrumb\":{\"@id\":\"https:\/\/staging.gravelight.eu\/en\/trgovina\/mirisna-svijeca-dez-orange-coko-staklenk\/#breadcrumb\"},\"inLanguage\":\"en-US\",\"potentialAction\":[{\"@type\":\"ReadAction\",\"target\":[\"https:\/\/staging.gravelight.eu\/en\/trgovina\/mirisna-svijeca-dez-orange-coko-staklenk\/\"]}]},{\"@type\":\"ImageObject\",\"inLanguage\":\"en-US\",\"@id\":\"https:\/\/staging.gravelight.eu\/en\/trgovina\/mirisna-svijeca-dez-orange-coko-staklenk\/#primaryimage\",\"url\":\"https:\/\/staging.gravelight.eu\/wp-content\/uploads\/2022\/11\/10225.A01.005.jpg\",\"contentUrl\":\"https:\/\/staging.gravelight.eu\/wp-content\/uploads\/2022\/11\/10225.A01.005.jpg\",\"width\":413,\"height\":500},{\"@type\":\"BreadcrumbList\",\"@id\":\"https:\/\/staging.gravelight.eu\/en\/trgovina\/mirisna-svijeca-dez-orange-coko-staklenk\/#breadcrumb\",\"itemListElement\":[{\"@type\":\"ListItem\",\"position\":1,\"name\":\"Home\",\"item\":\"https:\/\/staging.gravelight.eu\/en\/\"},{\"@type\":\"ListItem\",\"position\":2,\"name\":\"Trgovina\",\"item\":\"https:\/\/staging.gravelight.eu\/en\/trgovina-webshop\/\"},{\"@type\":\"ListItem\",\"position\":3,\"name\":\"MIRISNA SVIJE\u0106A DEZ ORANGE \u010cOKO STAKLENK\"}]},{\"@type\":\"WebSite\",\"@id\":\"https:\/\/staging.gravelight.eu\/#website\",\"url\":\"https:\/\/staging.gravelight.eu\/\",\"name\":\"NET d.o.o.\",\"description\":\"The light and warmth of your home!\",\"publisher\":{\"@id\":\"https:\/\/staging.gravelight.eu\/#organization\"},\"potentialAction\":[{\"@type\":\"SearchAction\",\"target\":{\"@type\":\"EntryPoint\",\"urlTemplate\":\"https:\/\/staging.gravelight.eu\/?s={search_term_string}\"},\"query-input\":{\"@type\":\"PropertyValueSpecification\",\"valueRequired\":true,\"valueName\":\"search_term_string\"}}],\"inLanguage\":\"en-US\"},{\"@type\":\"Organization\",\"@id\":\"https:\/\/staging.gravelight.eu\/#organization\",\"name\":\"NET d.o.o.\",\"url\":\"https:\/\/staging.gravelight.eu\/\",\"logo\":{\"@type\":\"ImageObject\",\"inLanguage\":\"en-US\",\"@id\":\"https:\/\/staging.gravelight.eu\/#\/schema\/logo\/image\/\",\"url\":\"https:\/\/staging.gravelight.eu\/wp-content\/uploads\/cropped-net-ico.png\",\"contentUrl\":\"https:\/\/staging.gravelight.eu\/wp-content\/uploads\/cropped-net-ico.png\",\"width\":512,\"height\":512,\"caption\":\"NET d.o.o.\"},\"image\":{\"@id\":\"https:\/\/staging.gravelight.eu\/#\/schema\/logo\/image\/\"}}]}<\/script>\n<!-- \/ Yoast SEO plugin. -->","yoast_head_json":{"title":"MIRISNA SVIJE\u0106A DEZ ORANGE \u010cOKO STAKLENK - NET d.o.o.","description":"Mirisna svije\u0107a Orange \u010cokolada u staklenoj \u010da\u0161ici sa dekorativnom slikom naran\u010de i \u010dokolade. Svije\u0107a zamamljivo miri\u0161e punih 24 sata.","robots":{"index":"noindex","follow":"follow","max-snippet":"max-snippet:-1","max-image-preview":"max-image-preview:large","max-video-preview":"max-video-preview:-1"},"og_locale":"en_US","og_type":"article","og_title":"MIRISNA SVIJE\u0106A DEZ ORANGE \u010cOKO STAKLENK - NET d.o.o.","og_description":"Mirisna svije\u0107a Orange \u010cokolada u staklenoj \u010da\u0161ici sa dekorativnom slikom naran\u010de i \u010dokolade. Svije\u0107a zamamljivo miri\u0161e punih 24 sata.","og_url":"https:\/\/staging.gravelight.eu\/en\/trgovina\/mirisna-svijeca-dez-orange-coko-staklenk\/","og_site_name":"NET d.o.o.","article_modified_time":"2024-10-04T06:44:02+00:00","og_image":[{"width":413,"height":500,"url":"https:\/\/staging.gravelight.eu\/wp-content\/uploads\/10225.A01.005.jpg","type":"image\/jpeg"}],"twitter_card":"summary_large_image","schema":{"@context":"https:\/\/schema.org","@graph":[{"@type":"WebPage","@id":"https:\/\/staging.gravelight.eu\/en\/trgovina\/mirisna-svijeca-dez-orange-coko-staklenk\/","url":"https:\/\/staging.gravelight.eu\/en\/trgovina\/mirisna-svijeca-dez-orange-coko-staklenk\/","name":"MIRISNA SVIJE\u0106A DEZ ORANGE \u010cOKO STAKLENK - NET d.o.o.","isPartOf":{"@id":"https:\/\/staging.gravelight.eu\/#website"},"primaryImageOfPage":{"@id":"https:\/\/staging.gravelight.eu\/en\/trgovina\/mirisna-svijeca-dez-orange-coko-staklenk\/#primaryimage"},"image":{"@id":"https:\/\/staging.gravelight.eu\/en\/trgovina\/mirisna-svijeca-dez-orange-coko-staklenk\/#primaryimage"},"thumbnailUrl":"https:\/\/staging.gravelight.eu\/wp-content\/uploads\/2022\/11\/10225.A01.005.jpg","datePublished":"2022-11-14T10:24:45+00:00","dateModified":"2024-10-04T06:44:02+00:00","description":"Mirisna svije\u0107a Orange \u010cokolada u staklenoj \u010da\u0161ici sa dekorativnom slikom naran\u010de i \u010dokolade. Svije\u0107a zamamljivo miri\u0161e punih 24 sata.","breadcrumb":{"@id":"https:\/\/staging.gravelight.eu\/en\/trgovina\/mirisna-svijeca-dez-orange-coko-staklenk\/#breadcrumb"},"inLanguage":"en-US","potentialAction":[{"@type":"ReadAction","target":["https:\/\/staging.gravelight.eu\/en\/trgovina\/mirisna-svijeca-dez-orange-coko-staklenk\/"]}]},{"@type":"ImageObject","inLanguage":"en-US","@id":"https:\/\/staging.gravelight.eu\/en\/trgovina\/mirisna-svijeca-dez-orange-coko-staklenk\/#primaryimage","url":"https:\/\/staging.gravelight.eu\/wp-content\/uploads\/2022\/11\/10225.A01.005.jpg","contentUrl":"https:\/\/staging.gravelight.eu\/wp-content\/uploads\/2022\/11\/10225.A01.005.jpg","width":413,"height":500},{"@type":"BreadcrumbList","@id":"https:\/\/staging.gravelight.eu\/en\/trgovina\/mirisna-svijeca-dez-orange-coko-staklenk\/#breadcrumb","itemListElement":[{"@type":"ListItem","position":1,"name":"Home","item":"https:\/\/staging.gravelight.eu\/en\/"},{"@type":"ListItem","position":2,"name":"Trgovina","item":"https:\/\/staging.gravelight.eu\/en\/trgovina-webshop\/"},{"@type":"ListItem","position":3,"name":"MIRISNA SVIJE\u0106A DEZ ORANGE \u010cOKO STAKLENK"}]},{"@type":"WebSite","@id":"https:\/\/staging.gravelight.eu\/#website","url":"https:\/\/staging.gravelight.eu\/","name":"NET d.o.o.","description":"The light and warmth of your home!","publisher":{"@id":"https:\/\/staging.gravelight.eu\/#organization"},"potentialAction":[{"@type":"SearchAction","target":{"@type":"EntryPoint","urlTemplate":"https:\/\/staging.gravelight.eu\/?s={search_term_string}"},"query-input":{"@type":"PropertyValueSpecification","valueRequired":true,"valueName":"search_term_string"}}],"inLanguage":"en-US"},{"@type":"Organization","@id":"https:\/\/staging.gravelight.eu\/#organization","name":"NET d.o.o.","url":"https:\/\/staging.gravelight.eu\/","logo":{"@type":"ImageObject","inLanguage":"en-US","@id":"https:\/\/staging.gravelight.eu\/#\/schema\/logo\/image\/","url":"https:\/\/staging.gravelight.eu\/wp-content\/uploads\/cropped-net-ico.png","contentUrl":"https:\/\/staging.gravelight.eu\/wp-content\/uploads\/cropped-net-ico.png","width":512,"height":512,"caption":"NET d.o.o."},"image":{"@id":"https:\/\/staging.gravelight.eu\/#\/schema\/logo\/image\/"}}]}},"_links":{"self":[{"href":"https:\/\/staging.gravelight.eu\/en\/wp-json\/wp\/v2\/product\/60867","targetHints":{"allow":["GET"]}}],"collection":[{"href":"https:\/\/staging.gravelight.eu\/en\/wp-json\/wp\/v2\/product"}],"about":[{"href":"https:\/\/staging.gravelight.eu\/en\/wp-json\/wp\/v2\/types\/product"}],"replies":[{"embeddable":true,"href":"https:\/\/staging.gravelight.eu\/en\/wp-json\/wp\/v2\/comments?post=60867"}],"wp:featuredmedia":[{"embeddable":true,"href":"https:\/\/staging.gravelight.eu\/en\/wp-json\/wp\/v2\/media\/60877"}],"wp:attachment":[{"href":"https:\/\/staging.gravelight.eu\/en\/wp-json\/wp\/v2\/media?parent=60867"}],"wp:term":[{"taxonomy":"product_brand","embeddable":true,"href":"https:\/\/staging.gravelight.eu\/en\/wp-json\/wp\/v2\/product_brand?post=60867"},{"taxonomy":"product_cat","embeddable":true,"href":"https:\/\/staging.gravelight.eu\/en\/wp-json\/wp\/v2\/product_cat?post=60867"},{"taxonomy":"product_tag","embeddable":true,"href":"https:\/\/staging.gravelight.eu\/en\/wp-json\/wp\/v2\/product_tag?post=60867"}],"curies":[{"name":"wp","href":"https:\/\/api.w.org\/{rel}","templated":true}]}}