{"id":59670,"date":"2022-01-25T10:36:40","date_gmt":"2022-01-25T09:36:40","guid":{"rendered":"https:\/\/staging.gravelight.eu\/?post_type=product&#038;p=59670"},"modified":"2024-10-04T08:58:17","modified_gmt":"2024-10-04T06:58:17","slug":"mirisna-svijeca-san-jantarcherry-stakle","status":"publish","type":"product","link":"https:\/\/staging.gravelight.eu\/en\/trgovina\/mirisna-svijeca-san-jantarcherry-stakle\/","title":{"rendered":"MIRISNA SVIJE\u0106A SAN JANTAR&#038;CHERRY STAKLE"},"content":{"rendered":"","protected":false},"excerpt":{"rendered":"","protected":false},"featured_media":59676,"comment_status":"closed","ping_status":"closed","template":"","meta":{"_acf_changed":false},"product_brand":[],"product_cat":[5140],"product_tag":[43158,43161,43258,53472,53473,54203,54204],"class_list":{"0":"post-59670","1":"product","2":"type-product","3":"status-publish","4":"has-post-thumbnail","6":"product_cat-uncategorized","7":"product_tag-staklenke-en","8":"product_tag-miris-en","9":"product_tag-svijeca-en","10":"product_tag-12196-en","11":"product_tag-5906927035758-en","12":"product_tag-pastel-en","13":"product_tag-tbl9-3-en","15":"first","16":"instock","17":"taxable","18":"shipping-taxable","19":"purchasable","20":"product-type-simple"},"acf":[],"yoast_head":"<!-- This site is optimized with the Yoast SEO plugin v26.9 - https:\/\/yoast.com\/product\/yoast-seo-wordpress\/ -->\n<title>MIRISNA SVIJE\u0106A SAN JANTAR&amp;CHERRY STAKLE - NET d.o.o.<\/title>\n<meta name=\"description\" content=\"Mirisne svije\u0107e u pastelnim bojama i prozirnom staklu modernog su dizajna koji daje nje\u017ean dekorativni naglasak. Svaka od svije\u0107a ima pomno odabran miris koji je sofisticirane kompozicije. Miris tre\u0161nja i jantar. Svije\u0107a gori do 22 sata\" \/>\n<meta name=\"robots\" content=\"noindex, follow, max-snippet:-1, max-image-preview:large, max-video-preview:-1\" \/>\n<meta property=\"og:locale\" content=\"en_US\" \/>\n<meta property=\"og:type\" content=\"article\" \/>\n<meta property=\"og:title\" content=\"MIRISNA SVIJE\u0106A SAN JANTAR&amp;CHERRY STAKLE - NET d.o.o.\" \/>\n<meta property=\"og:description\" content=\"Mirisne svije\u0107e u pastelnim bojama i prozirnom staklu modernog su dizajna koji daje nje\u017ean dekorativni naglasak. Svaka od svije\u0107a ima pomno odabran miris koji je sofisticirane kompozicije. Miris tre\u0161nja i jantar. Svije\u0107a gori do 22 sata\" \/>\n<meta property=\"og:url\" content=\"https:\/\/staging.gravelight.eu\/en\/trgovina\/mirisna-svijeca-san-jantarcherry-stakle\/\" \/>\n<meta property=\"og:site_name\" content=\"NET d.o.o.\" \/>\n<meta property=\"article:modified_time\" content=\"2024-10-04T06:58:17+00:00\" \/>\n<meta property=\"og:image\" content=\"https:\/\/staging.gravelight.eu\/wp-content\/uploads\/12196.A17.052.jpg\" \/>\n\t<meta property=\"og:image:width\" content=\"529\" \/>\n\t<meta property=\"og:image:height\" content=\"354\" \/>\n\t<meta property=\"og:image:type\" content=\"image\/jpeg\" \/>\n<meta name=\"twitter:card\" content=\"summary_large_image\" \/>\n<script type=\"application\/ld+json\" class=\"yoast-schema-graph\">{\"@context\":\"https:\/\/schema.org\",\"@graph\":[{\"@type\":\"WebPage\",\"@id\":\"https:\/\/staging.gravelight.eu\/en\/trgovina\/mirisna-svijeca-san-jantarcherry-stakle\/\",\"url\":\"https:\/\/staging.gravelight.eu\/en\/trgovina\/mirisna-svijeca-san-jantarcherry-stakle\/\",\"name\":\"MIRISNA SVIJE\u0106A SAN JANTAR&CHERRY STAKLE - NET d.o.o.\",\"isPartOf\":{\"@id\":\"https:\/\/staging.gravelight.eu\/#website\"},\"primaryImageOfPage\":{\"@id\":\"https:\/\/staging.gravelight.eu\/en\/trgovina\/mirisna-svijeca-san-jantarcherry-stakle\/#primaryimage\"},\"image\":{\"@id\":\"https:\/\/staging.gravelight.eu\/en\/trgovina\/mirisna-svijeca-san-jantarcherry-stakle\/#primaryimage\"},\"thumbnailUrl\":\"https:\/\/staging.gravelight.eu\/wp-content\/uploads\/2022\/01\/12196.A17.052.jpg\",\"datePublished\":\"2022-01-25T09:36:40+00:00\",\"dateModified\":\"2024-10-04T06:58:17+00:00\",\"description\":\"Mirisne svije\u0107e u pastelnim bojama i prozirnom staklu modernog su dizajna koji daje nje\u017ean dekorativni naglasak. Svaka od svije\u0107a ima pomno odabran miris koji je sofisticirane kompozicije. Miris tre\u0161nja i jantar. Svije\u0107a gori do 22 sata\",\"breadcrumb\":{\"@id\":\"https:\/\/staging.gravelight.eu\/en\/trgovina\/mirisna-svijeca-san-jantarcherry-stakle\/#breadcrumb\"},\"inLanguage\":\"en-US\",\"potentialAction\":[{\"@type\":\"ReadAction\",\"target\":[\"https:\/\/staging.gravelight.eu\/en\/trgovina\/mirisna-svijeca-san-jantarcherry-stakle\/\"]}]},{\"@type\":\"ImageObject\",\"inLanguage\":\"en-US\",\"@id\":\"https:\/\/staging.gravelight.eu\/en\/trgovina\/mirisna-svijeca-san-jantarcherry-stakle\/#primaryimage\",\"url\":\"https:\/\/staging.gravelight.eu\/wp-content\/uploads\/2022\/01\/12196.A17.052.jpg\",\"contentUrl\":\"https:\/\/staging.gravelight.eu\/wp-content\/uploads\/2022\/01\/12196.A17.052.jpg\",\"width\":529,\"height\":354},{\"@type\":\"BreadcrumbList\",\"@id\":\"https:\/\/staging.gravelight.eu\/en\/trgovina\/mirisna-svijeca-san-jantarcherry-stakle\/#breadcrumb\",\"itemListElement\":[{\"@type\":\"ListItem\",\"position\":1,\"name\":\"Home\",\"item\":\"https:\/\/staging.gravelight.eu\/en\/\"},{\"@type\":\"ListItem\",\"position\":2,\"name\":\"Trgovina\",\"item\":\"https:\/\/staging.gravelight.eu\/en\/trgovina-webshop\/\"},{\"@type\":\"ListItem\",\"position\":3,\"name\":\"MIRISNA SVIJE\u0106A SAN JANTAR&#038;CHERRY STAKLE\"}]},{\"@type\":\"WebSite\",\"@id\":\"https:\/\/staging.gravelight.eu\/#website\",\"url\":\"https:\/\/staging.gravelight.eu\/\",\"name\":\"NET d.o.o.\",\"description\":\"The light and warmth of your home!\",\"publisher\":{\"@id\":\"https:\/\/staging.gravelight.eu\/#organization\"},\"potentialAction\":[{\"@type\":\"SearchAction\",\"target\":{\"@type\":\"EntryPoint\",\"urlTemplate\":\"https:\/\/staging.gravelight.eu\/?s={search_term_string}\"},\"query-input\":{\"@type\":\"PropertyValueSpecification\",\"valueRequired\":true,\"valueName\":\"search_term_string\"}}],\"inLanguage\":\"en-US\"},{\"@type\":\"Organization\",\"@id\":\"https:\/\/staging.gravelight.eu\/#organization\",\"name\":\"NET d.o.o.\",\"url\":\"https:\/\/staging.gravelight.eu\/\",\"logo\":{\"@type\":\"ImageObject\",\"inLanguage\":\"en-US\",\"@id\":\"https:\/\/staging.gravelight.eu\/#\/schema\/logo\/image\/\",\"url\":\"https:\/\/staging.gravelight.eu\/wp-content\/uploads\/cropped-net-ico.png\",\"contentUrl\":\"https:\/\/staging.gravelight.eu\/wp-content\/uploads\/cropped-net-ico.png\",\"width\":512,\"height\":512,\"caption\":\"NET d.o.o.\"},\"image\":{\"@id\":\"https:\/\/staging.gravelight.eu\/#\/schema\/logo\/image\/\"}}]}<\/script>\n<!-- \/ Yoast SEO plugin. -->","yoast_head_json":{"title":"MIRISNA SVIJE\u0106A SAN JANTAR&CHERRY STAKLE - NET d.o.o.","description":"Mirisne svije\u0107e u pastelnim bojama i prozirnom staklu modernog su dizajna koji daje nje\u017ean dekorativni naglasak. Svaka od svije\u0107a ima pomno odabran miris koji je sofisticirane kompozicije. Miris tre\u0161nja i jantar. Svije\u0107a gori do 22 sata","robots":{"index":"noindex","follow":"follow","max-snippet":"max-snippet:-1","max-image-preview":"max-image-preview:large","max-video-preview":"max-video-preview:-1"},"og_locale":"en_US","og_type":"article","og_title":"MIRISNA SVIJE\u0106A SAN JANTAR&CHERRY STAKLE - NET d.o.o.","og_description":"Mirisne svije\u0107e u pastelnim bojama i prozirnom staklu modernog su dizajna koji daje nje\u017ean dekorativni naglasak. Svaka od svije\u0107a ima pomno odabran miris koji je sofisticirane kompozicije. Miris tre\u0161nja i jantar. Svije\u0107a gori do 22 sata","og_url":"https:\/\/staging.gravelight.eu\/en\/trgovina\/mirisna-svijeca-san-jantarcherry-stakle\/","og_site_name":"NET d.o.o.","article_modified_time":"2024-10-04T06:58:17+00:00","og_image":[{"width":529,"height":354,"url":"https:\/\/staging.gravelight.eu\/wp-content\/uploads\/12196.A17.052.jpg","type":"image\/jpeg"}],"twitter_card":"summary_large_image","schema":{"@context":"https:\/\/schema.org","@graph":[{"@type":"WebPage","@id":"https:\/\/staging.gravelight.eu\/en\/trgovina\/mirisna-svijeca-san-jantarcherry-stakle\/","url":"https:\/\/staging.gravelight.eu\/en\/trgovina\/mirisna-svijeca-san-jantarcherry-stakle\/","name":"MIRISNA SVIJE\u0106A SAN JANTAR&CHERRY STAKLE - NET d.o.o.","isPartOf":{"@id":"https:\/\/staging.gravelight.eu\/#website"},"primaryImageOfPage":{"@id":"https:\/\/staging.gravelight.eu\/en\/trgovina\/mirisna-svijeca-san-jantarcherry-stakle\/#primaryimage"},"image":{"@id":"https:\/\/staging.gravelight.eu\/en\/trgovina\/mirisna-svijeca-san-jantarcherry-stakle\/#primaryimage"},"thumbnailUrl":"https:\/\/staging.gravelight.eu\/wp-content\/uploads\/2022\/01\/12196.A17.052.jpg","datePublished":"2022-01-25T09:36:40+00:00","dateModified":"2024-10-04T06:58:17+00:00","description":"Mirisne svije\u0107e u pastelnim bojama i prozirnom staklu modernog su dizajna koji daje nje\u017ean dekorativni naglasak. Svaka od svije\u0107a ima pomno odabran miris koji je sofisticirane kompozicije. Miris tre\u0161nja i jantar. Svije\u0107a gori do 22 sata","breadcrumb":{"@id":"https:\/\/staging.gravelight.eu\/en\/trgovina\/mirisna-svijeca-san-jantarcherry-stakle\/#breadcrumb"},"inLanguage":"en-US","potentialAction":[{"@type":"ReadAction","target":["https:\/\/staging.gravelight.eu\/en\/trgovina\/mirisna-svijeca-san-jantarcherry-stakle\/"]}]},{"@type":"ImageObject","inLanguage":"en-US","@id":"https:\/\/staging.gravelight.eu\/en\/trgovina\/mirisna-svijeca-san-jantarcherry-stakle\/#primaryimage","url":"https:\/\/staging.gravelight.eu\/wp-content\/uploads\/2022\/01\/12196.A17.052.jpg","contentUrl":"https:\/\/staging.gravelight.eu\/wp-content\/uploads\/2022\/01\/12196.A17.052.jpg","width":529,"height":354},{"@type":"BreadcrumbList","@id":"https:\/\/staging.gravelight.eu\/en\/trgovina\/mirisna-svijeca-san-jantarcherry-stakle\/#breadcrumb","itemListElement":[{"@type":"ListItem","position":1,"name":"Home","item":"https:\/\/staging.gravelight.eu\/en\/"},{"@type":"ListItem","position":2,"name":"Trgovina","item":"https:\/\/staging.gravelight.eu\/en\/trgovina-webshop\/"},{"@type":"ListItem","position":3,"name":"MIRISNA SVIJE\u0106A SAN JANTAR&#038;CHERRY STAKLE"}]},{"@type":"WebSite","@id":"https:\/\/staging.gravelight.eu\/#website","url":"https:\/\/staging.gravelight.eu\/","name":"NET d.o.o.","description":"The light and warmth of your home!","publisher":{"@id":"https:\/\/staging.gravelight.eu\/#organization"},"potentialAction":[{"@type":"SearchAction","target":{"@type":"EntryPoint","urlTemplate":"https:\/\/staging.gravelight.eu\/?s={search_term_string}"},"query-input":{"@type":"PropertyValueSpecification","valueRequired":true,"valueName":"search_term_string"}}],"inLanguage":"en-US"},{"@type":"Organization","@id":"https:\/\/staging.gravelight.eu\/#organization","name":"NET d.o.o.","url":"https:\/\/staging.gravelight.eu\/","logo":{"@type":"ImageObject","inLanguage":"en-US","@id":"https:\/\/staging.gravelight.eu\/#\/schema\/logo\/image\/","url":"https:\/\/staging.gravelight.eu\/wp-content\/uploads\/cropped-net-ico.png","contentUrl":"https:\/\/staging.gravelight.eu\/wp-content\/uploads\/cropped-net-ico.png","width":512,"height":512,"caption":"NET d.o.o."},"image":{"@id":"https:\/\/staging.gravelight.eu\/#\/schema\/logo\/image\/"}}]}},"_links":{"self":[{"href":"https:\/\/staging.gravelight.eu\/en\/wp-json\/wp\/v2\/product\/59670","targetHints":{"allow":["GET"]}}],"collection":[{"href":"https:\/\/staging.gravelight.eu\/en\/wp-json\/wp\/v2\/product"}],"about":[{"href":"https:\/\/staging.gravelight.eu\/en\/wp-json\/wp\/v2\/types\/product"}],"replies":[{"embeddable":true,"href":"https:\/\/staging.gravelight.eu\/en\/wp-json\/wp\/v2\/comments?post=59670"}],"wp:featuredmedia":[{"embeddable":true,"href":"https:\/\/staging.gravelight.eu\/en\/wp-json\/wp\/v2\/media\/59676"}],"wp:attachment":[{"href":"https:\/\/staging.gravelight.eu\/en\/wp-json\/wp\/v2\/media?parent=59670"}],"wp:term":[{"taxonomy":"product_brand","embeddable":true,"href":"https:\/\/staging.gravelight.eu\/en\/wp-json\/wp\/v2\/product_brand?post=59670"},{"taxonomy":"product_cat","embeddable":true,"href":"https:\/\/staging.gravelight.eu\/en\/wp-json\/wp\/v2\/product_cat?post=59670"},{"taxonomy":"product_tag","embeddable":true,"href":"https:\/\/staging.gravelight.eu\/en\/wp-json\/wp\/v2\/product_tag?post=59670"}],"curies":[{"name":"wp","href":"https:\/\/api.w.org\/{rel}","templated":true}]}}