{"id":59575,"date":"2022-01-24T10:28:57","date_gmt":"2022-01-24T09:28:57","guid":{"rendered":"https:\/\/staging.gravelight.eu\/?post_type=product&#038;p=59575"},"modified":"2024-10-04T08:58:23","modified_gmt":"2024-10-04T06:58:23","slug":"mirisna-svijeca-rose-staklenka-wooden-st","status":"publish","type":"product","link":"https:\/\/staging.gravelight.eu\/en\/trgovina\/mirisna-svijeca-rose-staklenka-wooden-st\/","title":{"rendered":"MIRISNA SVIJE\u0106A ROSE STAKLENKA WOODEN ST"},"content":{"rendered":"","protected":false},"excerpt":{"rendered":"","protected":false},"featured_media":59581,"comment_status":"closed","ping_status":"closed","template":"","meta":{"_acf_changed":false},"product_brand":[],"product_cat":[5140],"product_tag":[54214,54215,43158,43161,53376,53377,54213],"class_list":{"0":"post-59575","1":"product","2":"type-product","3":"status-publish","4":"has-post-thumbnail","6":"product_cat-uncategorized","7":"product_tag-stijen-en","8":"product_tag-tbl2-4-en","9":"product_tag-staklenke-en","10":"product_tag-miris-en","11":"product_tag-12199-en","12":"product_tag-5906927038636-en","13":"product_tag-drveni-en","15":"first","16":"instock","17":"taxable","18":"shipping-taxable","19":"purchasable","20":"product-type-simple"},"acf":[],"yoast_head":"<!-- This site is optimized with the Yoast SEO plugin v26.9 - https:\/\/yoast.com\/product\/yoast-seo-wordpress\/ -->\n<title>MIRISNA SVIJE\u0106A ROSE STAKLENKA WOODEN ST - NET d.o.o.<\/title>\n<meta name=\"description\" content=\"Na\u0161e mirisne svije\u0107e drvenog fitilja prate aktualne trendove. Elegantan i moderan dizajn, jedinstveni mirisi i ekolo\u0161ka ambala\u017ea. Fitilj od prirodnog drva stvara jedinstven zvu\u010dni efekt, opona\u0161aju\u0107i zvuk kamina. Nabavite na\u0161e nove proizvode i ispunite svoj interijer plemenitim mirisom. Mirisna svije\u0107a Rose Wodden ST gori do 34 sata\" \/>\n<meta name=\"robots\" content=\"noindex, follow, max-snippet:-1, max-image-preview:large, max-video-preview:-1\" \/>\n<meta property=\"og:locale\" content=\"en_US\" \/>\n<meta property=\"og:type\" content=\"article\" \/>\n<meta property=\"og:title\" content=\"MIRISNA SVIJE\u0106A ROSE STAKLENKA WOODEN ST - NET d.o.o.\" \/>\n<meta property=\"og:description\" content=\"Na\u0161e mirisne svije\u0107e drvenog fitilja prate aktualne trendove. Elegantan i moderan dizajn, jedinstveni mirisi i ekolo\u0161ka ambala\u017ea. Fitilj od prirodnog drva stvara jedinstven zvu\u010dni efekt, opona\u0161aju\u0107i zvuk kamina. Nabavite na\u0161e nove proizvode i ispunite svoj interijer plemenitim mirisom. Mirisna svije\u0107a Rose Wodden ST gori do 34 sata\" \/>\n<meta property=\"og:url\" content=\"https:\/\/staging.gravelight.eu\/en\/trgovina\/mirisna-svijeca-rose-staklenka-wooden-st\/\" \/>\n<meta property=\"og:site_name\" content=\"NET d.o.o.\" \/>\n<meta property=\"article:modified_time\" content=\"2024-10-04T06:58:23+00:00\" \/>\n<meta property=\"og:image\" content=\"https:\/\/staging.gravelight.eu\/wp-content\/uploads\/12199.A02.026.jpg\" \/>\n\t<meta property=\"og:image:width\" content=\"529\" \/>\n\t<meta property=\"og:image:height\" content=\"381\" \/>\n\t<meta property=\"og:image:type\" content=\"image\/jpeg\" \/>\n<meta name=\"twitter:card\" content=\"summary_large_image\" \/>\n<script type=\"application\/ld+json\" class=\"yoast-schema-graph\">{\"@context\":\"https:\/\/schema.org\",\"@graph\":[{\"@type\":\"WebPage\",\"@id\":\"https:\/\/staging.gravelight.eu\/en\/trgovina\/mirisna-svijeca-rose-staklenka-wooden-st\/\",\"url\":\"https:\/\/staging.gravelight.eu\/en\/trgovina\/mirisna-svijeca-rose-staklenka-wooden-st\/\",\"name\":\"MIRISNA SVIJE\u0106A ROSE STAKLENKA WOODEN ST - NET d.o.o.\",\"isPartOf\":{\"@id\":\"https:\/\/staging.gravelight.eu\/#website\"},\"primaryImageOfPage\":{\"@id\":\"https:\/\/staging.gravelight.eu\/en\/trgovina\/mirisna-svijeca-rose-staklenka-wooden-st\/#primaryimage\"},\"image\":{\"@id\":\"https:\/\/staging.gravelight.eu\/en\/trgovina\/mirisna-svijeca-rose-staklenka-wooden-st\/#primaryimage\"},\"thumbnailUrl\":\"https:\/\/staging.gravelight.eu\/wp-content\/uploads\/2022\/01\/12199.A02.026.jpg\",\"datePublished\":\"2022-01-24T09:28:57+00:00\",\"dateModified\":\"2024-10-04T06:58:23+00:00\",\"description\":\"Na\u0161e mirisne svije\u0107e drvenog fitilja prate aktualne trendove. Elegantan i moderan dizajn, jedinstveni mirisi i ekolo\u0161ka ambala\u017ea. Fitilj od prirodnog drva stvara jedinstven zvu\u010dni efekt, opona\u0161aju\u0107i zvuk kamina. Nabavite na\u0161e nove proizvode i ispunite svoj interijer plemenitim mirisom. Mirisna svije\u0107a Rose Wodden ST gori do 34 sata\",\"breadcrumb\":{\"@id\":\"https:\/\/staging.gravelight.eu\/en\/trgovina\/mirisna-svijeca-rose-staklenka-wooden-st\/#breadcrumb\"},\"inLanguage\":\"en-US\",\"potentialAction\":[{\"@type\":\"ReadAction\",\"target\":[\"https:\/\/staging.gravelight.eu\/en\/trgovina\/mirisna-svijeca-rose-staklenka-wooden-st\/\"]}]},{\"@type\":\"ImageObject\",\"inLanguage\":\"en-US\",\"@id\":\"https:\/\/staging.gravelight.eu\/en\/trgovina\/mirisna-svijeca-rose-staklenka-wooden-st\/#primaryimage\",\"url\":\"https:\/\/staging.gravelight.eu\/wp-content\/uploads\/2022\/01\/12199.A02.026.jpg\",\"contentUrl\":\"https:\/\/staging.gravelight.eu\/wp-content\/uploads\/2022\/01\/12199.A02.026.jpg\",\"width\":529,\"height\":381},{\"@type\":\"BreadcrumbList\",\"@id\":\"https:\/\/staging.gravelight.eu\/en\/trgovina\/mirisna-svijeca-rose-staklenka-wooden-st\/#breadcrumb\",\"itemListElement\":[{\"@type\":\"ListItem\",\"position\":1,\"name\":\"Home\",\"item\":\"https:\/\/staging.gravelight.eu\/en\/\"},{\"@type\":\"ListItem\",\"position\":2,\"name\":\"Trgovina\",\"item\":\"https:\/\/staging.gravelight.eu\/en\/trgovina-webshop\/\"},{\"@type\":\"ListItem\",\"position\":3,\"name\":\"MIRISNA SVIJE\u0106A ROSE STAKLENKA WOODEN ST\"}]},{\"@type\":\"WebSite\",\"@id\":\"https:\/\/staging.gravelight.eu\/#website\",\"url\":\"https:\/\/staging.gravelight.eu\/\",\"name\":\"NET d.o.o.\",\"description\":\"The light and warmth of your home!\",\"publisher\":{\"@id\":\"https:\/\/staging.gravelight.eu\/#organization\"},\"potentialAction\":[{\"@type\":\"SearchAction\",\"target\":{\"@type\":\"EntryPoint\",\"urlTemplate\":\"https:\/\/staging.gravelight.eu\/?s={search_term_string}\"},\"query-input\":{\"@type\":\"PropertyValueSpecification\",\"valueRequired\":true,\"valueName\":\"search_term_string\"}}],\"inLanguage\":\"en-US\"},{\"@type\":\"Organization\",\"@id\":\"https:\/\/staging.gravelight.eu\/#organization\",\"name\":\"NET d.o.o.\",\"url\":\"https:\/\/staging.gravelight.eu\/\",\"logo\":{\"@type\":\"ImageObject\",\"inLanguage\":\"en-US\",\"@id\":\"https:\/\/staging.gravelight.eu\/#\/schema\/logo\/image\/\",\"url\":\"https:\/\/staging.gravelight.eu\/wp-content\/uploads\/cropped-net-ico.png\",\"contentUrl\":\"https:\/\/staging.gravelight.eu\/wp-content\/uploads\/cropped-net-ico.png\",\"width\":512,\"height\":512,\"caption\":\"NET d.o.o.\"},\"image\":{\"@id\":\"https:\/\/staging.gravelight.eu\/#\/schema\/logo\/image\/\"}}]}<\/script>\n<!-- \/ Yoast SEO plugin. -->","yoast_head_json":{"title":"MIRISNA SVIJE\u0106A ROSE STAKLENKA WOODEN ST - NET d.o.o.","description":"Na\u0161e mirisne svije\u0107e drvenog fitilja prate aktualne trendove. Elegantan i moderan dizajn, jedinstveni mirisi i ekolo\u0161ka ambala\u017ea. Fitilj od prirodnog drva stvara jedinstven zvu\u010dni efekt, opona\u0161aju\u0107i zvuk kamina. Nabavite na\u0161e nove proizvode i ispunite svoj interijer plemenitim mirisom. Mirisna svije\u0107a Rose Wodden ST gori do 34 sata","robots":{"index":"noindex","follow":"follow","max-snippet":"max-snippet:-1","max-image-preview":"max-image-preview:large","max-video-preview":"max-video-preview:-1"},"og_locale":"en_US","og_type":"article","og_title":"MIRISNA SVIJE\u0106A ROSE STAKLENKA WOODEN ST - NET d.o.o.","og_description":"Na\u0161e mirisne svije\u0107e drvenog fitilja prate aktualne trendove. Elegantan i moderan dizajn, jedinstveni mirisi i ekolo\u0161ka ambala\u017ea. Fitilj od prirodnog drva stvara jedinstven zvu\u010dni efekt, opona\u0161aju\u0107i zvuk kamina. Nabavite na\u0161e nove proizvode i ispunite svoj interijer plemenitim mirisom. Mirisna svije\u0107a Rose Wodden ST gori do 34 sata","og_url":"https:\/\/staging.gravelight.eu\/en\/trgovina\/mirisna-svijeca-rose-staklenka-wooden-st\/","og_site_name":"NET d.o.o.","article_modified_time":"2024-10-04T06:58:23+00:00","og_image":[{"width":529,"height":381,"url":"https:\/\/staging.gravelight.eu\/wp-content\/uploads\/12199.A02.026.jpg","type":"image\/jpeg"}],"twitter_card":"summary_large_image","schema":{"@context":"https:\/\/schema.org","@graph":[{"@type":"WebPage","@id":"https:\/\/staging.gravelight.eu\/en\/trgovina\/mirisna-svijeca-rose-staklenka-wooden-st\/","url":"https:\/\/staging.gravelight.eu\/en\/trgovina\/mirisna-svijeca-rose-staklenka-wooden-st\/","name":"MIRISNA SVIJE\u0106A ROSE STAKLENKA WOODEN ST - NET d.o.o.","isPartOf":{"@id":"https:\/\/staging.gravelight.eu\/#website"},"primaryImageOfPage":{"@id":"https:\/\/staging.gravelight.eu\/en\/trgovina\/mirisna-svijeca-rose-staklenka-wooden-st\/#primaryimage"},"image":{"@id":"https:\/\/staging.gravelight.eu\/en\/trgovina\/mirisna-svijeca-rose-staklenka-wooden-st\/#primaryimage"},"thumbnailUrl":"https:\/\/staging.gravelight.eu\/wp-content\/uploads\/2022\/01\/12199.A02.026.jpg","datePublished":"2022-01-24T09:28:57+00:00","dateModified":"2024-10-04T06:58:23+00:00","description":"Na\u0161e mirisne svije\u0107e drvenog fitilja prate aktualne trendove. Elegantan i moderan dizajn, jedinstveni mirisi i ekolo\u0161ka ambala\u017ea. Fitilj od prirodnog drva stvara jedinstven zvu\u010dni efekt, opona\u0161aju\u0107i zvuk kamina. Nabavite na\u0161e nove proizvode i ispunite svoj interijer plemenitim mirisom. Mirisna svije\u0107a Rose Wodden ST gori do 34 sata","breadcrumb":{"@id":"https:\/\/staging.gravelight.eu\/en\/trgovina\/mirisna-svijeca-rose-staklenka-wooden-st\/#breadcrumb"},"inLanguage":"en-US","potentialAction":[{"@type":"ReadAction","target":["https:\/\/staging.gravelight.eu\/en\/trgovina\/mirisna-svijeca-rose-staklenka-wooden-st\/"]}]},{"@type":"ImageObject","inLanguage":"en-US","@id":"https:\/\/staging.gravelight.eu\/en\/trgovina\/mirisna-svijeca-rose-staklenka-wooden-st\/#primaryimage","url":"https:\/\/staging.gravelight.eu\/wp-content\/uploads\/2022\/01\/12199.A02.026.jpg","contentUrl":"https:\/\/staging.gravelight.eu\/wp-content\/uploads\/2022\/01\/12199.A02.026.jpg","width":529,"height":381},{"@type":"BreadcrumbList","@id":"https:\/\/staging.gravelight.eu\/en\/trgovina\/mirisna-svijeca-rose-staklenka-wooden-st\/#breadcrumb","itemListElement":[{"@type":"ListItem","position":1,"name":"Home","item":"https:\/\/staging.gravelight.eu\/en\/"},{"@type":"ListItem","position":2,"name":"Trgovina","item":"https:\/\/staging.gravelight.eu\/en\/trgovina-webshop\/"},{"@type":"ListItem","position":3,"name":"MIRISNA SVIJE\u0106A ROSE STAKLENKA WOODEN ST"}]},{"@type":"WebSite","@id":"https:\/\/staging.gravelight.eu\/#website","url":"https:\/\/staging.gravelight.eu\/","name":"NET d.o.o.","description":"The light and warmth of your home!","publisher":{"@id":"https:\/\/staging.gravelight.eu\/#organization"},"potentialAction":[{"@type":"SearchAction","target":{"@type":"EntryPoint","urlTemplate":"https:\/\/staging.gravelight.eu\/?s={search_term_string}"},"query-input":{"@type":"PropertyValueSpecification","valueRequired":true,"valueName":"search_term_string"}}],"inLanguage":"en-US"},{"@type":"Organization","@id":"https:\/\/staging.gravelight.eu\/#organization","name":"NET d.o.o.","url":"https:\/\/staging.gravelight.eu\/","logo":{"@type":"ImageObject","inLanguage":"en-US","@id":"https:\/\/staging.gravelight.eu\/#\/schema\/logo\/image\/","url":"https:\/\/staging.gravelight.eu\/wp-content\/uploads\/cropped-net-ico.png","contentUrl":"https:\/\/staging.gravelight.eu\/wp-content\/uploads\/cropped-net-ico.png","width":512,"height":512,"caption":"NET d.o.o."},"image":{"@id":"https:\/\/staging.gravelight.eu\/#\/schema\/logo\/image\/"}}]}},"_links":{"self":[{"href":"https:\/\/staging.gravelight.eu\/en\/wp-json\/wp\/v2\/product\/59575","targetHints":{"allow":["GET"]}}],"collection":[{"href":"https:\/\/staging.gravelight.eu\/en\/wp-json\/wp\/v2\/product"}],"about":[{"href":"https:\/\/staging.gravelight.eu\/en\/wp-json\/wp\/v2\/types\/product"}],"replies":[{"embeddable":true,"href":"https:\/\/staging.gravelight.eu\/en\/wp-json\/wp\/v2\/comments?post=59575"}],"wp:featuredmedia":[{"embeddable":true,"href":"https:\/\/staging.gravelight.eu\/en\/wp-json\/wp\/v2\/media\/59581"}],"wp:attachment":[{"href":"https:\/\/staging.gravelight.eu\/en\/wp-json\/wp\/v2\/media?parent=59575"}],"wp:term":[{"taxonomy":"product_brand","embeddable":true,"href":"https:\/\/staging.gravelight.eu\/en\/wp-json\/wp\/v2\/product_brand?post=59575"},{"taxonomy":"product_cat","embeddable":true,"href":"https:\/\/staging.gravelight.eu\/en\/wp-json\/wp\/v2\/product_cat?post=59575"},{"taxonomy":"product_tag","embeddable":true,"href":"https:\/\/staging.gravelight.eu\/en\/wp-json\/wp\/v2\/product_tag?post=59575"}],"curies":[{"name":"wp","href":"https:\/\/api.w.org\/{rel}","templated":true}]}}