{"id":59463,"date":"2021-12-28T09:42:26","date_gmt":"2021-12-28T08:42:26","guid":{"rendered":"https:\/\/staging.gravelight.eu\/?post_type=product&#038;p=59463"},"modified":"2024-10-04T08:55:21","modified_gmt":"2024-10-04T06:55:21","slug":"mirisna-svijeca-dezi-wfxm-stakleni-lampi","status":"publish","type":"product","link":"https:\/\/staging.gravelight.eu\/en\/trgovina\/mirisna-svijeca-dezi-wfxm-stakleni-lampi\/","title":{"rendered":"MIRISNA SVIJE\u0106A DEZI WFXM STAKLENI LAMPI"},"content":{"rendered":"","protected":false},"excerpt":{"rendered":"","protected":false},"featured_media":59466,"comment_status":"closed","ping_status":"closed","template":"","meta":{"_acf_changed":false},"product_brand":[],"product_cat":[1517],"product_tag":[43232,43233,43234,43258,43275,43276,43277,43278,53352,53353],"class_list":{"0":"post-59463","1":"product","2":"type-product","3":"status-publish","4":"has-post-thumbnail","6":"product_cat-scented-candles-in-glass-en","7":"product_tag-staklene-en","8":"product_tag-dezen-en","9":"product_tag-color-en","10":"product_tag-svijeca-en","11":"product_tag-dezi-en","12":"product_tag-tbl1-1-en","13":"product_tag-mirisna-en","14":"product_tag-folia-en","15":"product_tag-11982-en","16":"product_tag-5906927034300-en","18":"first","19":"outofstock","20":"taxable","21":"shipping-taxable","22":"purchasable","23":"product-type-simple"},"acf":[],"yoast_head":"<!-- This site is optimized with the Yoast SEO plugin v26.9 - https:\/\/yoast.com\/product\/yoast-seo-wordpress\/ -->\n<title>MIRISNA SVIJE\u0106A DEZI WFXM STAKLENI LAMPI - NET d.o.o.<\/title>\n<meta name=\"description\" content=\"Mirisna svije\u0107a dezi winter, blagog mirisa i privla\u010dnog bo\u017ei\u0107no novogodi\u0161njeg dizajna u poklon kutiji. Svije\u0107a gori do 20 sati.\" \/>\n<meta name=\"robots\" content=\"noindex, follow, max-snippet:-1, max-image-preview:large, max-video-preview:-1\" \/>\n<meta property=\"og:locale\" content=\"en_US\" \/>\n<meta property=\"og:type\" content=\"article\" \/>\n<meta property=\"og:title\" content=\"MIRISNA SVIJE\u0106A DEZI WFXM STAKLENI LAMPI - NET d.o.o.\" \/>\n<meta property=\"og:description\" content=\"Mirisna svije\u0107a dezi winter, blagog mirisa i privla\u010dnog bo\u017ei\u0107no novogodi\u0161njeg dizajna u poklon kutiji. Svije\u0107a gori do 20 sati.\" \/>\n<meta property=\"og:url\" content=\"https:\/\/staging.gravelight.eu\/en\/trgovina\/mirisna-svijeca-dezi-wfxm-stakleni-lampi\/\" \/>\n<meta property=\"og:site_name\" content=\"NET d.o.o.\" \/>\n<meta property=\"article:modified_time\" content=\"2024-10-04T06:55:21+00:00\" \/>\n<meta property=\"og:image\" content=\"https:\/\/staging.gravelight.eu\/wp-content\/uploads\/11982.A27.031.jpg\" \/>\n\t<meta property=\"og:image:width\" content=\"529\" \/>\n\t<meta property=\"og:image:height\" content=\"458\" \/>\n\t<meta property=\"og:image:type\" content=\"image\/jpeg\" \/>\n<meta name=\"twitter:card\" content=\"summary_large_image\" \/>\n<script type=\"application\/ld+json\" class=\"yoast-schema-graph\">{\"@context\":\"https:\/\/schema.org\",\"@graph\":[{\"@type\":\"WebPage\",\"@id\":\"https:\/\/staging.gravelight.eu\/en\/trgovina\/mirisna-svijeca-dezi-wfxm-stakleni-lampi\/\",\"url\":\"https:\/\/staging.gravelight.eu\/en\/trgovina\/mirisna-svijeca-dezi-wfxm-stakleni-lampi\/\",\"name\":\"MIRISNA SVIJE\u0106A DEZI WFXM STAKLENI LAMPI - NET d.o.o.\",\"isPartOf\":{\"@id\":\"https:\/\/staging.gravelight.eu\/#website\"},\"primaryImageOfPage\":{\"@id\":\"https:\/\/staging.gravelight.eu\/en\/trgovina\/mirisna-svijeca-dezi-wfxm-stakleni-lampi\/#primaryimage\"},\"image\":{\"@id\":\"https:\/\/staging.gravelight.eu\/en\/trgovina\/mirisna-svijeca-dezi-wfxm-stakleni-lampi\/#primaryimage\"},\"thumbnailUrl\":\"https:\/\/staging.gravelight.eu\/wp-content\/uploads\/2021\/12\/11982.A27.031.jpg\",\"datePublished\":\"2021-12-28T08:42:26+00:00\",\"dateModified\":\"2024-10-04T06:55:21+00:00\",\"description\":\"Mirisna svije\u0107a dezi winter, blagog mirisa i privla\u010dnog bo\u017ei\u0107no novogodi\u0161njeg dizajna u poklon kutiji. Svije\u0107a gori do 20 sati.\",\"breadcrumb\":{\"@id\":\"https:\/\/staging.gravelight.eu\/en\/trgovina\/mirisna-svijeca-dezi-wfxm-stakleni-lampi\/#breadcrumb\"},\"inLanguage\":\"en-US\",\"potentialAction\":[{\"@type\":\"ReadAction\",\"target\":[\"https:\/\/staging.gravelight.eu\/en\/trgovina\/mirisna-svijeca-dezi-wfxm-stakleni-lampi\/\"]}]},{\"@type\":\"ImageObject\",\"inLanguage\":\"en-US\",\"@id\":\"https:\/\/staging.gravelight.eu\/en\/trgovina\/mirisna-svijeca-dezi-wfxm-stakleni-lampi\/#primaryimage\",\"url\":\"https:\/\/staging.gravelight.eu\/wp-content\/uploads\/2021\/12\/11982.A27.031.jpg\",\"contentUrl\":\"https:\/\/staging.gravelight.eu\/wp-content\/uploads\/2021\/12\/11982.A27.031.jpg\",\"width\":529,\"height\":458},{\"@type\":\"BreadcrumbList\",\"@id\":\"https:\/\/staging.gravelight.eu\/en\/trgovina\/mirisna-svijeca-dezi-wfxm-stakleni-lampi\/#breadcrumb\",\"itemListElement\":[{\"@type\":\"ListItem\",\"position\":1,\"name\":\"Home\",\"item\":\"https:\/\/staging.gravelight.eu\/en\/\"},{\"@type\":\"ListItem\",\"position\":2,\"name\":\"Trgovina\",\"item\":\"https:\/\/staging.gravelight.eu\/en\/trgovina-webshop\/\"},{\"@type\":\"ListItem\",\"position\":3,\"name\":\"MIRISNA SVIJE\u0106A DEZI WFXM STAKLENI LAMPI\"}]},{\"@type\":\"WebSite\",\"@id\":\"https:\/\/staging.gravelight.eu\/#website\",\"url\":\"https:\/\/staging.gravelight.eu\/\",\"name\":\"NET d.o.o.\",\"description\":\"The light and warmth of your home!\",\"publisher\":{\"@id\":\"https:\/\/staging.gravelight.eu\/#organization\"},\"potentialAction\":[{\"@type\":\"SearchAction\",\"target\":{\"@type\":\"EntryPoint\",\"urlTemplate\":\"https:\/\/staging.gravelight.eu\/?s={search_term_string}\"},\"query-input\":{\"@type\":\"PropertyValueSpecification\",\"valueRequired\":true,\"valueName\":\"search_term_string\"}}],\"inLanguage\":\"en-US\"},{\"@type\":\"Organization\",\"@id\":\"https:\/\/staging.gravelight.eu\/#organization\",\"name\":\"NET d.o.o.\",\"url\":\"https:\/\/staging.gravelight.eu\/\",\"logo\":{\"@type\":\"ImageObject\",\"inLanguage\":\"en-US\",\"@id\":\"https:\/\/staging.gravelight.eu\/#\/schema\/logo\/image\/\",\"url\":\"https:\/\/staging.gravelight.eu\/wp-content\/uploads\/cropped-net-ico.png\",\"contentUrl\":\"https:\/\/staging.gravelight.eu\/wp-content\/uploads\/cropped-net-ico.png\",\"width\":512,\"height\":512,\"caption\":\"NET d.o.o.\"},\"image\":{\"@id\":\"https:\/\/staging.gravelight.eu\/#\/schema\/logo\/image\/\"}}]}<\/script>\n<!-- \/ Yoast SEO plugin. -->","yoast_head_json":{"title":"MIRISNA SVIJE\u0106A DEZI WFXM STAKLENI LAMPI - NET d.o.o.","description":"Mirisna svije\u0107a dezi winter, blagog mirisa i privla\u010dnog bo\u017ei\u0107no novogodi\u0161njeg dizajna u poklon kutiji. Svije\u0107a gori do 20 sati.","robots":{"index":"noindex","follow":"follow","max-snippet":"max-snippet:-1","max-image-preview":"max-image-preview:large","max-video-preview":"max-video-preview:-1"},"og_locale":"en_US","og_type":"article","og_title":"MIRISNA SVIJE\u0106A DEZI WFXM STAKLENI LAMPI - NET d.o.o.","og_description":"Mirisna svije\u0107a dezi winter, blagog mirisa i privla\u010dnog bo\u017ei\u0107no novogodi\u0161njeg dizajna u poklon kutiji. Svije\u0107a gori do 20 sati.","og_url":"https:\/\/staging.gravelight.eu\/en\/trgovina\/mirisna-svijeca-dezi-wfxm-stakleni-lampi\/","og_site_name":"NET d.o.o.","article_modified_time":"2024-10-04T06:55:21+00:00","og_image":[{"width":529,"height":458,"url":"https:\/\/staging.gravelight.eu\/wp-content\/uploads\/11982.A27.031.jpg","type":"image\/jpeg"}],"twitter_card":"summary_large_image","schema":{"@context":"https:\/\/schema.org","@graph":[{"@type":"WebPage","@id":"https:\/\/staging.gravelight.eu\/en\/trgovina\/mirisna-svijeca-dezi-wfxm-stakleni-lampi\/","url":"https:\/\/staging.gravelight.eu\/en\/trgovina\/mirisna-svijeca-dezi-wfxm-stakleni-lampi\/","name":"MIRISNA SVIJE\u0106A DEZI WFXM STAKLENI LAMPI - NET d.o.o.","isPartOf":{"@id":"https:\/\/staging.gravelight.eu\/#website"},"primaryImageOfPage":{"@id":"https:\/\/staging.gravelight.eu\/en\/trgovina\/mirisna-svijeca-dezi-wfxm-stakleni-lampi\/#primaryimage"},"image":{"@id":"https:\/\/staging.gravelight.eu\/en\/trgovina\/mirisna-svijeca-dezi-wfxm-stakleni-lampi\/#primaryimage"},"thumbnailUrl":"https:\/\/staging.gravelight.eu\/wp-content\/uploads\/2021\/12\/11982.A27.031.jpg","datePublished":"2021-12-28T08:42:26+00:00","dateModified":"2024-10-04T06:55:21+00:00","description":"Mirisna svije\u0107a dezi winter, blagog mirisa i privla\u010dnog bo\u017ei\u0107no novogodi\u0161njeg dizajna u poklon kutiji. Svije\u0107a gori do 20 sati.","breadcrumb":{"@id":"https:\/\/staging.gravelight.eu\/en\/trgovina\/mirisna-svijeca-dezi-wfxm-stakleni-lampi\/#breadcrumb"},"inLanguage":"en-US","potentialAction":[{"@type":"ReadAction","target":["https:\/\/staging.gravelight.eu\/en\/trgovina\/mirisna-svijeca-dezi-wfxm-stakleni-lampi\/"]}]},{"@type":"ImageObject","inLanguage":"en-US","@id":"https:\/\/staging.gravelight.eu\/en\/trgovina\/mirisna-svijeca-dezi-wfxm-stakleni-lampi\/#primaryimage","url":"https:\/\/staging.gravelight.eu\/wp-content\/uploads\/2021\/12\/11982.A27.031.jpg","contentUrl":"https:\/\/staging.gravelight.eu\/wp-content\/uploads\/2021\/12\/11982.A27.031.jpg","width":529,"height":458},{"@type":"BreadcrumbList","@id":"https:\/\/staging.gravelight.eu\/en\/trgovina\/mirisna-svijeca-dezi-wfxm-stakleni-lampi\/#breadcrumb","itemListElement":[{"@type":"ListItem","position":1,"name":"Home","item":"https:\/\/staging.gravelight.eu\/en\/"},{"@type":"ListItem","position":2,"name":"Trgovina","item":"https:\/\/staging.gravelight.eu\/en\/trgovina-webshop\/"},{"@type":"ListItem","position":3,"name":"MIRISNA SVIJE\u0106A DEZI WFXM STAKLENI LAMPI"}]},{"@type":"WebSite","@id":"https:\/\/staging.gravelight.eu\/#website","url":"https:\/\/staging.gravelight.eu\/","name":"NET d.o.o.","description":"The light and warmth of your home!","publisher":{"@id":"https:\/\/staging.gravelight.eu\/#organization"},"potentialAction":[{"@type":"SearchAction","target":{"@type":"EntryPoint","urlTemplate":"https:\/\/staging.gravelight.eu\/?s={search_term_string}"},"query-input":{"@type":"PropertyValueSpecification","valueRequired":true,"valueName":"search_term_string"}}],"inLanguage":"en-US"},{"@type":"Organization","@id":"https:\/\/staging.gravelight.eu\/#organization","name":"NET d.o.o.","url":"https:\/\/staging.gravelight.eu\/","logo":{"@type":"ImageObject","inLanguage":"en-US","@id":"https:\/\/staging.gravelight.eu\/#\/schema\/logo\/image\/","url":"https:\/\/staging.gravelight.eu\/wp-content\/uploads\/cropped-net-ico.png","contentUrl":"https:\/\/staging.gravelight.eu\/wp-content\/uploads\/cropped-net-ico.png","width":512,"height":512,"caption":"NET d.o.o."},"image":{"@id":"https:\/\/staging.gravelight.eu\/#\/schema\/logo\/image\/"}}]}},"_links":{"self":[{"href":"https:\/\/staging.gravelight.eu\/en\/wp-json\/wp\/v2\/product\/59463","targetHints":{"allow":["GET"]}}],"collection":[{"href":"https:\/\/staging.gravelight.eu\/en\/wp-json\/wp\/v2\/product"}],"about":[{"href":"https:\/\/staging.gravelight.eu\/en\/wp-json\/wp\/v2\/types\/product"}],"replies":[{"embeddable":true,"href":"https:\/\/staging.gravelight.eu\/en\/wp-json\/wp\/v2\/comments?post=59463"}],"wp:featuredmedia":[{"embeddable":true,"href":"https:\/\/staging.gravelight.eu\/en\/wp-json\/wp\/v2\/media\/59466"}],"wp:attachment":[{"href":"https:\/\/staging.gravelight.eu\/en\/wp-json\/wp\/v2\/media?parent=59463"}],"wp:term":[{"taxonomy":"product_brand","embeddable":true,"href":"https:\/\/staging.gravelight.eu\/en\/wp-json\/wp\/v2\/product_brand?post=59463"},{"taxonomy":"product_cat","embeddable":true,"href":"https:\/\/staging.gravelight.eu\/en\/wp-json\/wp\/v2\/product_cat?post=59463"},{"taxonomy":"product_tag","embeddable":true,"href":"https:\/\/staging.gravelight.eu\/en\/wp-json\/wp\/v2\/product_tag?post=59463"}],"curies":[{"name":"wp","href":"https:\/\/api.w.org\/{rel}","templated":true}]}}