{"id":14606,"date":"2020-03-06T09:51:54","date_gmt":"2020-03-06T08:51:54","guid":{"rendered":"https:\/\/staging.gravelight.eu\/?post_type=product&#038;p=14606"},"modified":"2024-10-04T08:51:46","modified_gmt":"2024-10-04T06:51:46","slug":"paxlui-pia-215-crveni-nadgrobni-lampion","status":"publish","type":"product","link":"https:\/\/staging.gravelight.eu\/en\/trgovina\/paxlui-pia-215-crveni-nadgrobni-lampion\/","title":{"rendered":"PAXLUI PIA 215 CRVENI NADGROBNI LAMPION"},"content":{"rendered":"","protected":false},"excerpt":{"rendered":"","protected":false},"featured_media":51782,"comment_status":"closed","ping_status":"closed","template":"","meta":{"_acf_changed":false},"product_brand":[],"product_cat":[1711],"product_tag":[45958,45959,43233,45960,43966,54620,43967,44275,44610,45102,45128,45410,45853,45854,45855,45856,45956,45957],"class_list":{"0":"post-14606","1":"product","2":"type-product","3":"status-publish","4":"has-post-thumbnail","6":"product_cat-klasicni-lampioni-sa-slikom-en","7":"product_tag-stupasti-en","8":"product_tag-okrugli-en","9":"product_tag-dezen-en","10":"product_tag-cvijece-en","11":"product_tag-11484-en","12":"product_tag-pia-en","13":"product_tag-3858888020484-en","14":"product_tag-lampasi-en","15":"product_tag-lampion-en","16":"product_tag-pax-en","17":"product_tag-slikom-en","18":"product_tag-metalik-en","19":"product_tag-lui-en","20":"product_tag-premium-en","21":"product_tag-uljni-en","22":"product_tag-dugotrajni-en","23":"product_tag-dekor-en","24":"product_tag-stup-en","26":"first","27":"instock","28":"taxable","29":"shipping-taxable","30":"purchasable","31":"product-type-simple"},"acf":[],"yoast_head":"<!-- This site is optimized with the Yoast SEO plugin v26.9 - https:\/\/yoast.com\/product\/yoast-seo-wordpress\/ -->\n<title>PAXLUI PIA 215 CRVENI NADGROBNI LAMPION - NET d.o.o.<\/title>\n<meta name=\"description\" content=\"Paxlui Pia 215 nadgrobni crveni lampion. Lampion je dugogore\u0107i, gori do 7 dana. Mo\u017eete birati izme\u0111u nekoliko dizajna i utje\u0161nih poruka.\" \/>\n<meta name=\"robots\" content=\"noindex, follow, max-snippet:-1, max-image-preview:large, max-video-preview:-1\" \/>\n<meta property=\"og:locale\" content=\"en_US\" \/>\n<meta property=\"og:type\" content=\"article\" \/>\n<meta property=\"og:title\" content=\"PAXLUI PIA 215 CRVENI NADGROBNI LAMPION - NET d.o.o.\" \/>\n<meta property=\"og:description\" content=\"Paxlui Pia 215 nadgrobni crveni lampion. Lampion je dugogore\u0107i, gori do 7 dana. Mo\u017eete birati izme\u0111u nekoliko dizajna i utje\u0161nih poruka.\" \/>\n<meta property=\"og:url\" content=\"https:\/\/staging.gravelight.eu\/en\/trgovina\/paxlui-pia-215-crveni-nadgrobni-lampion\/\" \/>\n<meta property=\"og:site_name\" content=\"NET d.o.o.\" \/>\n<meta property=\"article:modified_time\" content=\"2024-10-04T06:51:46+00:00\" \/>\n<meta property=\"og:image\" content=\"https:\/\/staging.gravelight.eu\/wp-content\/uploads\/11484.A09.jpg\" \/>\n\t<meta property=\"og:image:width\" content=\"1099\" \/>\n\t<meta property=\"og:image:height\" content=\"837\" \/>\n\t<meta property=\"og:image:type\" content=\"image\/jpeg\" \/>\n<meta name=\"twitter:card\" content=\"summary_large_image\" \/>\n<script type=\"application\/ld+json\" class=\"yoast-schema-graph\">{\"@context\":\"https:\/\/schema.org\",\"@graph\":[{\"@type\":\"WebPage\",\"@id\":\"https:\/\/staging.gravelight.eu\/en\/trgovina\/paxlui-pia-215-crveni-nadgrobni-lampion\/\",\"url\":\"https:\/\/staging.gravelight.eu\/en\/trgovina\/paxlui-pia-215-crveni-nadgrobni-lampion\/\",\"name\":\"PAXLUI PIA 215 CRVENI NADGROBNI LAMPION - NET d.o.o.\",\"isPartOf\":{\"@id\":\"https:\/\/staging.gravelight.eu\/#website\"},\"primaryImageOfPage\":{\"@id\":\"https:\/\/staging.gravelight.eu\/en\/trgovina\/paxlui-pia-215-crveni-nadgrobni-lampion\/#primaryimage\"},\"image\":{\"@id\":\"https:\/\/staging.gravelight.eu\/en\/trgovina\/paxlui-pia-215-crveni-nadgrobni-lampion\/#primaryimage\"},\"thumbnailUrl\":\"https:\/\/staging.gravelight.eu\/wp-content\/uploads\/11484.A09.jpg\",\"datePublished\":\"2020-03-06T08:51:54+00:00\",\"dateModified\":\"2024-10-04T06:51:46+00:00\",\"description\":\"Paxlui Pia 215 nadgrobni crveni lampion. Lampion je dugogore\u0107i, gori do 7 dana. Mo\u017eete birati izme\u0111u nekoliko dizajna i utje\u0161nih poruka.\",\"breadcrumb\":{\"@id\":\"https:\/\/staging.gravelight.eu\/en\/trgovina\/paxlui-pia-215-crveni-nadgrobni-lampion\/#breadcrumb\"},\"inLanguage\":\"en-US\",\"potentialAction\":[{\"@type\":\"ReadAction\",\"target\":[\"https:\/\/staging.gravelight.eu\/en\/trgovina\/paxlui-pia-215-crveni-nadgrobni-lampion\/\"]}]},{\"@type\":\"ImageObject\",\"inLanguage\":\"en-US\",\"@id\":\"https:\/\/staging.gravelight.eu\/en\/trgovina\/paxlui-pia-215-crveni-nadgrobni-lampion\/#primaryimage\",\"url\":\"https:\/\/staging.gravelight.eu\/wp-content\/uploads\/11484.A09.jpg\",\"contentUrl\":\"https:\/\/staging.gravelight.eu\/wp-content\/uploads\/11484.A09.jpg\",\"width\":1099,\"height\":837},{\"@type\":\"BreadcrumbList\",\"@id\":\"https:\/\/staging.gravelight.eu\/en\/trgovina\/paxlui-pia-215-crveni-nadgrobni-lampion\/#breadcrumb\",\"itemListElement\":[{\"@type\":\"ListItem\",\"position\":1,\"name\":\"Home\",\"item\":\"https:\/\/staging.gravelight.eu\/en\/\"},{\"@type\":\"ListItem\",\"position\":2,\"name\":\"Trgovina\",\"item\":\"https:\/\/staging.gravelight.eu\/en\/trgovina-webshop\/\"},{\"@type\":\"ListItem\",\"position\":3,\"name\":\"PAXLUI PIA 215 CRVENI NADGROBNI LAMPION\"}]},{\"@type\":\"WebSite\",\"@id\":\"https:\/\/staging.gravelight.eu\/#website\",\"url\":\"https:\/\/staging.gravelight.eu\/\",\"name\":\"NET d.o.o.\",\"description\":\"The light and warmth of your home!\",\"publisher\":{\"@id\":\"https:\/\/staging.gravelight.eu\/#organization\"},\"potentialAction\":[{\"@type\":\"SearchAction\",\"target\":{\"@type\":\"EntryPoint\",\"urlTemplate\":\"https:\/\/staging.gravelight.eu\/?s={search_term_string}\"},\"query-input\":{\"@type\":\"PropertyValueSpecification\",\"valueRequired\":true,\"valueName\":\"search_term_string\"}}],\"inLanguage\":\"en-US\"},{\"@type\":\"Organization\",\"@id\":\"https:\/\/staging.gravelight.eu\/#organization\",\"name\":\"NET d.o.o.\",\"url\":\"https:\/\/staging.gravelight.eu\/\",\"logo\":{\"@type\":\"ImageObject\",\"inLanguage\":\"en-US\",\"@id\":\"https:\/\/staging.gravelight.eu\/#\/schema\/logo\/image\/\",\"url\":\"https:\/\/staging.gravelight.eu\/wp-content\/uploads\/cropped-net-ico.png\",\"contentUrl\":\"https:\/\/staging.gravelight.eu\/wp-content\/uploads\/cropped-net-ico.png\",\"width\":512,\"height\":512,\"caption\":\"NET d.o.o.\"},\"image\":{\"@id\":\"https:\/\/staging.gravelight.eu\/#\/schema\/logo\/image\/\"}}]}<\/script>\n<!-- \/ Yoast SEO plugin. -->","yoast_head_json":{"title":"PAXLUI PIA 215 CRVENI NADGROBNI LAMPION - NET d.o.o.","description":"Paxlui Pia 215 nadgrobni crveni lampion. Lampion je dugogore\u0107i, gori do 7 dana. Mo\u017eete birati izme\u0111u nekoliko dizajna i utje\u0161nih poruka.","robots":{"index":"noindex","follow":"follow","max-snippet":"max-snippet:-1","max-image-preview":"max-image-preview:large","max-video-preview":"max-video-preview:-1"},"og_locale":"en_US","og_type":"article","og_title":"PAXLUI PIA 215 CRVENI NADGROBNI LAMPION - NET d.o.o.","og_description":"Paxlui Pia 215 nadgrobni crveni lampion. Lampion je dugogore\u0107i, gori do 7 dana. Mo\u017eete birati izme\u0111u nekoliko dizajna i utje\u0161nih poruka.","og_url":"https:\/\/staging.gravelight.eu\/en\/trgovina\/paxlui-pia-215-crveni-nadgrobni-lampion\/","og_site_name":"NET d.o.o.","article_modified_time":"2024-10-04T06:51:46+00:00","og_image":[{"width":1099,"height":837,"url":"https:\/\/staging.gravelight.eu\/wp-content\/uploads\/11484.A09.jpg","type":"image\/jpeg"}],"twitter_card":"summary_large_image","schema":{"@context":"https:\/\/schema.org","@graph":[{"@type":"WebPage","@id":"https:\/\/staging.gravelight.eu\/en\/trgovina\/paxlui-pia-215-crveni-nadgrobni-lampion\/","url":"https:\/\/staging.gravelight.eu\/en\/trgovina\/paxlui-pia-215-crveni-nadgrobni-lampion\/","name":"PAXLUI PIA 215 CRVENI NADGROBNI LAMPION - NET d.o.o.","isPartOf":{"@id":"https:\/\/staging.gravelight.eu\/#website"},"primaryImageOfPage":{"@id":"https:\/\/staging.gravelight.eu\/en\/trgovina\/paxlui-pia-215-crveni-nadgrobni-lampion\/#primaryimage"},"image":{"@id":"https:\/\/staging.gravelight.eu\/en\/trgovina\/paxlui-pia-215-crveni-nadgrobni-lampion\/#primaryimage"},"thumbnailUrl":"https:\/\/staging.gravelight.eu\/wp-content\/uploads\/11484.A09.jpg","datePublished":"2020-03-06T08:51:54+00:00","dateModified":"2024-10-04T06:51:46+00:00","description":"Paxlui Pia 215 nadgrobni crveni lampion. Lampion je dugogore\u0107i, gori do 7 dana. Mo\u017eete birati izme\u0111u nekoliko dizajna i utje\u0161nih poruka.","breadcrumb":{"@id":"https:\/\/staging.gravelight.eu\/en\/trgovina\/paxlui-pia-215-crveni-nadgrobni-lampion\/#breadcrumb"},"inLanguage":"en-US","potentialAction":[{"@type":"ReadAction","target":["https:\/\/staging.gravelight.eu\/en\/trgovina\/paxlui-pia-215-crveni-nadgrobni-lampion\/"]}]},{"@type":"ImageObject","inLanguage":"en-US","@id":"https:\/\/staging.gravelight.eu\/en\/trgovina\/paxlui-pia-215-crveni-nadgrobni-lampion\/#primaryimage","url":"https:\/\/staging.gravelight.eu\/wp-content\/uploads\/11484.A09.jpg","contentUrl":"https:\/\/staging.gravelight.eu\/wp-content\/uploads\/11484.A09.jpg","width":1099,"height":837},{"@type":"BreadcrumbList","@id":"https:\/\/staging.gravelight.eu\/en\/trgovina\/paxlui-pia-215-crveni-nadgrobni-lampion\/#breadcrumb","itemListElement":[{"@type":"ListItem","position":1,"name":"Home","item":"https:\/\/staging.gravelight.eu\/en\/"},{"@type":"ListItem","position":2,"name":"Trgovina","item":"https:\/\/staging.gravelight.eu\/en\/trgovina-webshop\/"},{"@type":"ListItem","position":3,"name":"PAXLUI PIA 215 CRVENI NADGROBNI LAMPION"}]},{"@type":"WebSite","@id":"https:\/\/staging.gravelight.eu\/#website","url":"https:\/\/staging.gravelight.eu\/","name":"NET d.o.o.","description":"The light and warmth of your home!","publisher":{"@id":"https:\/\/staging.gravelight.eu\/#organization"},"potentialAction":[{"@type":"SearchAction","target":{"@type":"EntryPoint","urlTemplate":"https:\/\/staging.gravelight.eu\/?s={search_term_string}"},"query-input":{"@type":"PropertyValueSpecification","valueRequired":true,"valueName":"search_term_string"}}],"inLanguage":"en-US"},{"@type":"Organization","@id":"https:\/\/staging.gravelight.eu\/#organization","name":"NET d.o.o.","url":"https:\/\/staging.gravelight.eu\/","logo":{"@type":"ImageObject","inLanguage":"en-US","@id":"https:\/\/staging.gravelight.eu\/#\/schema\/logo\/image\/","url":"https:\/\/staging.gravelight.eu\/wp-content\/uploads\/cropped-net-ico.png","contentUrl":"https:\/\/staging.gravelight.eu\/wp-content\/uploads\/cropped-net-ico.png","width":512,"height":512,"caption":"NET d.o.o."},"image":{"@id":"https:\/\/staging.gravelight.eu\/#\/schema\/logo\/image\/"}}]}},"_links":{"self":[{"href":"https:\/\/staging.gravelight.eu\/en\/wp-json\/wp\/v2\/product\/14606","targetHints":{"allow":["GET"]}}],"collection":[{"href":"https:\/\/staging.gravelight.eu\/en\/wp-json\/wp\/v2\/product"}],"about":[{"href":"https:\/\/staging.gravelight.eu\/en\/wp-json\/wp\/v2\/types\/product"}],"replies":[{"embeddable":true,"href":"https:\/\/staging.gravelight.eu\/en\/wp-json\/wp\/v2\/comments?post=14606"}],"wp:featuredmedia":[{"embeddable":true,"href":"https:\/\/staging.gravelight.eu\/en\/wp-json\/wp\/v2\/media\/51782"}],"wp:attachment":[{"href":"https:\/\/staging.gravelight.eu\/en\/wp-json\/wp\/v2\/media?parent=14606"}],"wp:term":[{"taxonomy":"product_brand","embeddable":true,"href":"https:\/\/staging.gravelight.eu\/en\/wp-json\/wp\/v2\/product_brand?post=14606"},{"taxonomy":"product_cat","embeddable":true,"href":"https:\/\/staging.gravelight.eu\/en\/wp-json\/wp\/v2\/product_cat?post=14606"},{"taxonomy":"product_tag","embeddable":true,"href":"https:\/\/staging.gravelight.eu\/en\/wp-json\/wp\/v2\/product_tag?post=14606"}],"curies":[{"name":"wp","href":"https:\/\/api.w.org\/{rel}","templated":true}]}}