{"id":63322,"date":"2023-11-08T10:21:10","date_gmt":"2023-11-08T09:21:10","guid":{"rendered":"https:\/\/staging.gravelight.eu\/?post_type=product&#038;p=63322"},"modified":"2024-10-04T08:53:42","modified_gmt":"2024-10-04T06:53:42","slug":"mirisne-lucice-vanilija-maxi-8h-6-1","status":"publish","type":"product","link":"https:\/\/staging.gravelight.eu\/de\/trgovina\/mirisne-lucice-vanilija-maxi-8h-6-1\/","title":{"rendered":"MIRISNE LU\u010cICE VANILIJA MAXI 8H 6\/1"},"content":{"rendered":"","protected":false},"excerpt":{"rendered":"","protected":false},"featured_media":63325,"comment_status":"closed","ping_status":"closed","template":"","meta":{"_acf_changed":false},"product_brand":[],"product_cat":[5139],"product_tag":[43155,43466,43467,43468,43469,43472,54438,54439],"class_list":{"0":"post-63322","1":"product","2":"type-product","3":"status-publish","4":"has-post-thumbnail","6":"product_cat-uncategorized-de","7":"product_tag-miris-de","8":"product_tag-18-1-de","9":"product_tag-tbl3-1-de","10":"product_tag-set-de","11":"product_tag-lucice-de","12":"product_tag-nijansirane-de","13":"product_tag-11810-de","14":"product_tag-5906927530673-de","16":"first","17":"instock","18":"taxable","19":"shipping-taxable","20":"purchasable","21":"product-type-simple"},"acf":[],"yoast_head":"<!-- This site is optimized with the Yoast SEO plugin v26.9 - https:\/\/yoast.com\/product\/yoast-seo-wordpress\/ -->\n<title>MIRISNE LU\u010cICE VANILIJA MAXI 8H 6\/1 - NET d.o.o.<\/title>\n<meta name=\"description\" content=\"Mirisne lu\u010dice maxi vanilija, gore do osam sati svaka. \u0160ire aromati\u010dan miris vanilije. U prigodnom su pakiranju od 6 komada.\" \/>\n<meta name=\"robots\" content=\"noindex, follow, max-snippet:-1, max-image-preview:large, max-video-preview:-1\" \/>\n<meta property=\"og:locale\" content=\"de_DE\" \/>\n<meta property=\"og:type\" content=\"article\" \/>\n<meta property=\"og:title\" content=\"MIRISNE LU\u010cICE VANILIJA MAXI 8H 6\/1 - NET d.o.o.\" \/>\n<meta property=\"og:description\" content=\"Mirisne lu\u010dice maxi vanilija, gore do osam sati svaka. \u0160ire aromati\u010dan miris vanilije. U prigodnom su pakiranju od 6 komada.\" \/>\n<meta property=\"og:url\" content=\"https:\/\/staging.gravelight.eu\/de\/trgovina\/mirisne-lucice-vanilija-maxi-8h-6-1\/\" \/>\n<meta property=\"og:site_name\" content=\"NET d.o.o.\" \/>\n<meta property=\"article:modified_time\" content=\"2024-10-04T06:53:42+00:00\" \/>\n<meta property=\"og:image\" content=\"https:\/\/staging.gravelight.eu\/wp-content\/uploads\/11810.A02.001-1.jpg\" \/>\n\t<meta property=\"og:image:width\" content=\"317\" \/>\n\t<meta property=\"og:image:height\" content=\"500\" \/>\n\t<meta property=\"og:image:type\" content=\"image\/jpeg\" \/>\n<meta name=\"twitter:card\" content=\"summary_large_image\" \/>\n<script type=\"application\/ld+json\" class=\"yoast-schema-graph\">{\"@context\":\"https:\/\/schema.org\",\"@graph\":[{\"@type\":\"WebPage\",\"@id\":\"https:\/\/staging.gravelight.eu\/de\/trgovina\/mirisne-lucice-vanilija-maxi-8h-6-1\/\",\"url\":\"https:\/\/staging.gravelight.eu\/de\/trgovina\/mirisne-lucice-vanilija-maxi-8h-6-1\/\",\"name\":\"MIRISNE LU\u010cICE VANILIJA MAXI 8H 6\/1 - NET d.o.o.\",\"isPartOf\":{\"@id\":\"https:\/\/staging.gravelight.eu\/#website\"},\"primaryImageOfPage\":{\"@id\":\"https:\/\/staging.gravelight.eu\/de\/trgovina\/mirisne-lucice-vanilija-maxi-8h-6-1\/#primaryimage\"},\"image\":{\"@id\":\"https:\/\/staging.gravelight.eu\/de\/trgovina\/mirisne-lucice-vanilija-maxi-8h-6-1\/#primaryimage\"},\"thumbnailUrl\":\"https:\/\/staging.gravelight.eu\/wp-content\/uploads\/2023\/11\/11810.A02.001-1.jpg\",\"datePublished\":\"2023-11-08T09:21:10+00:00\",\"dateModified\":\"2024-10-04T06:53:42+00:00\",\"description\":\"Mirisne lu\u010dice maxi vanilija, gore do osam sati svaka. \u0160ire aromati\u010dan miris vanilije. U prigodnom su pakiranju od 6 komada.\",\"breadcrumb\":{\"@id\":\"https:\/\/staging.gravelight.eu\/de\/trgovina\/mirisne-lucice-vanilija-maxi-8h-6-1\/#breadcrumb\"},\"inLanguage\":\"de\",\"potentialAction\":[{\"@type\":\"ReadAction\",\"target\":[\"https:\/\/staging.gravelight.eu\/de\/trgovina\/mirisne-lucice-vanilija-maxi-8h-6-1\/\"]}]},{\"@type\":\"ImageObject\",\"inLanguage\":\"de\",\"@id\":\"https:\/\/staging.gravelight.eu\/de\/trgovina\/mirisne-lucice-vanilija-maxi-8h-6-1\/#primaryimage\",\"url\":\"https:\/\/staging.gravelight.eu\/wp-content\/uploads\/2023\/11\/11810.A02.001-1.jpg\",\"contentUrl\":\"https:\/\/staging.gravelight.eu\/wp-content\/uploads\/2023\/11\/11810.A02.001-1.jpg\",\"width\":317,\"height\":500,\"caption\":\"Mirisne lu\u010dice\"},{\"@type\":\"BreadcrumbList\",\"@id\":\"https:\/\/staging.gravelight.eu\/de\/trgovina\/mirisne-lucice-vanilija-maxi-8h-6-1\/#breadcrumb\",\"itemListElement\":[{\"@type\":\"ListItem\",\"position\":1,\"name\":\"Home\",\"item\":\"https:\/\/staging.gravelight.eu\/de\/\"},{\"@type\":\"ListItem\",\"position\":2,\"name\":\"Trgovina\",\"item\":\"https:\/\/staging.gravelight.eu\/de\/trgovina-webshop\/\"},{\"@type\":\"ListItem\",\"position\":3,\"name\":\"MIRISNE LU\u010cICE VANILIJA MAXI 8H 6\/1\"}]},{\"@type\":\"WebSite\",\"@id\":\"https:\/\/staging.gravelight.eu\/#website\",\"url\":\"https:\/\/staging.gravelight.eu\/\",\"name\":\"NET d.o.o.\",\"description\":\"Das Licht und die W\u00e4rme Ihres Hauses!\",\"publisher\":{\"@id\":\"https:\/\/staging.gravelight.eu\/#organization\"},\"potentialAction\":[{\"@type\":\"SearchAction\",\"target\":{\"@type\":\"EntryPoint\",\"urlTemplate\":\"https:\/\/staging.gravelight.eu\/?s={search_term_string}\"},\"query-input\":{\"@type\":\"PropertyValueSpecification\",\"valueRequired\":true,\"valueName\":\"search_term_string\"}}],\"inLanguage\":\"de\"},{\"@type\":\"Organization\",\"@id\":\"https:\/\/staging.gravelight.eu\/#organization\",\"name\":\"NET d.o.o.\",\"url\":\"https:\/\/staging.gravelight.eu\/\",\"logo\":{\"@type\":\"ImageObject\",\"inLanguage\":\"de\",\"@id\":\"https:\/\/staging.gravelight.eu\/#\/schema\/logo\/image\/\",\"url\":\"https:\/\/staging.gravelight.eu\/wp-content\/uploads\/cropped-net-ico.png\",\"contentUrl\":\"https:\/\/staging.gravelight.eu\/wp-content\/uploads\/cropped-net-ico.png\",\"width\":512,\"height\":512,\"caption\":\"NET d.o.o.\"},\"image\":{\"@id\":\"https:\/\/staging.gravelight.eu\/#\/schema\/logo\/image\/\"}}]}<\/script>\n<!-- \/ Yoast SEO plugin. -->","yoast_head_json":{"title":"MIRISNE LU\u010cICE VANILIJA MAXI 8H 6\/1 - NET d.o.o.","description":"Mirisne lu\u010dice maxi vanilija, gore do osam sati svaka. \u0160ire aromati\u010dan miris vanilije. U prigodnom su pakiranju od 6 komada.","robots":{"index":"noindex","follow":"follow","max-snippet":"max-snippet:-1","max-image-preview":"max-image-preview:large","max-video-preview":"max-video-preview:-1"},"og_locale":"de_DE","og_type":"article","og_title":"MIRISNE LU\u010cICE VANILIJA MAXI 8H 6\/1 - NET d.o.o.","og_description":"Mirisne lu\u010dice maxi vanilija, gore do osam sati svaka. \u0160ire aromati\u010dan miris vanilije. U prigodnom su pakiranju od 6 komada.","og_url":"https:\/\/staging.gravelight.eu\/de\/trgovina\/mirisne-lucice-vanilija-maxi-8h-6-1\/","og_site_name":"NET d.o.o.","article_modified_time":"2024-10-04T06:53:42+00:00","og_image":[{"width":317,"height":500,"url":"https:\/\/staging.gravelight.eu\/wp-content\/uploads\/11810.A02.001-1.jpg","type":"image\/jpeg"}],"twitter_card":"summary_large_image","schema":{"@context":"https:\/\/schema.org","@graph":[{"@type":"WebPage","@id":"https:\/\/staging.gravelight.eu\/de\/trgovina\/mirisne-lucice-vanilija-maxi-8h-6-1\/","url":"https:\/\/staging.gravelight.eu\/de\/trgovina\/mirisne-lucice-vanilija-maxi-8h-6-1\/","name":"MIRISNE LU\u010cICE VANILIJA MAXI 8H 6\/1 - NET d.o.o.","isPartOf":{"@id":"https:\/\/staging.gravelight.eu\/#website"},"primaryImageOfPage":{"@id":"https:\/\/staging.gravelight.eu\/de\/trgovina\/mirisne-lucice-vanilija-maxi-8h-6-1\/#primaryimage"},"image":{"@id":"https:\/\/staging.gravelight.eu\/de\/trgovina\/mirisne-lucice-vanilija-maxi-8h-6-1\/#primaryimage"},"thumbnailUrl":"https:\/\/staging.gravelight.eu\/wp-content\/uploads\/2023\/11\/11810.A02.001-1.jpg","datePublished":"2023-11-08T09:21:10+00:00","dateModified":"2024-10-04T06:53:42+00:00","description":"Mirisne lu\u010dice maxi vanilija, gore do osam sati svaka. \u0160ire aromati\u010dan miris vanilije. U prigodnom su pakiranju od 6 komada.","breadcrumb":{"@id":"https:\/\/staging.gravelight.eu\/de\/trgovina\/mirisne-lucice-vanilija-maxi-8h-6-1\/#breadcrumb"},"inLanguage":"de","potentialAction":[{"@type":"ReadAction","target":["https:\/\/staging.gravelight.eu\/de\/trgovina\/mirisne-lucice-vanilija-maxi-8h-6-1\/"]}]},{"@type":"ImageObject","inLanguage":"de","@id":"https:\/\/staging.gravelight.eu\/de\/trgovina\/mirisne-lucice-vanilija-maxi-8h-6-1\/#primaryimage","url":"https:\/\/staging.gravelight.eu\/wp-content\/uploads\/2023\/11\/11810.A02.001-1.jpg","contentUrl":"https:\/\/staging.gravelight.eu\/wp-content\/uploads\/2023\/11\/11810.A02.001-1.jpg","width":317,"height":500,"caption":"Mirisne lu\u010dice"},{"@type":"BreadcrumbList","@id":"https:\/\/staging.gravelight.eu\/de\/trgovina\/mirisne-lucice-vanilija-maxi-8h-6-1\/#breadcrumb","itemListElement":[{"@type":"ListItem","position":1,"name":"Home","item":"https:\/\/staging.gravelight.eu\/de\/"},{"@type":"ListItem","position":2,"name":"Trgovina","item":"https:\/\/staging.gravelight.eu\/de\/trgovina-webshop\/"},{"@type":"ListItem","position":3,"name":"MIRISNE LU\u010cICE VANILIJA MAXI 8H 6\/1"}]},{"@type":"WebSite","@id":"https:\/\/staging.gravelight.eu\/#website","url":"https:\/\/staging.gravelight.eu\/","name":"NET d.o.o.","description":"Das Licht und die W\u00e4rme Ihres Hauses!","publisher":{"@id":"https:\/\/staging.gravelight.eu\/#organization"},"potentialAction":[{"@type":"SearchAction","target":{"@type":"EntryPoint","urlTemplate":"https:\/\/staging.gravelight.eu\/?s={search_term_string}"},"query-input":{"@type":"PropertyValueSpecification","valueRequired":true,"valueName":"search_term_string"}}],"inLanguage":"de"},{"@type":"Organization","@id":"https:\/\/staging.gravelight.eu\/#organization","name":"NET d.o.o.","url":"https:\/\/staging.gravelight.eu\/","logo":{"@type":"ImageObject","inLanguage":"de","@id":"https:\/\/staging.gravelight.eu\/#\/schema\/logo\/image\/","url":"https:\/\/staging.gravelight.eu\/wp-content\/uploads\/cropped-net-ico.png","contentUrl":"https:\/\/staging.gravelight.eu\/wp-content\/uploads\/cropped-net-ico.png","width":512,"height":512,"caption":"NET d.o.o."},"image":{"@id":"https:\/\/staging.gravelight.eu\/#\/schema\/logo\/image\/"}}]}},"_links":{"self":[{"href":"https:\/\/staging.gravelight.eu\/de\/wp-json\/wp\/v2\/product\/63322","targetHints":{"allow":["GET"]}}],"collection":[{"href":"https:\/\/staging.gravelight.eu\/de\/wp-json\/wp\/v2\/product"}],"about":[{"href":"https:\/\/staging.gravelight.eu\/de\/wp-json\/wp\/v2\/types\/product"}],"replies":[{"embeddable":true,"href":"https:\/\/staging.gravelight.eu\/de\/wp-json\/wp\/v2\/comments?post=63322"}],"wp:featuredmedia":[{"embeddable":true,"href":"https:\/\/staging.gravelight.eu\/de\/wp-json\/wp\/v2\/media\/63325"}],"wp:attachment":[{"href":"https:\/\/staging.gravelight.eu\/de\/wp-json\/wp\/v2\/media?parent=63322"}],"wp:term":[{"taxonomy":"product_brand","embeddable":true,"href":"https:\/\/staging.gravelight.eu\/de\/wp-json\/wp\/v2\/product_brand?post=63322"},{"taxonomy":"product_cat","embeddable":true,"href":"https:\/\/staging.gravelight.eu\/de\/wp-json\/wp\/v2\/product_cat?post=63322"},{"taxonomy":"product_tag","embeddable":true,"href":"https:\/\/staging.gravelight.eu\/de\/wp-json\/wp\/v2\/product_tag?post=63322"}],"curies":[{"name":"wp","href":"https:\/\/api.w.org\/{rel}","templated":true}]}}