{"id":6267,"date":"2016-01-26T14:09:13","date_gmt":"2016-01-26T14:09:13","guid":{"rendered":"http:\/\/staging.gravelight.eu\/de\/trgovina\/Bez%20kategorije\/60150-ld\/"},"modified":"2024-10-04T09:16:48","modified_gmt":"2024-10-04T07:16:48","slug":"svijeca-60150-ld-kooz","status":"publish","type":"product","link":"https:\/\/staging.gravelight.eu\/de\/trgovina\/svijeca-60150-ld-kooz\/","title":{"rendered":"SVIJE\u0106A 60150 LD KOOZ"},"content":{"rendered":"","protected":false},"excerpt":{"rendered":"","protected":false},"featured_media":65216,"comment_status":"closed","ping_status":"closed","template":"","meta":{"_acf_changed":false},"product_brand":[],"product_cat":[1987],"product_tag":[44366,44371,44372,44373,44375,47482,48095,53915,43333],"class_list":{"0":"post-6267","1":"product","2":"type-product","3":"status-publish","4":"has-post-thumbnail","6":"product_cat-kerzenset-11","7":"product_tag-advent-de","8":"product_tag-bozicne-de","9":"product_tag-xmas-de","10":"product_tag-niz-de","11":"product_tag-zlatne-de","12":"product_tag-3858883230956-de","13":"product_tag-90258-de","14":"product_tag-adventske-svijece-tag-de","15":"product_tag-svijece-de","17":"first","18":"instock","19":"taxable","20":"shipping-taxable","21":"purchasable","22":"product-type-variable"},"acf":[],"yoast_head":"<!-- This site is optimized with the Yoast SEO plugin v26.9 - https:\/\/yoast.com\/product\/yoast-seo-wordpress\/ -->\n<title>SVIJE\u0106A 60150 LD KOOZ - NET d.o.o.<\/title>\n<meta name=\"description\" content=\"Svije\u0107a 60150 LD KOOZ u nekoliko trendi boja za va\u0161 dom. Promjera su 60 mm, a 150 mm visine. Svije\u0107e lijepo gore i ne kapaju.\" \/>\n<meta name=\"robots\" content=\"noindex, follow, max-snippet:-1, max-image-preview:large, max-video-preview:-1\" \/>\n<meta property=\"og:locale\" content=\"de_DE\" \/>\n<meta property=\"og:type\" content=\"article\" \/>\n<meta property=\"og:title\" content=\"SVIJE\u0106A 60150 LD KOOZ - NET d.o.o.\" \/>\n<meta property=\"og:description\" content=\"Svije\u0107a 60150 LD KOOZ u nekoliko trendi boja za va\u0161 dom. Promjera su 60 mm, a 150 mm visine. Svije\u0107e lijepo gore i ne kapaju.\" \/>\n<meta property=\"og:url\" content=\"https:\/\/staging.gravelight.eu\/de\/trgovina\/svijeca-60150-ld-kooz\/\" \/>\n<meta property=\"og:site_name\" content=\"NET d.o.o.\" \/>\n<meta property=\"article:modified_time\" content=\"2024-10-04T07:16:48+00:00\" \/>\n<meta property=\"og:image\" content=\"https:\/\/staging.gravelight.eu\/wp-content\/uploads\/90258.A01-2-scaled.jpg\" \/>\n\t<meta property=\"og:image:width\" content=\"2560\" \/>\n\t<meta property=\"og:image:height\" content=\"1829\" \/>\n\t<meta property=\"og:image:type\" content=\"image\/jpeg\" \/>\n<meta name=\"twitter:card\" content=\"summary_large_image\" \/>\n<script type=\"application\/ld+json\" class=\"yoast-schema-graph\">{\"@context\":\"https:\/\/schema.org\",\"@graph\":[{\"@type\":\"WebPage\",\"@id\":\"https:\/\/staging.gravelight.eu\/de\/trgovina\/svijeca-60150-ld-kooz\/\",\"url\":\"https:\/\/staging.gravelight.eu\/de\/trgovina\/svijeca-60150-ld-kooz\/\",\"name\":\"SVIJE\u0106A 60150 LD KOOZ - NET d.o.o.\",\"isPartOf\":{\"@id\":\"https:\/\/staging.gravelight.eu\/#website\"},\"primaryImageOfPage\":{\"@id\":\"https:\/\/staging.gravelight.eu\/de\/trgovina\/svijeca-60150-ld-kooz\/#primaryimage\"},\"image\":{\"@id\":\"https:\/\/staging.gravelight.eu\/de\/trgovina\/svijeca-60150-ld-kooz\/#primaryimage\"},\"thumbnailUrl\":\"https:\/\/staging.gravelight.eu\/wp-content\/uploads\/2024\/03\/90258.A01-2-scaled.jpg\",\"datePublished\":\"2016-01-26T14:09:13+00:00\",\"dateModified\":\"2024-10-04T07:16:48+00:00\",\"description\":\"Svije\u0107a 60150 LD KOOZ u nekoliko trendi boja za va\u0161 dom. Promjera su 60 mm, a 150 mm visine. Svije\u0107e lijepo gore i ne kapaju.\",\"breadcrumb\":{\"@id\":\"https:\/\/staging.gravelight.eu\/de\/trgovina\/svijeca-60150-ld-kooz\/#breadcrumb\"},\"inLanguage\":\"de\",\"potentialAction\":[{\"@type\":\"ReadAction\",\"target\":[\"https:\/\/staging.gravelight.eu\/de\/trgovina\/svijeca-60150-ld-kooz\/\"]}]},{\"@type\":\"ImageObject\",\"inLanguage\":\"de\",\"@id\":\"https:\/\/staging.gravelight.eu\/de\/trgovina\/svijeca-60150-ld-kooz\/#primaryimage\",\"url\":\"https:\/\/staging.gravelight.eu\/wp-content\/uploads\/2024\/03\/90258.A01-2-scaled.jpg\",\"contentUrl\":\"https:\/\/staging.gravelight.eu\/wp-content\/uploads\/2024\/03\/90258.A01-2-scaled.jpg\",\"width\":2560,\"height\":1829,\"caption\":\"Stupne svije\u0107e\"},{\"@type\":\"BreadcrumbList\",\"@id\":\"https:\/\/staging.gravelight.eu\/de\/trgovina\/svijeca-60150-ld-kooz\/#breadcrumb\",\"itemListElement\":[{\"@type\":\"ListItem\",\"position\":1,\"name\":\"Home\",\"item\":\"https:\/\/staging.gravelight.eu\/de\/\"},{\"@type\":\"ListItem\",\"position\":2,\"name\":\"Trgovina\",\"item\":\"https:\/\/staging.gravelight.eu\/de\/trgovina-webshop\/\"},{\"@type\":\"ListItem\",\"position\":3,\"name\":\"SVIJE\u0106A 60150 LD KOOZ\"}]},{\"@type\":\"WebSite\",\"@id\":\"https:\/\/staging.gravelight.eu\/#website\",\"url\":\"https:\/\/staging.gravelight.eu\/\",\"name\":\"NET d.o.o.\",\"description\":\"Das Licht und die W\u00e4rme Ihres Hauses!\",\"publisher\":{\"@id\":\"https:\/\/staging.gravelight.eu\/#organization\"},\"potentialAction\":[{\"@type\":\"SearchAction\",\"target\":{\"@type\":\"EntryPoint\",\"urlTemplate\":\"https:\/\/staging.gravelight.eu\/?s={search_term_string}\"},\"query-input\":{\"@type\":\"PropertyValueSpecification\",\"valueRequired\":true,\"valueName\":\"search_term_string\"}}],\"inLanguage\":\"de\"},{\"@type\":\"Organization\",\"@id\":\"https:\/\/staging.gravelight.eu\/#organization\",\"name\":\"NET d.o.o.\",\"url\":\"https:\/\/staging.gravelight.eu\/\",\"logo\":{\"@type\":\"ImageObject\",\"inLanguage\":\"de\",\"@id\":\"https:\/\/staging.gravelight.eu\/#\/schema\/logo\/image\/\",\"url\":\"https:\/\/staging.gravelight.eu\/wp-content\/uploads\/cropped-net-ico.png\",\"contentUrl\":\"https:\/\/staging.gravelight.eu\/wp-content\/uploads\/cropped-net-ico.png\",\"width\":512,\"height\":512,\"caption\":\"NET d.o.o.\"},\"image\":{\"@id\":\"https:\/\/staging.gravelight.eu\/#\/schema\/logo\/image\/\"}}]}<\/script>\n<!-- \/ Yoast SEO plugin. -->","yoast_head_json":{"title":"SVIJE\u0106A 60150 LD KOOZ - NET d.o.o.","description":"Svije\u0107a 60150 LD KOOZ u nekoliko trendi boja za va\u0161 dom. Promjera su 60 mm, a 150 mm visine. Svije\u0107e lijepo gore i ne kapaju.","robots":{"index":"noindex","follow":"follow","max-snippet":"max-snippet:-1","max-image-preview":"max-image-preview:large","max-video-preview":"max-video-preview:-1"},"og_locale":"de_DE","og_type":"article","og_title":"SVIJE\u0106A 60150 LD KOOZ - NET d.o.o.","og_description":"Svije\u0107a 60150 LD KOOZ u nekoliko trendi boja za va\u0161 dom. Promjera su 60 mm, a 150 mm visine. Svije\u0107e lijepo gore i ne kapaju.","og_url":"https:\/\/staging.gravelight.eu\/de\/trgovina\/svijeca-60150-ld-kooz\/","og_site_name":"NET d.o.o.","article_modified_time":"2024-10-04T07:16:48+00:00","og_image":[{"width":2560,"height":1829,"url":"https:\/\/staging.gravelight.eu\/wp-content\/uploads\/90258.A01-2-scaled.jpg","type":"image\/jpeg"}],"twitter_card":"summary_large_image","schema":{"@context":"https:\/\/schema.org","@graph":[{"@type":"WebPage","@id":"https:\/\/staging.gravelight.eu\/de\/trgovina\/svijeca-60150-ld-kooz\/","url":"https:\/\/staging.gravelight.eu\/de\/trgovina\/svijeca-60150-ld-kooz\/","name":"SVIJE\u0106A 60150 LD KOOZ - NET d.o.o.","isPartOf":{"@id":"https:\/\/staging.gravelight.eu\/#website"},"primaryImageOfPage":{"@id":"https:\/\/staging.gravelight.eu\/de\/trgovina\/svijeca-60150-ld-kooz\/#primaryimage"},"image":{"@id":"https:\/\/staging.gravelight.eu\/de\/trgovina\/svijeca-60150-ld-kooz\/#primaryimage"},"thumbnailUrl":"https:\/\/staging.gravelight.eu\/wp-content\/uploads\/2024\/03\/90258.A01-2-scaled.jpg","datePublished":"2016-01-26T14:09:13+00:00","dateModified":"2024-10-04T07:16:48+00:00","description":"Svije\u0107a 60150 LD KOOZ u nekoliko trendi boja za va\u0161 dom. Promjera su 60 mm, a 150 mm visine. Svije\u0107e lijepo gore i ne kapaju.","breadcrumb":{"@id":"https:\/\/staging.gravelight.eu\/de\/trgovina\/svijeca-60150-ld-kooz\/#breadcrumb"},"inLanguage":"de","potentialAction":[{"@type":"ReadAction","target":["https:\/\/staging.gravelight.eu\/de\/trgovina\/svijeca-60150-ld-kooz\/"]}]},{"@type":"ImageObject","inLanguage":"de","@id":"https:\/\/staging.gravelight.eu\/de\/trgovina\/svijeca-60150-ld-kooz\/#primaryimage","url":"https:\/\/staging.gravelight.eu\/wp-content\/uploads\/2024\/03\/90258.A01-2-scaled.jpg","contentUrl":"https:\/\/staging.gravelight.eu\/wp-content\/uploads\/2024\/03\/90258.A01-2-scaled.jpg","width":2560,"height":1829,"caption":"Stupne svije\u0107e"},{"@type":"BreadcrumbList","@id":"https:\/\/staging.gravelight.eu\/de\/trgovina\/svijeca-60150-ld-kooz\/#breadcrumb","itemListElement":[{"@type":"ListItem","position":1,"name":"Home","item":"https:\/\/staging.gravelight.eu\/de\/"},{"@type":"ListItem","position":2,"name":"Trgovina","item":"https:\/\/staging.gravelight.eu\/de\/trgovina-webshop\/"},{"@type":"ListItem","position":3,"name":"SVIJE\u0106A 60150 LD KOOZ"}]},{"@type":"WebSite","@id":"https:\/\/staging.gravelight.eu\/#website","url":"https:\/\/staging.gravelight.eu\/","name":"NET d.o.o.","description":"Das Licht und die W\u00e4rme Ihres Hauses!","publisher":{"@id":"https:\/\/staging.gravelight.eu\/#organization"},"potentialAction":[{"@type":"SearchAction","target":{"@type":"EntryPoint","urlTemplate":"https:\/\/staging.gravelight.eu\/?s={search_term_string}"},"query-input":{"@type":"PropertyValueSpecification","valueRequired":true,"valueName":"search_term_string"}}],"inLanguage":"de"},{"@type":"Organization","@id":"https:\/\/staging.gravelight.eu\/#organization","name":"NET d.o.o.","url":"https:\/\/staging.gravelight.eu\/","logo":{"@type":"ImageObject","inLanguage":"de","@id":"https:\/\/staging.gravelight.eu\/#\/schema\/logo\/image\/","url":"https:\/\/staging.gravelight.eu\/wp-content\/uploads\/cropped-net-ico.png","contentUrl":"https:\/\/staging.gravelight.eu\/wp-content\/uploads\/cropped-net-ico.png","width":512,"height":512,"caption":"NET d.o.o."},"image":{"@id":"https:\/\/staging.gravelight.eu\/#\/schema\/logo\/image\/"}}]}},"_links":{"self":[{"href":"https:\/\/staging.gravelight.eu\/de\/wp-json\/wp\/v2\/product\/6267","targetHints":{"allow":["GET"]}}],"collection":[{"href":"https:\/\/staging.gravelight.eu\/de\/wp-json\/wp\/v2\/product"}],"about":[{"href":"https:\/\/staging.gravelight.eu\/de\/wp-json\/wp\/v2\/types\/product"}],"replies":[{"embeddable":true,"href":"https:\/\/staging.gravelight.eu\/de\/wp-json\/wp\/v2\/comments?post=6267"}],"wp:featuredmedia":[{"embeddable":true,"href":"https:\/\/staging.gravelight.eu\/de\/wp-json\/wp\/v2\/media\/65216"}],"wp:attachment":[{"href":"https:\/\/staging.gravelight.eu\/de\/wp-json\/wp\/v2\/media?parent=6267"}],"wp:term":[{"taxonomy":"product_brand","embeddable":true,"href":"https:\/\/staging.gravelight.eu\/de\/wp-json\/wp\/v2\/product_brand?post=6267"},{"taxonomy":"product_cat","embeddable":true,"href":"https:\/\/staging.gravelight.eu\/de\/wp-json\/wp\/v2\/product_cat?post=6267"},{"taxonomy":"product_tag","embeddable":true,"href":"https:\/\/staging.gravelight.eu\/de\/wp-json\/wp\/v2\/product_tag?post=6267"}],"curies":[{"name":"wp","href":"https:\/\/api.w.org\/{rel}","templated":true}]}}