{"id":61792,"date":"2023-03-23T09:28:13","date_gmt":"2023-03-23T08:28:13","guid":{"rendered":"https:\/\/staging.gravelight.eu\/?post_type=product&#038;p=61792"},"modified":"2024-10-04T08:44:58","modified_gmt":"2024-10-04T06:44:58","slug":"statua-andeo-moleci-bijeli-fenjer-lampio","status":"publish","type":"product","link":"https:\/\/staging.gravelight.eu\/de\/trgovina\/statua-andeo-moleci-bijeli-fenjer-lampio\/","title":{"rendered":"STATUA AN\u0110EO MOLE\u0106I BIJELI FENJER LAMPIO"},"content":{"rendered":"","protected":false},"excerpt":{"rendered":"","protected":false},"featured_media":61801,"comment_status":"closed","ping_status":"closed","template":"","meta":{"_acf_changed":false},"product_brand":[],"product_cat":[5139],"product_tag":[44609,45217,45218,45219,45222,45223,45224,45225,54036,54037],"class_list":{"0":"post-61792","1":"product","2":"type-product","3":"status-publish","4":"has-post-thumbnail","6":"product_cat-uncategorized-de","7":"product_tag-lampion-de","8":"product_tag-statue-de","9":"product_tag-marija-de","10":"product_tag-parafin-de","11":"product_tag-kip-de","12":"product_tag-andeo-de","13":"product_tag-andeli-de","14":"product_tag-isus-de","15":"product_tag-10366-de","16":"product_tag-3858888025717-de","18":"first","19":"instock","20":"taxable","21":"shipping-taxable","22":"purchasable","23":"product-type-simple"},"acf":[],"yoast_head":"<!-- This site is optimized with the Yoast SEO plugin v26.9 - https:\/\/yoast.com\/product\/yoast-seo-wordpress\/ -->\n<title>STATUA AN\u0110EO MOLE\u0106I BIJELI FENJER LAMPIO - NET d.o.o.<\/title>\n<meta name=\"description\" content=\"Statua an\u0111eo bijele boje sa lampionom crvene boje. Visoko kvalitetni materijal. Visina statue 163 mm. Lampion gori do 42 sata\" \/>\n<meta name=\"robots\" content=\"noindex, follow, max-snippet:-1, max-image-preview:large, max-video-preview:-1\" \/>\n<meta property=\"og:locale\" content=\"de_DE\" \/>\n<meta property=\"og:type\" content=\"article\" \/>\n<meta property=\"og:title\" content=\"STATUA AN\u0110EO MOLE\u0106I BIJELI FENJER LAMPIO - NET d.o.o.\" \/>\n<meta property=\"og:description\" content=\"Statua an\u0111eo bijele boje sa lampionom crvene boje. Visoko kvalitetni materijal. Visina statue 163 mm. Lampion gori do 42 sata\" \/>\n<meta property=\"og:url\" content=\"https:\/\/staging.gravelight.eu\/de\/trgovina\/statua-andeo-moleci-bijeli-fenjer-lampio\/\" \/>\n<meta property=\"og:site_name\" content=\"NET d.o.o.\" \/>\n<meta property=\"article:modified_time\" content=\"2024-10-04T06:44:58+00:00\" \/>\n<meta property=\"og:image\" content=\"https:\/\/staging.gravelight.eu\/wp-content\/uploads\/10366.A09-scaled.jpg\" \/>\n\t<meta property=\"og:image:width\" content=\"2560\" \/>\n\t<meta property=\"og:image:height\" content=\"1707\" \/>\n\t<meta property=\"og:image:type\" content=\"image\/jpeg\" \/>\n<meta name=\"twitter:card\" content=\"summary_large_image\" \/>\n<script type=\"application\/ld+json\" class=\"yoast-schema-graph\">{\"@context\":\"https:\/\/schema.org\",\"@graph\":[{\"@type\":\"WebPage\",\"@id\":\"https:\/\/staging.gravelight.eu\/de\/trgovina\/statua-andeo-moleci-bijeli-fenjer-lampio\/\",\"url\":\"https:\/\/staging.gravelight.eu\/de\/trgovina\/statua-andeo-moleci-bijeli-fenjer-lampio\/\",\"name\":\"STATUA AN\u0110EO MOLE\u0106I BIJELI FENJER LAMPIO - NET d.o.o.\",\"isPartOf\":{\"@id\":\"https:\/\/staging.gravelight.eu\/#website\"},\"primaryImageOfPage\":{\"@id\":\"https:\/\/staging.gravelight.eu\/de\/trgovina\/statua-andeo-moleci-bijeli-fenjer-lampio\/#primaryimage\"},\"image\":{\"@id\":\"https:\/\/staging.gravelight.eu\/de\/trgovina\/statua-andeo-moleci-bijeli-fenjer-lampio\/#primaryimage\"},\"thumbnailUrl\":\"https:\/\/staging.gravelight.eu\/wp-content\/uploads\/2023\/03\/10366.A09-scaled.jpg\",\"datePublished\":\"2023-03-23T08:28:13+00:00\",\"dateModified\":\"2024-10-04T06:44:58+00:00\",\"description\":\"Statua an\u0111eo bijele boje sa lampionom crvene boje. Visoko kvalitetni materijal. Visina statue 163 mm. Lampion gori do 42 sata\",\"breadcrumb\":{\"@id\":\"https:\/\/staging.gravelight.eu\/de\/trgovina\/statua-andeo-moleci-bijeli-fenjer-lampio\/#breadcrumb\"},\"inLanguage\":\"de\",\"potentialAction\":[{\"@type\":\"ReadAction\",\"target\":[\"https:\/\/staging.gravelight.eu\/de\/trgovina\/statua-andeo-moleci-bijeli-fenjer-lampio\/\"]}]},{\"@type\":\"ImageObject\",\"inLanguage\":\"de\",\"@id\":\"https:\/\/staging.gravelight.eu\/de\/trgovina\/statua-andeo-moleci-bijeli-fenjer-lampio\/#primaryimage\",\"url\":\"https:\/\/staging.gravelight.eu\/wp-content\/uploads\/2023\/03\/10366.A09-scaled.jpg\",\"contentUrl\":\"https:\/\/staging.gravelight.eu\/wp-content\/uploads\/2023\/03\/10366.A09-scaled.jpg\",\"width\":2560,\"height\":1707},{\"@type\":\"BreadcrumbList\",\"@id\":\"https:\/\/staging.gravelight.eu\/de\/trgovina\/statua-andeo-moleci-bijeli-fenjer-lampio\/#breadcrumb\",\"itemListElement\":[{\"@type\":\"ListItem\",\"position\":1,\"name\":\"Home\",\"item\":\"https:\/\/staging.gravelight.eu\/de\/\"},{\"@type\":\"ListItem\",\"position\":2,\"name\":\"Trgovina\",\"item\":\"https:\/\/staging.gravelight.eu\/de\/trgovina-webshop\/\"},{\"@type\":\"ListItem\",\"position\":3,\"name\":\"STATUA AN\u0110EO MOLE\u0106I BIJELI FENJER LAMPIO\"}]},{\"@type\":\"WebSite\",\"@id\":\"https:\/\/staging.gravelight.eu\/#website\",\"url\":\"https:\/\/staging.gravelight.eu\/\",\"name\":\"NET d.o.o.\",\"description\":\"Das Licht und die W\u00e4rme Ihres Hauses!\",\"publisher\":{\"@id\":\"https:\/\/staging.gravelight.eu\/#organization\"},\"potentialAction\":[{\"@type\":\"SearchAction\",\"target\":{\"@type\":\"EntryPoint\",\"urlTemplate\":\"https:\/\/staging.gravelight.eu\/?s={search_term_string}\"},\"query-input\":{\"@type\":\"PropertyValueSpecification\",\"valueRequired\":true,\"valueName\":\"search_term_string\"}}],\"inLanguage\":\"de\"},{\"@type\":\"Organization\",\"@id\":\"https:\/\/staging.gravelight.eu\/#organization\",\"name\":\"NET d.o.o.\",\"url\":\"https:\/\/staging.gravelight.eu\/\",\"logo\":{\"@type\":\"ImageObject\",\"inLanguage\":\"de\",\"@id\":\"https:\/\/staging.gravelight.eu\/#\/schema\/logo\/image\/\",\"url\":\"https:\/\/staging.gravelight.eu\/wp-content\/uploads\/cropped-net-ico.png\",\"contentUrl\":\"https:\/\/staging.gravelight.eu\/wp-content\/uploads\/cropped-net-ico.png\",\"width\":512,\"height\":512,\"caption\":\"NET d.o.o.\"},\"image\":{\"@id\":\"https:\/\/staging.gravelight.eu\/#\/schema\/logo\/image\/\"}}]}<\/script>\n<!-- \/ Yoast SEO plugin. -->","yoast_head_json":{"title":"STATUA AN\u0110EO MOLE\u0106I BIJELI FENJER LAMPIO - NET d.o.o.","description":"Statua an\u0111eo bijele boje sa lampionom crvene boje. Visoko kvalitetni materijal. Visina statue 163 mm. Lampion gori do 42 sata","robots":{"index":"noindex","follow":"follow","max-snippet":"max-snippet:-1","max-image-preview":"max-image-preview:large","max-video-preview":"max-video-preview:-1"},"og_locale":"de_DE","og_type":"article","og_title":"STATUA AN\u0110EO MOLE\u0106I BIJELI FENJER LAMPIO - NET d.o.o.","og_description":"Statua an\u0111eo bijele boje sa lampionom crvene boje. Visoko kvalitetni materijal. Visina statue 163 mm. Lampion gori do 42 sata","og_url":"https:\/\/staging.gravelight.eu\/de\/trgovina\/statua-andeo-moleci-bijeli-fenjer-lampio\/","og_site_name":"NET d.o.o.","article_modified_time":"2024-10-04T06:44:58+00:00","og_image":[{"width":2560,"height":1707,"url":"https:\/\/staging.gravelight.eu\/wp-content\/uploads\/10366.A09-scaled.jpg","type":"image\/jpeg"}],"twitter_card":"summary_large_image","schema":{"@context":"https:\/\/schema.org","@graph":[{"@type":"WebPage","@id":"https:\/\/staging.gravelight.eu\/de\/trgovina\/statua-andeo-moleci-bijeli-fenjer-lampio\/","url":"https:\/\/staging.gravelight.eu\/de\/trgovina\/statua-andeo-moleci-bijeli-fenjer-lampio\/","name":"STATUA AN\u0110EO MOLE\u0106I BIJELI FENJER LAMPIO - NET d.o.o.","isPartOf":{"@id":"https:\/\/staging.gravelight.eu\/#website"},"primaryImageOfPage":{"@id":"https:\/\/staging.gravelight.eu\/de\/trgovina\/statua-andeo-moleci-bijeli-fenjer-lampio\/#primaryimage"},"image":{"@id":"https:\/\/staging.gravelight.eu\/de\/trgovina\/statua-andeo-moleci-bijeli-fenjer-lampio\/#primaryimage"},"thumbnailUrl":"https:\/\/staging.gravelight.eu\/wp-content\/uploads\/2023\/03\/10366.A09-scaled.jpg","datePublished":"2023-03-23T08:28:13+00:00","dateModified":"2024-10-04T06:44:58+00:00","description":"Statua an\u0111eo bijele boje sa lampionom crvene boje. Visoko kvalitetni materijal. Visina statue 163 mm. Lampion gori do 42 sata","breadcrumb":{"@id":"https:\/\/staging.gravelight.eu\/de\/trgovina\/statua-andeo-moleci-bijeli-fenjer-lampio\/#breadcrumb"},"inLanguage":"de","potentialAction":[{"@type":"ReadAction","target":["https:\/\/staging.gravelight.eu\/de\/trgovina\/statua-andeo-moleci-bijeli-fenjer-lampio\/"]}]},{"@type":"ImageObject","inLanguage":"de","@id":"https:\/\/staging.gravelight.eu\/de\/trgovina\/statua-andeo-moleci-bijeli-fenjer-lampio\/#primaryimage","url":"https:\/\/staging.gravelight.eu\/wp-content\/uploads\/2023\/03\/10366.A09-scaled.jpg","contentUrl":"https:\/\/staging.gravelight.eu\/wp-content\/uploads\/2023\/03\/10366.A09-scaled.jpg","width":2560,"height":1707},{"@type":"BreadcrumbList","@id":"https:\/\/staging.gravelight.eu\/de\/trgovina\/statua-andeo-moleci-bijeli-fenjer-lampio\/#breadcrumb","itemListElement":[{"@type":"ListItem","position":1,"name":"Home","item":"https:\/\/staging.gravelight.eu\/de\/"},{"@type":"ListItem","position":2,"name":"Trgovina","item":"https:\/\/staging.gravelight.eu\/de\/trgovina-webshop\/"},{"@type":"ListItem","position":3,"name":"STATUA AN\u0110EO MOLE\u0106I BIJELI FENJER LAMPIO"}]},{"@type":"WebSite","@id":"https:\/\/staging.gravelight.eu\/#website","url":"https:\/\/staging.gravelight.eu\/","name":"NET d.o.o.","description":"Das Licht und die W\u00e4rme Ihres Hauses!","publisher":{"@id":"https:\/\/staging.gravelight.eu\/#organization"},"potentialAction":[{"@type":"SearchAction","target":{"@type":"EntryPoint","urlTemplate":"https:\/\/staging.gravelight.eu\/?s={search_term_string}"},"query-input":{"@type":"PropertyValueSpecification","valueRequired":true,"valueName":"search_term_string"}}],"inLanguage":"de"},{"@type":"Organization","@id":"https:\/\/staging.gravelight.eu\/#organization","name":"NET d.o.o.","url":"https:\/\/staging.gravelight.eu\/","logo":{"@type":"ImageObject","inLanguage":"de","@id":"https:\/\/staging.gravelight.eu\/#\/schema\/logo\/image\/","url":"https:\/\/staging.gravelight.eu\/wp-content\/uploads\/cropped-net-ico.png","contentUrl":"https:\/\/staging.gravelight.eu\/wp-content\/uploads\/cropped-net-ico.png","width":512,"height":512,"caption":"NET d.o.o."},"image":{"@id":"https:\/\/staging.gravelight.eu\/#\/schema\/logo\/image\/"}}]}},"_links":{"self":[{"href":"https:\/\/staging.gravelight.eu\/de\/wp-json\/wp\/v2\/product\/61792","targetHints":{"allow":["GET"]}}],"collection":[{"href":"https:\/\/staging.gravelight.eu\/de\/wp-json\/wp\/v2\/product"}],"about":[{"href":"https:\/\/staging.gravelight.eu\/de\/wp-json\/wp\/v2\/types\/product"}],"replies":[{"embeddable":true,"href":"https:\/\/staging.gravelight.eu\/de\/wp-json\/wp\/v2\/comments?post=61792"}],"wp:featuredmedia":[{"embeddable":true,"href":"https:\/\/staging.gravelight.eu\/de\/wp-json\/wp\/v2\/media\/61801"}],"wp:attachment":[{"href":"https:\/\/staging.gravelight.eu\/de\/wp-json\/wp\/v2\/media?parent=61792"}],"wp:term":[{"taxonomy":"product_brand","embeddable":true,"href":"https:\/\/staging.gravelight.eu\/de\/wp-json\/wp\/v2\/product_brand?post=61792"},{"taxonomy":"product_cat","embeddable":true,"href":"https:\/\/staging.gravelight.eu\/de\/wp-json\/wp\/v2\/product_cat?post=61792"},{"taxonomy":"product_tag","embeddable":true,"href":"https:\/\/staging.gravelight.eu\/de\/wp-json\/wp\/v2\/product_tag?post=61792"}],"curies":[{"name":"wp","href":"https:\/\/api.w.org\/{rel}","templated":true}]}}