{"id":60874,"date":"2022-11-14T11:47:42","date_gmt":"2022-11-14T10:47:42","guid":{"rendered":"https:\/\/staging.gravelight.eu\/?post_type=product&#038;p=60874"},"modified":"2024-10-04T08:44:06","modified_gmt":"2024-10-04T06:44:06","slug":"mirisna-svijeca-dez-xmedo-stklenka","status":"publish","type":"product","link":"https:\/\/staging.gravelight.eu\/de\/trgovina\/mirisna-svijeca-dez-xmedo-stklenka\/","title":{"rendered":"MIRISNA SVIJE\u0106A DEZ XMEDO STKLENKA"},"content":{"rendered":"","protected":false},"excerpt":{"rendered":"","protected":false},"featured_media":60881,"comment_status":"closed","ping_status":"closed","template":"","meta":{"_acf_changed":false},"product_brand":[],"product_cat":[5139],"product_tag":[43728,43729,43730,53854,53855,43155,43227,43228,43229,43333],"class_list":{"0":"post-60874","1":"product","2":"type-product","3":"status-publish","4":"has-post-thumbnail","6":"product_cat-uncategorized-de","7":"product_tag-dez-de","8":"product_tag-tbl7-1-de","9":"product_tag-folija-de","10":"product_tag-10227-de","11":"product_tag-5906927028347-de","12":"product_tag-miris-de","13":"product_tag-staklene-de","14":"product_tag-dezen-de","15":"product_tag-color-de","16":"product_tag-svijece-de","18":"first","19":"instock","20":"taxable","21":"shipping-taxable","22":"purchasable","23":"product-type-simple"},"acf":[],"yoast_head":"<!-- This site is optimized with the Yoast SEO plugin v26.9 - https:\/\/yoast.com\/product\/yoast-seo-wordpress\/ -->\n<title>MIRISNA SVIJE\u0106A DEZ XMEDO STKLENKA - NET d.o.o.<\/title>\n<meta name=\"description\" content=\"Mirisna svije\u0107a u staklenci sa motivimas medenjaka cimeta i keksi\u0107a, primamljivog bo\u017ei\u0107og mirisa. Svije\u0107a gori do 24 sati\" \/>\n<meta name=\"robots\" content=\"noindex, follow, max-snippet:-1, max-image-preview:large, max-video-preview:-1\" \/>\n<meta property=\"og:locale\" content=\"de_DE\" \/>\n<meta property=\"og:type\" content=\"article\" \/>\n<meta property=\"og:title\" content=\"MIRISNA SVIJE\u0106A DEZ XMEDO STKLENKA - NET d.o.o.\" \/>\n<meta property=\"og:description\" content=\"Mirisna svije\u0107a u staklenci sa motivimas medenjaka cimeta i keksi\u0107a, primamljivog bo\u017ei\u0107og mirisa. Svije\u0107a gori do 24 sati\" \/>\n<meta property=\"og:url\" content=\"https:\/\/staging.gravelight.eu\/de\/trgovina\/mirisna-svijeca-dez-xmedo-stklenka\/\" \/>\n<meta property=\"og:site_name\" content=\"NET d.o.o.\" \/>\n<meta property=\"article:modified_time\" content=\"2024-10-04T06:44:06+00:00\" \/>\n<meta property=\"og:image\" content=\"https:\/\/staging.gravelight.eu\/wp-content\/uploads\/10227.A02.031.jpg\" \/>\n\t<meta property=\"og:image:width\" content=\"413\" \/>\n\t<meta property=\"og:image:height\" content=\"500\" \/>\n\t<meta property=\"og:image:type\" content=\"image\/jpeg\" \/>\n<meta name=\"twitter:card\" content=\"summary_large_image\" \/>\n<script type=\"application\/ld+json\" class=\"yoast-schema-graph\">{\"@context\":\"https:\/\/schema.org\",\"@graph\":[{\"@type\":\"WebPage\",\"@id\":\"https:\/\/staging.gravelight.eu\/de\/trgovina\/mirisna-svijeca-dez-xmedo-stklenka\/\",\"url\":\"https:\/\/staging.gravelight.eu\/de\/trgovina\/mirisna-svijeca-dez-xmedo-stklenka\/\",\"name\":\"MIRISNA SVIJE\u0106A DEZ XMEDO STKLENKA - NET d.o.o.\",\"isPartOf\":{\"@id\":\"https:\/\/staging.gravelight.eu\/#website\"},\"primaryImageOfPage\":{\"@id\":\"https:\/\/staging.gravelight.eu\/de\/trgovina\/mirisna-svijeca-dez-xmedo-stklenka\/#primaryimage\"},\"image\":{\"@id\":\"https:\/\/staging.gravelight.eu\/de\/trgovina\/mirisna-svijeca-dez-xmedo-stklenka\/#primaryimage\"},\"thumbnailUrl\":\"https:\/\/staging.gravelight.eu\/wp-content\/uploads\/2022\/11\/10227.A02.031.jpg\",\"datePublished\":\"2022-11-14T10:47:42+00:00\",\"dateModified\":\"2024-10-04T06:44:06+00:00\",\"description\":\"Mirisna svije\u0107a u staklenci sa motivimas medenjaka cimeta i keksi\u0107a, primamljivog bo\u017ei\u0107og mirisa. Svije\u0107a gori do 24 sati\",\"breadcrumb\":{\"@id\":\"https:\/\/staging.gravelight.eu\/de\/trgovina\/mirisna-svijeca-dez-xmedo-stklenka\/#breadcrumb\"},\"inLanguage\":\"de\",\"potentialAction\":[{\"@type\":\"ReadAction\",\"target\":[\"https:\/\/staging.gravelight.eu\/de\/trgovina\/mirisna-svijeca-dez-xmedo-stklenka\/\"]}]},{\"@type\":\"ImageObject\",\"inLanguage\":\"de\",\"@id\":\"https:\/\/staging.gravelight.eu\/de\/trgovina\/mirisna-svijeca-dez-xmedo-stklenka\/#primaryimage\",\"url\":\"https:\/\/staging.gravelight.eu\/wp-content\/uploads\/2022\/11\/10227.A02.031.jpg\",\"contentUrl\":\"https:\/\/staging.gravelight.eu\/wp-content\/uploads\/2022\/11\/10227.A02.031.jpg\",\"width\":413,\"height\":500},{\"@type\":\"BreadcrumbList\",\"@id\":\"https:\/\/staging.gravelight.eu\/de\/trgovina\/mirisna-svijeca-dez-xmedo-stklenka\/#breadcrumb\",\"itemListElement\":[{\"@type\":\"ListItem\",\"position\":1,\"name\":\"Home\",\"item\":\"https:\/\/staging.gravelight.eu\/de\/\"},{\"@type\":\"ListItem\",\"position\":2,\"name\":\"Trgovina\",\"item\":\"https:\/\/staging.gravelight.eu\/de\/trgovina-webshop\/\"},{\"@type\":\"ListItem\",\"position\":3,\"name\":\"MIRISNA SVIJE\u0106A DEZ XMEDO STKLENKA\"}]},{\"@type\":\"WebSite\",\"@id\":\"https:\/\/staging.gravelight.eu\/#website\",\"url\":\"https:\/\/staging.gravelight.eu\/\",\"name\":\"NET d.o.o.\",\"description\":\"Das Licht und die W\u00e4rme Ihres Hauses!\",\"publisher\":{\"@id\":\"https:\/\/staging.gravelight.eu\/#organization\"},\"potentialAction\":[{\"@type\":\"SearchAction\",\"target\":{\"@type\":\"EntryPoint\",\"urlTemplate\":\"https:\/\/staging.gravelight.eu\/?s={search_term_string}\"},\"query-input\":{\"@type\":\"PropertyValueSpecification\",\"valueRequired\":true,\"valueName\":\"search_term_string\"}}],\"inLanguage\":\"de\"},{\"@type\":\"Organization\",\"@id\":\"https:\/\/staging.gravelight.eu\/#organization\",\"name\":\"NET d.o.o.\",\"url\":\"https:\/\/staging.gravelight.eu\/\",\"logo\":{\"@type\":\"ImageObject\",\"inLanguage\":\"de\",\"@id\":\"https:\/\/staging.gravelight.eu\/#\/schema\/logo\/image\/\",\"url\":\"https:\/\/staging.gravelight.eu\/wp-content\/uploads\/cropped-net-ico.png\",\"contentUrl\":\"https:\/\/staging.gravelight.eu\/wp-content\/uploads\/cropped-net-ico.png\",\"width\":512,\"height\":512,\"caption\":\"NET d.o.o.\"},\"image\":{\"@id\":\"https:\/\/staging.gravelight.eu\/#\/schema\/logo\/image\/\"}}]}<\/script>\n<!-- \/ Yoast SEO plugin. -->","yoast_head_json":{"title":"MIRISNA SVIJE\u0106A DEZ XMEDO STKLENKA - NET d.o.o.","description":"Mirisna svije\u0107a u staklenci sa motivimas medenjaka cimeta i keksi\u0107a, primamljivog bo\u017ei\u0107og mirisa. Svije\u0107a gori do 24 sati","robots":{"index":"noindex","follow":"follow","max-snippet":"max-snippet:-1","max-image-preview":"max-image-preview:large","max-video-preview":"max-video-preview:-1"},"og_locale":"de_DE","og_type":"article","og_title":"MIRISNA SVIJE\u0106A DEZ XMEDO STKLENKA - NET d.o.o.","og_description":"Mirisna svije\u0107a u staklenci sa motivimas medenjaka cimeta i keksi\u0107a, primamljivog bo\u017ei\u0107og mirisa. Svije\u0107a gori do 24 sati","og_url":"https:\/\/staging.gravelight.eu\/de\/trgovina\/mirisna-svijeca-dez-xmedo-stklenka\/","og_site_name":"NET d.o.o.","article_modified_time":"2024-10-04T06:44:06+00:00","og_image":[{"width":413,"height":500,"url":"https:\/\/staging.gravelight.eu\/wp-content\/uploads\/10227.A02.031.jpg","type":"image\/jpeg"}],"twitter_card":"summary_large_image","schema":{"@context":"https:\/\/schema.org","@graph":[{"@type":"WebPage","@id":"https:\/\/staging.gravelight.eu\/de\/trgovina\/mirisna-svijeca-dez-xmedo-stklenka\/","url":"https:\/\/staging.gravelight.eu\/de\/trgovina\/mirisna-svijeca-dez-xmedo-stklenka\/","name":"MIRISNA SVIJE\u0106A DEZ XMEDO STKLENKA - NET d.o.o.","isPartOf":{"@id":"https:\/\/staging.gravelight.eu\/#website"},"primaryImageOfPage":{"@id":"https:\/\/staging.gravelight.eu\/de\/trgovina\/mirisna-svijeca-dez-xmedo-stklenka\/#primaryimage"},"image":{"@id":"https:\/\/staging.gravelight.eu\/de\/trgovina\/mirisna-svijeca-dez-xmedo-stklenka\/#primaryimage"},"thumbnailUrl":"https:\/\/staging.gravelight.eu\/wp-content\/uploads\/2022\/11\/10227.A02.031.jpg","datePublished":"2022-11-14T10:47:42+00:00","dateModified":"2024-10-04T06:44:06+00:00","description":"Mirisna svije\u0107a u staklenci sa motivimas medenjaka cimeta i keksi\u0107a, primamljivog bo\u017ei\u0107og mirisa. Svije\u0107a gori do 24 sati","breadcrumb":{"@id":"https:\/\/staging.gravelight.eu\/de\/trgovina\/mirisna-svijeca-dez-xmedo-stklenka\/#breadcrumb"},"inLanguage":"de","potentialAction":[{"@type":"ReadAction","target":["https:\/\/staging.gravelight.eu\/de\/trgovina\/mirisna-svijeca-dez-xmedo-stklenka\/"]}]},{"@type":"ImageObject","inLanguage":"de","@id":"https:\/\/staging.gravelight.eu\/de\/trgovina\/mirisna-svijeca-dez-xmedo-stklenka\/#primaryimage","url":"https:\/\/staging.gravelight.eu\/wp-content\/uploads\/2022\/11\/10227.A02.031.jpg","contentUrl":"https:\/\/staging.gravelight.eu\/wp-content\/uploads\/2022\/11\/10227.A02.031.jpg","width":413,"height":500},{"@type":"BreadcrumbList","@id":"https:\/\/staging.gravelight.eu\/de\/trgovina\/mirisna-svijeca-dez-xmedo-stklenka\/#breadcrumb","itemListElement":[{"@type":"ListItem","position":1,"name":"Home","item":"https:\/\/staging.gravelight.eu\/de\/"},{"@type":"ListItem","position":2,"name":"Trgovina","item":"https:\/\/staging.gravelight.eu\/de\/trgovina-webshop\/"},{"@type":"ListItem","position":3,"name":"MIRISNA SVIJE\u0106A DEZ XMEDO STKLENKA"}]},{"@type":"WebSite","@id":"https:\/\/staging.gravelight.eu\/#website","url":"https:\/\/staging.gravelight.eu\/","name":"NET d.o.o.","description":"Das Licht und die W\u00e4rme Ihres Hauses!","publisher":{"@id":"https:\/\/staging.gravelight.eu\/#organization"},"potentialAction":[{"@type":"SearchAction","target":{"@type":"EntryPoint","urlTemplate":"https:\/\/staging.gravelight.eu\/?s={search_term_string}"},"query-input":{"@type":"PropertyValueSpecification","valueRequired":true,"valueName":"search_term_string"}}],"inLanguage":"de"},{"@type":"Organization","@id":"https:\/\/staging.gravelight.eu\/#organization","name":"NET d.o.o.","url":"https:\/\/staging.gravelight.eu\/","logo":{"@type":"ImageObject","inLanguage":"de","@id":"https:\/\/staging.gravelight.eu\/#\/schema\/logo\/image\/","url":"https:\/\/staging.gravelight.eu\/wp-content\/uploads\/cropped-net-ico.png","contentUrl":"https:\/\/staging.gravelight.eu\/wp-content\/uploads\/cropped-net-ico.png","width":512,"height":512,"caption":"NET d.o.o."},"image":{"@id":"https:\/\/staging.gravelight.eu\/#\/schema\/logo\/image\/"}}]}},"_links":{"self":[{"href":"https:\/\/staging.gravelight.eu\/de\/wp-json\/wp\/v2\/product\/60874","targetHints":{"allow":["GET"]}}],"collection":[{"href":"https:\/\/staging.gravelight.eu\/de\/wp-json\/wp\/v2\/product"}],"about":[{"href":"https:\/\/staging.gravelight.eu\/de\/wp-json\/wp\/v2\/types\/product"}],"replies":[{"embeddable":true,"href":"https:\/\/staging.gravelight.eu\/de\/wp-json\/wp\/v2\/comments?post=60874"}],"wp:featuredmedia":[{"embeddable":true,"href":"https:\/\/staging.gravelight.eu\/de\/wp-json\/wp\/v2\/media\/60881"}],"wp:attachment":[{"href":"https:\/\/staging.gravelight.eu\/de\/wp-json\/wp\/v2\/media?parent=60874"}],"wp:term":[{"taxonomy":"product_brand","embeddable":true,"href":"https:\/\/staging.gravelight.eu\/de\/wp-json\/wp\/v2\/product_brand?post=60874"},{"taxonomy":"product_cat","embeddable":true,"href":"https:\/\/staging.gravelight.eu\/de\/wp-json\/wp\/v2\/product_cat?post=60874"},{"taxonomy":"product_tag","embeddable":true,"href":"https:\/\/staging.gravelight.eu\/de\/wp-json\/wp\/v2\/product_tag?post=60874"}],"curies":[{"name":"wp","href":"https:\/\/api.w.org\/{rel}","templated":true}]}}