{"id":59640,"date":"2022-01-24T15:27:32","date_gmt":"2022-01-24T14:27:32","guid":{"rendered":"https:\/\/staging.gravelight.eu\/?post_type=product&#038;p=59640"},"modified":"2024-10-04T08:58:42","modified_gmt":"2024-10-04T06:58:42","slug":"mirisna-svijeca-val-ko-green-tea-staklen","status":"publish","type":"product","link":"https:\/\/staging.gravelight.eu\/de\/trgovina\/mirisna-svijeca-val-ko-green-tea-staklen\/","title":{"rendered":"MIRISNA SVIJE\u0106A VAL KO GREEN TEA STAKLEN"},"content":{"rendered":"","protected":false},"excerpt":{"rendered":"","protected":false},"featured_media":59655,"comment_status":"closed","ping_status":"closed","template":"","meta":{"_acf_changed":false},"product_brand":[],"product_cat":[5139],"product_tag":[43155,53444,53445,54084,54085,54086,54087],"class_list":{"0":"post-59640","1":"product","2":"type-product","3":"status-publish","4":"has-post-thumbnail","6":"product_cat-uncategorized-de","7":"product_tag-miris-de","8":"product_tag-12219-de","9":"product_tag-5906927280837-de","10":"product_tag-tbl1-4-de","11":"product_tag-trobojna-de","12":"product_tag-staklenka-de","13":"product_tag-dvastijena-de","15":"first","16":"instock","17":"taxable","18":"shipping-taxable","19":"purchasable","20":"product-type-simple"},"acf":[],"yoast_head":"<!-- This site is optimized with the Yoast SEO plugin v26.9 - https:\/\/yoast.com\/product\/yoast-seo-wordpress\/ -->\n<title>MIRISNA SVIJE\u0106A VAL KO GREEN TEA STAKLEN - NET d.o.o.<\/title>\n<meta name=\"description\" content=\"Svije\u0107e u \u010detvrtastom staklu s trobojnim voskom savr\u0161eno su rje\u0161enje za ljude koji cijene funkcionalnost i moderan dizajn. Zahvaljuju\u0107i dva fitilja, plamen svije\u0107e je intenzivniji. Mirisna svije\u0107a Val Green Tea. Svije\u0107a gori do 32 sata\" \/>\n<meta name=\"robots\" content=\"noindex, follow, max-snippet:-1, max-image-preview:large, max-video-preview:-1\" \/>\n<meta property=\"og:locale\" content=\"de_DE\" \/>\n<meta property=\"og:type\" content=\"article\" \/>\n<meta property=\"og:title\" content=\"MIRISNA SVIJE\u0106A VAL KO GREEN TEA STAKLEN - NET d.o.o.\" \/>\n<meta property=\"og:description\" content=\"Svije\u0107e u \u010detvrtastom staklu s trobojnim voskom savr\u0161eno su rje\u0161enje za ljude koji cijene funkcionalnost i moderan dizajn. Zahvaljuju\u0107i dva fitilja, plamen svije\u0107e je intenzivniji. Mirisna svije\u0107a Val Green Tea. Svije\u0107a gori do 32 sata\" \/>\n<meta property=\"og:url\" content=\"https:\/\/staging.gravelight.eu\/de\/trgovina\/mirisna-svijeca-val-ko-green-tea-staklen\/\" \/>\n<meta property=\"og:site_name\" content=\"NET d.o.o.\" \/>\n<meta property=\"article:modified_time\" content=\"2024-10-04T06:58:42+00:00\" \/>\n<meta property=\"og:image\" content=\"https:\/\/staging.gravelight.eu\/wp-content\/uploads\/12219.A19.028-1.jpg\" \/>\n\t<meta property=\"og:image:width\" content=\"2111\" \/>\n\t<meta property=\"og:image:height\" content=\"2045\" \/>\n\t<meta property=\"og:image:type\" content=\"image\/jpeg\" \/>\n<meta name=\"twitter:card\" content=\"summary_large_image\" \/>\n<script type=\"application\/ld+json\" class=\"yoast-schema-graph\">{\"@context\":\"https:\/\/schema.org\",\"@graph\":[{\"@type\":\"WebPage\",\"@id\":\"https:\/\/staging.gravelight.eu\/de\/trgovina\/mirisna-svijeca-val-ko-green-tea-staklen\/\",\"url\":\"https:\/\/staging.gravelight.eu\/de\/trgovina\/mirisna-svijeca-val-ko-green-tea-staklen\/\",\"name\":\"MIRISNA SVIJE\u0106A VAL KO GREEN TEA STAKLEN - NET d.o.o.\",\"isPartOf\":{\"@id\":\"https:\/\/staging.gravelight.eu\/#website\"},\"primaryImageOfPage\":{\"@id\":\"https:\/\/staging.gravelight.eu\/de\/trgovina\/mirisna-svijeca-val-ko-green-tea-staklen\/#primaryimage\"},\"image\":{\"@id\":\"https:\/\/staging.gravelight.eu\/de\/trgovina\/mirisna-svijeca-val-ko-green-tea-staklen\/#primaryimage\"},\"thumbnailUrl\":\"https:\/\/staging.gravelight.eu\/wp-content\/uploads\/2022\/01\/12219.A19.028-1.jpg\",\"datePublished\":\"2022-01-24T14:27:32+00:00\",\"dateModified\":\"2024-10-04T06:58:42+00:00\",\"description\":\"Svije\u0107e u \u010detvrtastom staklu s trobojnim voskom savr\u0161eno su rje\u0161enje za ljude koji cijene funkcionalnost i moderan dizajn. Zahvaljuju\u0107i dva fitilja, plamen svije\u0107e je intenzivniji. Mirisna svije\u0107a Val Green Tea. Svije\u0107a gori do 32 sata\",\"breadcrumb\":{\"@id\":\"https:\/\/staging.gravelight.eu\/de\/trgovina\/mirisna-svijeca-val-ko-green-tea-staklen\/#breadcrumb\"},\"inLanguage\":\"de\",\"potentialAction\":[{\"@type\":\"ReadAction\",\"target\":[\"https:\/\/staging.gravelight.eu\/de\/trgovina\/mirisna-svijeca-val-ko-green-tea-staklen\/\"]}]},{\"@type\":\"ImageObject\",\"inLanguage\":\"de\",\"@id\":\"https:\/\/staging.gravelight.eu\/de\/trgovina\/mirisna-svijeca-val-ko-green-tea-staklen\/#primaryimage\",\"url\":\"https:\/\/staging.gravelight.eu\/wp-content\/uploads\/2022\/01\/12219.A19.028-1.jpg\",\"contentUrl\":\"https:\/\/staging.gravelight.eu\/wp-content\/uploads\/2022\/01\/12219.A19.028-1.jpg\",\"width\":2111,\"height\":2045},{\"@type\":\"BreadcrumbList\",\"@id\":\"https:\/\/staging.gravelight.eu\/de\/trgovina\/mirisna-svijeca-val-ko-green-tea-staklen\/#breadcrumb\",\"itemListElement\":[{\"@type\":\"ListItem\",\"position\":1,\"name\":\"Home\",\"item\":\"https:\/\/staging.gravelight.eu\/de\/\"},{\"@type\":\"ListItem\",\"position\":2,\"name\":\"Trgovina\",\"item\":\"https:\/\/staging.gravelight.eu\/de\/trgovina-webshop\/\"},{\"@type\":\"ListItem\",\"position\":3,\"name\":\"MIRISNA SVIJE\u0106A VAL KO GREEN TEA STAKLEN\"}]},{\"@type\":\"WebSite\",\"@id\":\"https:\/\/staging.gravelight.eu\/#website\",\"url\":\"https:\/\/staging.gravelight.eu\/\",\"name\":\"NET d.o.o.\",\"description\":\"Das Licht und die W\u00e4rme Ihres Hauses!\",\"publisher\":{\"@id\":\"https:\/\/staging.gravelight.eu\/#organization\"},\"potentialAction\":[{\"@type\":\"SearchAction\",\"target\":{\"@type\":\"EntryPoint\",\"urlTemplate\":\"https:\/\/staging.gravelight.eu\/?s={search_term_string}\"},\"query-input\":{\"@type\":\"PropertyValueSpecification\",\"valueRequired\":true,\"valueName\":\"search_term_string\"}}],\"inLanguage\":\"de\"},{\"@type\":\"Organization\",\"@id\":\"https:\/\/staging.gravelight.eu\/#organization\",\"name\":\"NET d.o.o.\",\"url\":\"https:\/\/staging.gravelight.eu\/\",\"logo\":{\"@type\":\"ImageObject\",\"inLanguage\":\"de\",\"@id\":\"https:\/\/staging.gravelight.eu\/#\/schema\/logo\/image\/\",\"url\":\"https:\/\/staging.gravelight.eu\/wp-content\/uploads\/cropped-net-ico.png\",\"contentUrl\":\"https:\/\/staging.gravelight.eu\/wp-content\/uploads\/cropped-net-ico.png\",\"width\":512,\"height\":512,\"caption\":\"NET d.o.o.\"},\"image\":{\"@id\":\"https:\/\/staging.gravelight.eu\/#\/schema\/logo\/image\/\"}}]}<\/script>\n<!-- \/ Yoast SEO plugin. -->","yoast_head_json":{"title":"MIRISNA SVIJE\u0106A VAL KO GREEN TEA STAKLEN - NET d.o.o.","description":"Svije\u0107e u \u010detvrtastom staklu s trobojnim voskom savr\u0161eno su rje\u0161enje za ljude koji cijene funkcionalnost i moderan dizajn. Zahvaljuju\u0107i dva fitilja, plamen svije\u0107e je intenzivniji. Mirisna svije\u0107a Val Green Tea. Svije\u0107a gori do 32 sata","robots":{"index":"noindex","follow":"follow","max-snippet":"max-snippet:-1","max-image-preview":"max-image-preview:large","max-video-preview":"max-video-preview:-1"},"og_locale":"de_DE","og_type":"article","og_title":"MIRISNA SVIJE\u0106A VAL KO GREEN TEA STAKLEN - NET d.o.o.","og_description":"Svije\u0107e u \u010detvrtastom staklu s trobojnim voskom savr\u0161eno su rje\u0161enje za ljude koji cijene funkcionalnost i moderan dizajn. Zahvaljuju\u0107i dva fitilja, plamen svije\u0107e je intenzivniji. Mirisna svije\u0107a Val Green Tea. Svije\u0107a gori do 32 sata","og_url":"https:\/\/staging.gravelight.eu\/de\/trgovina\/mirisna-svijeca-val-ko-green-tea-staklen\/","og_site_name":"NET d.o.o.","article_modified_time":"2024-10-04T06:58:42+00:00","og_image":[{"width":2111,"height":2045,"url":"https:\/\/staging.gravelight.eu\/wp-content\/uploads\/12219.A19.028-1.jpg","type":"image\/jpeg"}],"twitter_card":"summary_large_image","schema":{"@context":"https:\/\/schema.org","@graph":[{"@type":"WebPage","@id":"https:\/\/staging.gravelight.eu\/de\/trgovina\/mirisna-svijeca-val-ko-green-tea-staklen\/","url":"https:\/\/staging.gravelight.eu\/de\/trgovina\/mirisna-svijeca-val-ko-green-tea-staklen\/","name":"MIRISNA SVIJE\u0106A VAL KO GREEN TEA STAKLEN - NET d.o.o.","isPartOf":{"@id":"https:\/\/staging.gravelight.eu\/#website"},"primaryImageOfPage":{"@id":"https:\/\/staging.gravelight.eu\/de\/trgovina\/mirisna-svijeca-val-ko-green-tea-staklen\/#primaryimage"},"image":{"@id":"https:\/\/staging.gravelight.eu\/de\/trgovina\/mirisna-svijeca-val-ko-green-tea-staklen\/#primaryimage"},"thumbnailUrl":"https:\/\/staging.gravelight.eu\/wp-content\/uploads\/2022\/01\/12219.A19.028-1.jpg","datePublished":"2022-01-24T14:27:32+00:00","dateModified":"2024-10-04T06:58:42+00:00","description":"Svije\u0107e u \u010detvrtastom staklu s trobojnim voskom savr\u0161eno su rje\u0161enje za ljude koji cijene funkcionalnost i moderan dizajn. Zahvaljuju\u0107i dva fitilja, plamen svije\u0107e je intenzivniji. Mirisna svije\u0107a Val Green Tea. Svije\u0107a gori do 32 sata","breadcrumb":{"@id":"https:\/\/staging.gravelight.eu\/de\/trgovina\/mirisna-svijeca-val-ko-green-tea-staklen\/#breadcrumb"},"inLanguage":"de","potentialAction":[{"@type":"ReadAction","target":["https:\/\/staging.gravelight.eu\/de\/trgovina\/mirisna-svijeca-val-ko-green-tea-staklen\/"]}]},{"@type":"ImageObject","inLanguage":"de","@id":"https:\/\/staging.gravelight.eu\/de\/trgovina\/mirisna-svijeca-val-ko-green-tea-staklen\/#primaryimage","url":"https:\/\/staging.gravelight.eu\/wp-content\/uploads\/2022\/01\/12219.A19.028-1.jpg","contentUrl":"https:\/\/staging.gravelight.eu\/wp-content\/uploads\/2022\/01\/12219.A19.028-1.jpg","width":2111,"height":2045},{"@type":"BreadcrumbList","@id":"https:\/\/staging.gravelight.eu\/de\/trgovina\/mirisna-svijeca-val-ko-green-tea-staklen\/#breadcrumb","itemListElement":[{"@type":"ListItem","position":1,"name":"Home","item":"https:\/\/staging.gravelight.eu\/de\/"},{"@type":"ListItem","position":2,"name":"Trgovina","item":"https:\/\/staging.gravelight.eu\/de\/trgovina-webshop\/"},{"@type":"ListItem","position":3,"name":"MIRISNA SVIJE\u0106A VAL KO GREEN TEA STAKLEN"}]},{"@type":"WebSite","@id":"https:\/\/staging.gravelight.eu\/#website","url":"https:\/\/staging.gravelight.eu\/","name":"NET d.o.o.","description":"Das Licht und die W\u00e4rme Ihres Hauses!","publisher":{"@id":"https:\/\/staging.gravelight.eu\/#organization"},"potentialAction":[{"@type":"SearchAction","target":{"@type":"EntryPoint","urlTemplate":"https:\/\/staging.gravelight.eu\/?s={search_term_string}"},"query-input":{"@type":"PropertyValueSpecification","valueRequired":true,"valueName":"search_term_string"}}],"inLanguage":"de"},{"@type":"Organization","@id":"https:\/\/staging.gravelight.eu\/#organization","name":"NET d.o.o.","url":"https:\/\/staging.gravelight.eu\/","logo":{"@type":"ImageObject","inLanguage":"de","@id":"https:\/\/staging.gravelight.eu\/#\/schema\/logo\/image\/","url":"https:\/\/staging.gravelight.eu\/wp-content\/uploads\/cropped-net-ico.png","contentUrl":"https:\/\/staging.gravelight.eu\/wp-content\/uploads\/cropped-net-ico.png","width":512,"height":512,"caption":"NET d.o.o."},"image":{"@id":"https:\/\/staging.gravelight.eu\/#\/schema\/logo\/image\/"}}]}},"_links":{"self":[{"href":"https:\/\/staging.gravelight.eu\/de\/wp-json\/wp\/v2\/product\/59640","targetHints":{"allow":["GET"]}}],"collection":[{"href":"https:\/\/staging.gravelight.eu\/de\/wp-json\/wp\/v2\/product"}],"about":[{"href":"https:\/\/staging.gravelight.eu\/de\/wp-json\/wp\/v2\/types\/product"}],"replies":[{"embeddable":true,"href":"https:\/\/staging.gravelight.eu\/de\/wp-json\/wp\/v2\/comments?post=59640"}],"wp:featuredmedia":[{"embeddable":true,"href":"https:\/\/staging.gravelight.eu\/de\/wp-json\/wp\/v2\/media\/59655"}],"wp:attachment":[{"href":"https:\/\/staging.gravelight.eu\/de\/wp-json\/wp\/v2\/media?parent=59640"}],"wp:term":[{"taxonomy":"product_brand","embeddable":true,"href":"https:\/\/staging.gravelight.eu\/de\/wp-json\/wp\/v2\/product_brand?post=59640"},{"taxonomy":"product_cat","embeddable":true,"href":"https:\/\/staging.gravelight.eu\/de\/wp-json\/wp\/v2\/product_cat?post=59640"},{"taxonomy":"product_tag","embeddable":true,"href":"https:\/\/staging.gravelight.eu\/de\/wp-json\/wp\/v2\/product_tag?post=59640"}],"curies":[{"name":"wp","href":"https:\/\/api.w.org\/{rel}","templated":true}]}}