{"id":59334,"date":"2021-12-13T14:59:18","date_gmt":"2021-12-13T13:59:18","guid":{"rendered":"https:\/\/staging.gravelight.eu\/?post_type=product&#038;p=59334"},"modified":"2024-10-04T08:56:50","modified_gmt":"2024-10-04T06:56:50","slug":"svijeca-rustic-red-shimmer-bis-8068","status":"publish","type":"product","link":"https:\/\/staging.gravelight.eu\/de\/trgovina\/svijeca-rustic-red-shimmer-bis-8068\/","title":{"rendered":"SVIJE\u0106A RUSTIC RED SHIMMER BIS 8068"},"content":{"rendered":"","protected":false},"excerpt":{"rendered":"","protected":false},"featured_media":59369,"comment_status":"closed","ping_status":"closed","template":"","meta":{"_acf_changed":false},"product_brand":[],"product_cat":[5139],"product_tag":[45954,53260,53261,53524,53537,53538,44880,45952,45953],"class_list":{"0":"post-59334","1":"product","2":"type-product","3":"status-publish","4":"has-post-thumbnail","6":"product_cat-uncategorized-de","7":"product_tag-okrugli-de","8":"product_tag-12147-de","9":"product_tag-8717847150813-de","10":"product_tag-dvobojne-de","11":"product_tag-biserne-de","12":"product_tag-tbl5-4-de","13":"product_tag-rustik-de","14":"product_tag-stup-de","15":"product_tag-stupasti-de","17":"first","18":"instock","19":"taxable","20":"shipping-taxable","21":"purchasable","22":"product-type-simple"},"acf":[],"yoast_head":"<!-- This site is optimized with the Yoast SEO plugin v26.9 - https:\/\/yoast.com\/product\/yoast-seo-wordpress\/ -->\n<title>SVIJE\u0106A RUSTIC RED SHIMMER BIS 8068 - NET d.o.o.<\/title>\n<meta name=\"description\" content=\"Svije\u0107a Rustic red shimmer boje u visini do 80 mm kao ukras va\u0161em domu. Svije\u0107a gori do 35 sati.\" \/>\n<meta name=\"robots\" content=\"noindex, follow, max-snippet:-1, max-image-preview:large, max-video-preview:-1\" \/>\n<meta property=\"og:locale\" content=\"de_DE\" \/>\n<meta property=\"og:type\" content=\"article\" \/>\n<meta property=\"og:title\" content=\"SVIJE\u0106A RUSTIC RED SHIMMER BIS 8068 - NET d.o.o.\" \/>\n<meta property=\"og:description\" content=\"Svije\u0107a Rustic red shimmer boje u visini do 80 mm kao ukras va\u0161em domu. Svije\u0107a gori do 35 sati.\" \/>\n<meta property=\"og:url\" content=\"https:\/\/staging.gravelight.eu\/de\/trgovina\/svijeca-rustic-red-shimmer-bis-8068\/\" \/>\n<meta property=\"og:site_name\" content=\"NET d.o.o.\" \/>\n<meta property=\"article:modified_time\" content=\"2024-10-04T06:56:50+00:00\" \/>\n<meta property=\"og:image\" content=\"https:\/\/staging.gravelight.eu\/wp-content\/uploads\/12147.A11.jpg\" \/>\n\t<meta property=\"og:image:width\" content=\"1415\" \/>\n\t<meta property=\"og:image:height\" content=\"2135\" \/>\n\t<meta property=\"og:image:type\" content=\"image\/jpeg\" \/>\n<meta name=\"twitter:card\" content=\"summary_large_image\" \/>\n<script type=\"application\/ld+json\" class=\"yoast-schema-graph\">{\"@context\":\"https:\/\/schema.org\",\"@graph\":[{\"@type\":\"WebPage\",\"@id\":\"https:\/\/staging.gravelight.eu\/de\/trgovina\/svijeca-rustic-red-shimmer-bis-8068\/\",\"url\":\"https:\/\/staging.gravelight.eu\/de\/trgovina\/svijeca-rustic-red-shimmer-bis-8068\/\",\"name\":\"SVIJE\u0106A RUSTIC RED SHIMMER BIS 8068 - NET d.o.o.\",\"isPartOf\":{\"@id\":\"https:\/\/staging.gravelight.eu\/#website\"},\"primaryImageOfPage\":{\"@id\":\"https:\/\/staging.gravelight.eu\/de\/trgovina\/svijeca-rustic-red-shimmer-bis-8068\/#primaryimage\"},\"image\":{\"@id\":\"https:\/\/staging.gravelight.eu\/de\/trgovina\/svijeca-rustic-red-shimmer-bis-8068\/#primaryimage\"},\"thumbnailUrl\":\"https:\/\/staging.gravelight.eu\/wp-content\/uploads\/2021\/12\/12147.A11.jpg\",\"datePublished\":\"2021-12-13T13:59:18+00:00\",\"dateModified\":\"2024-10-04T06:56:50+00:00\",\"description\":\"Svije\u0107a Rustic red shimmer boje u visini do 80 mm kao ukras va\u0161em domu. Svije\u0107a gori do 35 sati.\",\"breadcrumb\":{\"@id\":\"https:\/\/staging.gravelight.eu\/de\/trgovina\/svijeca-rustic-red-shimmer-bis-8068\/#breadcrumb\"},\"inLanguage\":\"de\",\"potentialAction\":[{\"@type\":\"ReadAction\",\"target\":[\"https:\/\/staging.gravelight.eu\/de\/trgovina\/svijeca-rustic-red-shimmer-bis-8068\/\"]}]},{\"@type\":\"ImageObject\",\"inLanguage\":\"de\",\"@id\":\"https:\/\/staging.gravelight.eu\/de\/trgovina\/svijeca-rustic-red-shimmer-bis-8068\/#primaryimage\",\"url\":\"https:\/\/staging.gravelight.eu\/wp-content\/uploads\/2021\/12\/12147.A11.jpg\",\"contentUrl\":\"https:\/\/staging.gravelight.eu\/wp-content\/uploads\/2021\/12\/12147.A11.jpg\",\"width\":1415,\"height\":2135},{\"@type\":\"BreadcrumbList\",\"@id\":\"https:\/\/staging.gravelight.eu\/de\/trgovina\/svijeca-rustic-red-shimmer-bis-8068\/#breadcrumb\",\"itemListElement\":[{\"@type\":\"ListItem\",\"position\":1,\"name\":\"Home\",\"item\":\"https:\/\/staging.gravelight.eu\/de\/\"},{\"@type\":\"ListItem\",\"position\":2,\"name\":\"Trgovina\",\"item\":\"https:\/\/staging.gravelight.eu\/de\/trgovina-webshop\/\"},{\"@type\":\"ListItem\",\"position\":3,\"name\":\"SVIJE\u0106A RUSTIC RED SHIMMER BIS 8068\"}]},{\"@type\":\"WebSite\",\"@id\":\"https:\/\/staging.gravelight.eu\/#website\",\"url\":\"https:\/\/staging.gravelight.eu\/\",\"name\":\"NET d.o.o.\",\"description\":\"Das Licht und die W\u00e4rme Ihres Hauses!\",\"publisher\":{\"@id\":\"https:\/\/staging.gravelight.eu\/#organization\"},\"potentialAction\":[{\"@type\":\"SearchAction\",\"target\":{\"@type\":\"EntryPoint\",\"urlTemplate\":\"https:\/\/staging.gravelight.eu\/?s={search_term_string}\"},\"query-input\":{\"@type\":\"PropertyValueSpecification\",\"valueRequired\":true,\"valueName\":\"search_term_string\"}}],\"inLanguage\":\"de\"},{\"@type\":\"Organization\",\"@id\":\"https:\/\/staging.gravelight.eu\/#organization\",\"name\":\"NET d.o.o.\",\"url\":\"https:\/\/staging.gravelight.eu\/\",\"logo\":{\"@type\":\"ImageObject\",\"inLanguage\":\"de\",\"@id\":\"https:\/\/staging.gravelight.eu\/#\/schema\/logo\/image\/\",\"url\":\"https:\/\/staging.gravelight.eu\/wp-content\/uploads\/cropped-net-ico.png\",\"contentUrl\":\"https:\/\/staging.gravelight.eu\/wp-content\/uploads\/cropped-net-ico.png\",\"width\":512,\"height\":512,\"caption\":\"NET d.o.o.\"},\"image\":{\"@id\":\"https:\/\/staging.gravelight.eu\/#\/schema\/logo\/image\/\"}}]}<\/script>\n<!-- \/ Yoast SEO plugin. -->","yoast_head_json":{"title":"SVIJE\u0106A RUSTIC RED SHIMMER BIS 8068 - NET d.o.o.","description":"Svije\u0107a Rustic red shimmer boje u visini do 80 mm kao ukras va\u0161em domu. Svije\u0107a gori do 35 sati.","robots":{"index":"noindex","follow":"follow","max-snippet":"max-snippet:-1","max-image-preview":"max-image-preview:large","max-video-preview":"max-video-preview:-1"},"og_locale":"de_DE","og_type":"article","og_title":"SVIJE\u0106A RUSTIC RED SHIMMER BIS 8068 - NET d.o.o.","og_description":"Svije\u0107a Rustic red shimmer boje u visini do 80 mm kao ukras va\u0161em domu. Svije\u0107a gori do 35 sati.","og_url":"https:\/\/staging.gravelight.eu\/de\/trgovina\/svijeca-rustic-red-shimmer-bis-8068\/","og_site_name":"NET d.o.o.","article_modified_time":"2024-10-04T06:56:50+00:00","og_image":[{"width":1415,"height":2135,"url":"https:\/\/staging.gravelight.eu\/wp-content\/uploads\/12147.A11.jpg","type":"image\/jpeg"}],"twitter_card":"summary_large_image","schema":{"@context":"https:\/\/schema.org","@graph":[{"@type":"WebPage","@id":"https:\/\/staging.gravelight.eu\/de\/trgovina\/svijeca-rustic-red-shimmer-bis-8068\/","url":"https:\/\/staging.gravelight.eu\/de\/trgovina\/svijeca-rustic-red-shimmer-bis-8068\/","name":"SVIJE\u0106A RUSTIC RED SHIMMER BIS 8068 - NET d.o.o.","isPartOf":{"@id":"https:\/\/staging.gravelight.eu\/#website"},"primaryImageOfPage":{"@id":"https:\/\/staging.gravelight.eu\/de\/trgovina\/svijeca-rustic-red-shimmer-bis-8068\/#primaryimage"},"image":{"@id":"https:\/\/staging.gravelight.eu\/de\/trgovina\/svijeca-rustic-red-shimmer-bis-8068\/#primaryimage"},"thumbnailUrl":"https:\/\/staging.gravelight.eu\/wp-content\/uploads\/2021\/12\/12147.A11.jpg","datePublished":"2021-12-13T13:59:18+00:00","dateModified":"2024-10-04T06:56:50+00:00","description":"Svije\u0107a Rustic red shimmer boje u visini do 80 mm kao ukras va\u0161em domu. Svije\u0107a gori do 35 sati.","breadcrumb":{"@id":"https:\/\/staging.gravelight.eu\/de\/trgovina\/svijeca-rustic-red-shimmer-bis-8068\/#breadcrumb"},"inLanguage":"de","potentialAction":[{"@type":"ReadAction","target":["https:\/\/staging.gravelight.eu\/de\/trgovina\/svijeca-rustic-red-shimmer-bis-8068\/"]}]},{"@type":"ImageObject","inLanguage":"de","@id":"https:\/\/staging.gravelight.eu\/de\/trgovina\/svijeca-rustic-red-shimmer-bis-8068\/#primaryimage","url":"https:\/\/staging.gravelight.eu\/wp-content\/uploads\/2021\/12\/12147.A11.jpg","contentUrl":"https:\/\/staging.gravelight.eu\/wp-content\/uploads\/2021\/12\/12147.A11.jpg","width":1415,"height":2135},{"@type":"BreadcrumbList","@id":"https:\/\/staging.gravelight.eu\/de\/trgovina\/svijeca-rustic-red-shimmer-bis-8068\/#breadcrumb","itemListElement":[{"@type":"ListItem","position":1,"name":"Home","item":"https:\/\/staging.gravelight.eu\/de\/"},{"@type":"ListItem","position":2,"name":"Trgovina","item":"https:\/\/staging.gravelight.eu\/de\/trgovina-webshop\/"},{"@type":"ListItem","position":3,"name":"SVIJE\u0106A RUSTIC RED SHIMMER BIS 8068"}]},{"@type":"WebSite","@id":"https:\/\/staging.gravelight.eu\/#website","url":"https:\/\/staging.gravelight.eu\/","name":"NET d.o.o.","description":"Das Licht und die W\u00e4rme Ihres Hauses!","publisher":{"@id":"https:\/\/staging.gravelight.eu\/#organization"},"potentialAction":[{"@type":"SearchAction","target":{"@type":"EntryPoint","urlTemplate":"https:\/\/staging.gravelight.eu\/?s={search_term_string}"},"query-input":{"@type":"PropertyValueSpecification","valueRequired":true,"valueName":"search_term_string"}}],"inLanguage":"de"},{"@type":"Organization","@id":"https:\/\/staging.gravelight.eu\/#organization","name":"NET d.o.o.","url":"https:\/\/staging.gravelight.eu\/","logo":{"@type":"ImageObject","inLanguage":"de","@id":"https:\/\/staging.gravelight.eu\/#\/schema\/logo\/image\/","url":"https:\/\/staging.gravelight.eu\/wp-content\/uploads\/cropped-net-ico.png","contentUrl":"https:\/\/staging.gravelight.eu\/wp-content\/uploads\/cropped-net-ico.png","width":512,"height":512,"caption":"NET d.o.o."},"image":{"@id":"https:\/\/staging.gravelight.eu\/#\/schema\/logo\/image\/"}}]}},"_links":{"self":[{"href":"https:\/\/staging.gravelight.eu\/de\/wp-json\/wp\/v2\/product\/59334","targetHints":{"allow":["GET"]}}],"collection":[{"href":"https:\/\/staging.gravelight.eu\/de\/wp-json\/wp\/v2\/product"}],"about":[{"href":"https:\/\/staging.gravelight.eu\/de\/wp-json\/wp\/v2\/types\/product"}],"replies":[{"embeddable":true,"href":"https:\/\/staging.gravelight.eu\/de\/wp-json\/wp\/v2\/comments?post=59334"}],"wp:featuredmedia":[{"embeddable":true,"href":"https:\/\/staging.gravelight.eu\/de\/wp-json\/wp\/v2\/media\/59369"}],"wp:attachment":[{"href":"https:\/\/staging.gravelight.eu\/de\/wp-json\/wp\/v2\/media?parent=59334"}],"wp:term":[{"taxonomy":"product_brand","embeddable":true,"href":"https:\/\/staging.gravelight.eu\/de\/wp-json\/wp\/v2\/product_brand?post=59334"},{"taxonomy":"product_cat","embeddable":true,"href":"https:\/\/staging.gravelight.eu\/de\/wp-json\/wp\/v2\/product_cat?post=59334"},{"taxonomy":"product_tag","embeddable":true,"href":"https:\/\/staging.gravelight.eu\/de\/wp-json\/wp\/v2\/product_tag?post=59334"}],"curies":[{"name":"wp","href":"https:\/\/api.w.org\/{rel}","templated":true}]}}