{"id":59197,"date":"2021-12-09T12:19:13","date_gmt":"2021-12-09T11:19:13","guid":{"rendered":"https:\/\/staging.gravelight.eu\/?post_type=product&#038;p=59197"},"modified":"2024-10-04T08:57:25","modified_gmt":"2024-10-04T06:57:25","slug":"svijeca-kugla-beige-70-mm-bis","status":"publish","type":"product","link":"https:\/\/staging.gravelight.eu\/de\/trgovina\/svijeca-kugla-beige-70-mm-bis\/","title":{"rendered":"SVIJE\u0106A KUGLA BEIGE 70 MM BIS"},"content":{"rendered":"","protected":false},"excerpt":{"rendered":"","protected":false},"featured_media":59215,"comment_status":"closed","ping_status":"closed","template":"","meta":{"_acf_changed":false},"product_brand":[],"product_cat":[5139],"product_tag":[53136,53550,54202,43333,44880,53135],"class_list":{"0":"post-59197","1":"product","2":"type-product","3":"status-publish","4":"has-post-thumbnail","6":"product_cat-uncategorized-de","7":"product_tag-8717847134738-de","8":"product_tag-kugle-de","9":"product_tag-tbl6-4-de","10":"product_tag-svijece-de","11":"product_tag-rustik-de","12":"product_tag-12164-de","14":"first","15":"instock","16":"taxable","17":"shipping-taxable","18":"purchasable","19":"product-type-simple"},"acf":[],"yoast_head":"<!-- This site is optimized with the Yoast SEO plugin v26.9 - https:\/\/yoast.com\/product\/yoast-seo-wordpress\/ -->\n<title>SVIJE\u0106A KUGLA BEIGE 70 MM BIS - NET d.o.o.<\/title>\n<meta name=\"description\" content=\"Svije\u0107a kugla promjera 70 mm beige boje izra\u0111ena od visokokvalitetnih sastojaka i pakirana pojedina\u010dno u prozirni celofan.\" \/>\n<meta name=\"robots\" content=\"noindex, follow, max-snippet:-1, max-image-preview:large, max-video-preview:-1\" \/>\n<meta property=\"og:locale\" content=\"de_DE\" \/>\n<meta property=\"og:type\" content=\"article\" \/>\n<meta property=\"og:title\" content=\"SVIJE\u0106A KUGLA BEIGE 70 MM BIS - NET d.o.o.\" \/>\n<meta property=\"og:description\" content=\"Svije\u0107a kugla promjera 70 mm beige boje izra\u0111ena od visokokvalitetnih sastojaka i pakirana pojedina\u010dno u prozirni celofan.\" \/>\n<meta property=\"og:url\" content=\"https:\/\/staging.gravelight.eu\/de\/trgovina\/svijeca-kugla-beige-70-mm-bis\/\" \/>\n<meta property=\"og:site_name\" content=\"NET d.o.o.\" \/>\n<meta property=\"article:modified_time\" content=\"2024-10-04T06:57:25+00:00\" \/>\n<meta property=\"og:image\" content=\"https:\/\/staging.gravelight.eu\/wp-content\/uploads\/12164.002.jpg\" \/>\n\t<meta property=\"og:image:width\" content=\"858\" \/>\n\t<meta property=\"og:image:height\" content=\"1018\" \/>\n\t<meta property=\"og:image:type\" content=\"image\/jpeg\" \/>\n<meta name=\"twitter:card\" content=\"summary_large_image\" \/>\n<script type=\"application\/ld+json\" class=\"yoast-schema-graph\">{\"@context\":\"https:\/\/schema.org\",\"@graph\":[{\"@type\":\"WebPage\",\"@id\":\"https:\/\/staging.gravelight.eu\/de\/trgovina\/svijeca-kugla-beige-70-mm-bis\/\",\"url\":\"https:\/\/staging.gravelight.eu\/de\/trgovina\/svijeca-kugla-beige-70-mm-bis\/\",\"name\":\"SVIJE\u0106A KUGLA BEIGE 70 MM BIS - NET d.o.o.\",\"isPartOf\":{\"@id\":\"https:\/\/staging.gravelight.eu\/#website\"},\"primaryImageOfPage\":{\"@id\":\"https:\/\/staging.gravelight.eu\/de\/trgovina\/svijeca-kugla-beige-70-mm-bis\/#primaryimage\"},\"image\":{\"@id\":\"https:\/\/staging.gravelight.eu\/de\/trgovina\/svijeca-kugla-beige-70-mm-bis\/#primaryimage\"},\"thumbnailUrl\":\"https:\/\/staging.gravelight.eu\/wp-content\/uploads\/2021\/12\/12164.002.jpg\",\"datePublished\":\"2021-12-09T11:19:13+00:00\",\"dateModified\":\"2024-10-04T06:57:25+00:00\",\"description\":\"Svije\u0107a kugla promjera 70 mm beige boje izra\u0111ena od visokokvalitetnih sastojaka i pakirana pojedina\u010dno u prozirni celofan.\",\"breadcrumb\":{\"@id\":\"https:\/\/staging.gravelight.eu\/de\/trgovina\/svijeca-kugla-beige-70-mm-bis\/#breadcrumb\"},\"inLanguage\":\"de\",\"potentialAction\":[{\"@type\":\"ReadAction\",\"target\":[\"https:\/\/staging.gravelight.eu\/de\/trgovina\/svijeca-kugla-beige-70-mm-bis\/\"]}]},{\"@type\":\"ImageObject\",\"inLanguage\":\"de\",\"@id\":\"https:\/\/staging.gravelight.eu\/de\/trgovina\/svijeca-kugla-beige-70-mm-bis\/#primaryimage\",\"url\":\"https:\/\/staging.gravelight.eu\/wp-content\/uploads\/2021\/12\/12164.002.jpg\",\"contentUrl\":\"https:\/\/staging.gravelight.eu\/wp-content\/uploads\/2021\/12\/12164.002.jpg\",\"width\":858,\"height\":1018},{\"@type\":\"BreadcrumbList\",\"@id\":\"https:\/\/staging.gravelight.eu\/de\/trgovina\/svijeca-kugla-beige-70-mm-bis\/#breadcrumb\",\"itemListElement\":[{\"@type\":\"ListItem\",\"position\":1,\"name\":\"Home\",\"item\":\"https:\/\/staging.gravelight.eu\/de\/\"},{\"@type\":\"ListItem\",\"position\":2,\"name\":\"Trgovina\",\"item\":\"https:\/\/staging.gravelight.eu\/de\/trgovina-webshop\/\"},{\"@type\":\"ListItem\",\"position\":3,\"name\":\"SVIJE\u0106A KUGLA BEIGE 70 MM BIS\"}]},{\"@type\":\"WebSite\",\"@id\":\"https:\/\/staging.gravelight.eu\/#website\",\"url\":\"https:\/\/staging.gravelight.eu\/\",\"name\":\"NET d.o.o.\",\"description\":\"Das Licht und die W\u00e4rme Ihres Hauses!\",\"publisher\":{\"@id\":\"https:\/\/staging.gravelight.eu\/#organization\"},\"potentialAction\":[{\"@type\":\"SearchAction\",\"target\":{\"@type\":\"EntryPoint\",\"urlTemplate\":\"https:\/\/staging.gravelight.eu\/?s={search_term_string}\"},\"query-input\":{\"@type\":\"PropertyValueSpecification\",\"valueRequired\":true,\"valueName\":\"search_term_string\"}}],\"inLanguage\":\"de\"},{\"@type\":\"Organization\",\"@id\":\"https:\/\/staging.gravelight.eu\/#organization\",\"name\":\"NET d.o.o.\",\"url\":\"https:\/\/staging.gravelight.eu\/\",\"logo\":{\"@type\":\"ImageObject\",\"inLanguage\":\"de\",\"@id\":\"https:\/\/staging.gravelight.eu\/#\/schema\/logo\/image\/\",\"url\":\"https:\/\/staging.gravelight.eu\/wp-content\/uploads\/cropped-net-ico.png\",\"contentUrl\":\"https:\/\/staging.gravelight.eu\/wp-content\/uploads\/cropped-net-ico.png\",\"width\":512,\"height\":512,\"caption\":\"NET d.o.o.\"},\"image\":{\"@id\":\"https:\/\/staging.gravelight.eu\/#\/schema\/logo\/image\/\"}}]}<\/script>\n<!-- \/ Yoast SEO plugin. -->","yoast_head_json":{"title":"SVIJE\u0106A KUGLA BEIGE 70 MM BIS - NET d.o.o.","description":"Svije\u0107a kugla promjera 70 mm beige boje izra\u0111ena od visokokvalitetnih sastojaka i pakirana pojedina\u010dno u prozirni celofan.","robots":{"index":"noindex","follow":"follow","max-snippet":"max-snippet:-1","max-image-preview":"max-image-preview:large","max-video-preview":"max-video-preview:-1"},"og_locale":"de_DE","og_type":"article","og_title":"SVIJE\u0106A KUGLA BEIGE 70 MM BIS - NET d.o.o.","og_description":"Svije\u0107a kugla promjera 70 mm beige boje izra\u0111ena od visokokvalitetnih sastojaka i pakirana pojedina\u010dno u prozirni celofan.","og_url":"https:\/\/staging.gravelight.eu\/de\/trgovina\/svijeca-kugla-beige-70-mm-bis\/","og_site_name":"NET d.o.o.","article_modified_time":"2024-10-04T06:57:25+00:00","og_image":[{"width":858,"height":1018,"url":"https:\/\/staging.gravelight.eu\/wp-content\/uploads\/12164.002.jpg","type":"image\/jpeg"}],"twitter_card":"summary_large_image","schema":{"@context":"https:\/\/schema.org","@graph":[{"@type":"WebPage","@id":"https:\/\/staging.gravelight.eu\/de\/trgovina\/svijeca-kugla-beige-70-mm-bis\/","url":"https:\/\/staging.gravelight.eu\/de\/trgovina\/svijeca-kugla-beige-70-mm-bis\/","name":"SVIJE\u0106A KUGLA BEIGE 70 MM BIS - NET d.o.o.","isPartOf":{"@id":"https:\/\/staging.gravelight.eu\/#website"},"primaryImageOfPage":{"@id":"https:\/\/staging.gravelight.eu\/de\/trgovina\/svijeca-kugla-beige-70-mm-bis\/#primaryimage"},"image":{"@id":"https:\/\/staging.gravelight.eu\/de\/trgovina\/svijeca-kugla-beige-70-mm-bis\/#primaryimage"},"thumbnailUrl":"https:\/\/staging.gravelight.eu\/wp-content\/uploads\/2021\/12\/12164.002.jpg","datePublished":"2021-12-09T11:19:13+00:00","dateModified":"2024-10-04T06:57:25+00:00","description":"Svije\u0107a kugla promjera 70 mm beige boje izra\u0111ena od visokokvalitetnih sastojaka i pakirana pojedina\u010dno u prozirni celofan.","breadcrumb":{"@id":"https:\/\/staging.gravelight.eu\/de\/trgovina\/svijeca-kugla-beige-70-mm-bis\/#breadcrumb"},"inLanguage":"de","potentialAction":[{"@type":"ReadAction","target":["https:\/\/staging.gravelight.eu\/de\/trgovina\/svijeca-kugla-beige-70-mm-bis\/"]}]},{"@type":"ImageObject","inLanguage":"de","@id":"https:\/\/staging.gravelight.eu\/de\/trgovina\/svijeca-kugla-beige-70-mm-bis\/#primaryimage","url":"https:\/\/staging.gravelight.eu\/wp-content\/uploads\/2021\/12\/12164.002.jpg","contentUrl":"https:\/\/staging.gravelight.eu\/wp-content\/uploads\/2021\/12\/12164.002.jpg","width":858,"height":1018},{"@type":"BreadcrumbList","@id":"https:\/\/staging.gravelight.eu\/de\/trgovina\/svijeca-kugla-beige-70-mm-bis\/#breadcrumb","itemListElement":[{"@type":"ListItem","position":1,"name":"Home","item":"https:\/\/staging.gravelight.eu\/de\/"},{"@type":"ListItem","position":2,"name":"Trgovina","item":"https:\/\/staging.gravelight.eu\/de\/trgovina-webshop\/"},{"@type":"ListItem","position":3,"name":"SVIJE\u0106A KUGLA BEIGE 70 MM BIS"}]},{"@type":"WebSite","@id":"https:\/\/staging.gravelight.eu\/#website","url":"https:\/\/staging.gravelight.eu\/","name":"NET d.o.o.","description":"Das Licht und die W\u00e4rme Ihres Hauses!","publisher":{"@id":"https:\/\/staging.gravelight.eu\/#organization"},"potentialAction":[{"@type":"SearchAction","target":{"@type":"EntryPoint","urlTemplate":"https:\/\/staging.gravelight.eu\/?s={search_term_string}"},"query-input":{"@type":"PropertyValueSpecification","valueRequired":true,"valueName":"search_term_string"}}],"inLanguage":"de"},{"@type":"Organization","@id":"https:\/\/staging.gravelight.eu\/#organization","name":"NET d.o.o.","url":"https:\/\/staging.gravelight.eu\/","logo":{"@type":"ImageObject","inLanguage":"de","@id":"https:\/\/staging.gravelight.eu\/#\/schema\/logo\/image\/","url":"https:\/\/staging.gravelight.eu\/wp-content\/uploads\/cropped-net-ico.png","contentUrl":"https:\/\/staging.gravelight.eu\/wp-content\/uploads\/cropped-net-ico.png","width":512,"height":512,"caption":"NET d.o.o."},"image":{"@id":"https:\/\/staging.gravelight.eu\/#\/schema\/logo\/image\/"}}]}},"_links":{"self":[{"href":"https:\/\/staging.gravelight.eu\/de\/wp-json\/wp\/v2\/product\/59197","targetHints":{"allow":["GET"]}}],"collection":[{"href":"https:\/\/staging.gravelight.eu\/de\/wp-json\/wp\/v2\/product"}],"about":[{"href":"https:\/\/staging.gravelight.eu\/de\/wp-json\/wp\/v2\/types\/product"}],"replies":[{"embeddable":true,"href":"https:\/\/staging.gravelight.eu\/de\/wp-json\/wp\/v2\/comments?post=59197"}],"wp:featuredmedia":[{"embeddable":true,"href":"https:\/\/staging.gravelight.eu\/de\/wp-json\/wp\/v2\/media\/59215"}],"wp:attachment":[{"href":"https:\/\/staging.gravelight.eu\/de\/wp-json\/wp\/v2\/media?parent=59197"}],"wp:term":[{"taxonomy":"product_brand","embeddable":true,"href":"https:\/\/staging.gravelight.eu\/de\/wp-json\/wp\/v2\/product_brand?post=59197"},{"taxonomy":"product_cat","embeddable":true,"href":"https:\/\/staging.gravelight.eu\/de\/wp-json\/wp\/v2\/product_cat?post=59197"},{"taxonomy":"product_tag","embeddable":true,"href":"https:\/\/staging.gravelight.eu\/de\/wp-json\/wp\/v2\/product_tag?post=59197"}],"curies":[{"name":"wp","href":"https:\/\/api.w.org\/{rel}","templated":true}]}}