{"id":46093,"date":"2020-06-17T10:10:38","date_gmt":"2020-06-17T08:10:38","guid":{"rendered":"https:\/\/staging.gravelight.eu\/?post_type=product&#038;p=46093"},"modified":"2024-10-04T08:52:57","modified_gmt":"2024-10-04T06:52:57","slug":"svijeca-jasmin-party-mirisna-sani-s-m90","status":"publish","type":"product","link":"https:\/\/staging.gravelight.eu\/de\/trgovina\/svijeca-jasmin-party-mirisna-sani-s-m90\/","title":{"rendered":"SVIJE\u0106A JASMIN PARTY MIRISNA SANI S M90"},"content":{"rendered":"","protected":false},"excerpt":{"rendered":"","protected":false},"featured_media":54090,"comment_status":"closed","ping_status":"closed","template":"","meta":{"_acf_changed":false},"product_brand":[],"product_cat":[1679],"product_tag":[43856,43857,44107,44609,50426,50427,50428,50429,50430,43155,50431,43243,50432,43255,50463,43852,43853,43854,43855],"class_list":{"0":"post-46093","1":"product","2":"type-product","3":"status-publish","4":"has-post-thumbnail","6":"product_cat-garten-flamme-de","7":"product_tag-party-de","8":"product_tag-baklje-de","9":"product_tag-3858888020958-de","10":"product_tag-lampion-de","11":"product_tag-sani-de","12":"product_tag-papir-de","13":"product_tag-papirnati-de","14":"product_tag-eko-de","15":"product_tag-eco-de","16":"product_tag-miris-de","17":"product_tag-poruka-de","18":"product_tag-vrt-de","19":"product_tag-ekoloski-de","20":"product_tag-svijeca-de","21":"product_tag-11730-de","22":"product_tag-aladin-de","23":"product_tag-ulje-de","24":"product_tag-mineralno-de","25":"product_tag-citrone-de","27":"first","28":"instock","29":"taxable","30":"shipping-taxable","31":"purchasable","32":"product-type-variable"},"acf":[],"yoast_head":"<!-- This site is optimized with the Yoast SEO plugin v26.9 - https:\/\/yoast.com\/product\/yoast-seo-wordpress\/ -->\n<title>SVIJE\u0106A JASMIN PARTY MIRISNA SANI S M90 - NET d.o.o.<\/title>\n<meta name=\"description\" content=\"Svije\u0107a mirisna Party S Sani. Svojim mirisom odbija insekte, a cvjetnim dizajnom pristaje vrtnom najme\u0161taju.\" \/>\n<meta name=\"robots\" content=\"noindex, follow, max-snippet:-1, max-image-preview:large, max-video-preview:-1\" \/>\n<meta property=\"og:locale\" content=\"de_DE\" \/>\n<meta property=\"og:type\" content=\"article\" \/>\n<meta property=\"og:title\" content=\"SVIJE\u0106A JASMIN PARTY MIRISNA SANI S M90 - NET d.o.o.\" \/>\n<meta property=\"og:description\" content=\"Svije\u0107a mirisna Party S Sani. Svojim mirisom odbija insekte, a cvjetnim dizajnom pristaje vrtnom najme\u0161taju.\" \/>\n<meta property=\"og:url\" content=\"https:\/\/staging.gravelight.eu\/de\/trgovina\/svijeca-jasmin-party-mirisna-sani-s-m90\/\" \/>\n<meta property=\"og:site_name\" content=\"NET d.o.o.\" \/>\n<meta property=\"article:modified_time\" content=\"2024-10-04T06:52:57+00:00\" \/>\n<meta property=\"og:image\" content=\"https:\/\/staging.gravelight.eu\/wp-content\/uploads\/11730.D10.055-1.jpg\" \/>\n\t<meta property=\"og:image:width\" content=\"612\" \/>\n\t<meta property=\"og:image:height\" content=\"408\" \/>\n\t<meta property=\"og:image:type\" content=\"image\/jpeg\" \/>\n<meta name=\"twitter:card\" content=\"summary_large_image\" \/>\n<script type=\"application\/ld+json\" class=\"yoast-schema-graph\">{\"@context\":\"https:\/\/schema.org\",\"@graph\":[{\"@type\":\"WebPage\",\"@id\":\"https:\/\/staging.gravelight.eu\/de\/trgovina\/svijeca-jasmin-party-mirisna-sani-s-m90\/\",\"url\":\"https:\/\/staging.gravelight.eu\/de\/trgovina\/svijeca-jasmin-party-mirisna-sani-s-m90\/\",\"name\":\"SVIJE\u0106A JASMIN PARTY MIRISNA SANI S M90 - NET d.o.o.\",\"isPartOf\":{\"@id\":\"https:\/\/staging.gravelight.eu\/#website\"},\"primaryImageOfPage\":{\"@id\":\"https:\/\/staging.gravelight.eu\/de\/trgovina\/svijeca-jasmin-party-mirisna-sani-s-m90\/#primaryimage\"},\"image\":{\"@id\":\"https:\/\/staging.gravelight.eu\/de\/trgovina\/svijeca-jasmin-party-mirisna-sani-s-m90\/#primaryimage\"},\"thumbnailUrl\":\"https:\/\/staging.gravelight.eu\/wp-content\/uploads\/2021\/02\/11730.D10.055-1.jpg\",\"datePublished\":\"2020-06-17T08:10:38+00:00\",\"dateModified\":\"2024-10-04T06:52:57+00:00\",\"description\":\"Svije\u0107a mirisna Party S Sani. Svojim mirisom odbija insekte, a cvjetnim dizajnom pristaje vrtnom najme\u0161taju.\",\"breadcrumb\":{\"@id\":\"https:\/\/staging.gravelight.eu\/de\/trgovina\/svijeca-jasmin-party-mirisna-sani-s-m90\/#breadcrumb\"},\"inLanguage\":\"de\",\"potentialAction\":[{\"@type\":\"ReadAction\",\"target\":[\"https:\/\/staging.gravelight.eu\/de\/trgovina\/svijeca-jasmin-party-mirisna-sani-s-m90\/\"]}]},{\"@type\":\"ImageObject\",\"inLanguage\":\"de\",\"@id\":\"https:\/\/staging.gravelight.eu\/de\/trgovina\/svijeca-jasmin-party-mirisna-sani-s-m90\/#primaryimage\",\"url\":\"https:\/\/staging.gravelight.eu\/wp-content\/uploads\/2021\/02\/11730.D10.055-1.jpg\",\"contentUrl\":\"https:\/\/staging.gravelight.eu\/wp-content\/uploads\/2021\/02\/11730.D10.055-1.jpg\",\"width\":612,\"height\":408},{\"@type\":\"BreadcrumbList\",\"@id\":\"https:\/\/staging.gravelight.eu\/de\/trgovina\/svijeca-jasmin-party-mirisna-sani-s-m90\/#breadcrumb\",\"itemListElement\":[{\"@type\":\"ListItem\",\"position\":1,\"name\":\"Home\",\"item\":\"https:\/\/staging.gravelight.eu\/de\/\"},{\"@type\":\"ListItem\",\"position\":2,\"name\":\"Trgovina\",\"item\":\"https:\/\/staging.gravelight.eu\/de\/trgovina-webshop\/\"},{\"@type\":\"ListItem\",\"position\":3,\"name\":\"SVIJE\u0106A JASMIN PARTY MIRISNA SANI S M90\"}]},{\"@type\":\"WebSite\",\"@id\":\"https:\/\/staging.gravelight.eu\/#website\",\"url\":\"https:\/\/staging.gravelight.eu\/\",\"name\":\"NET d.o.o.\",\"description\":\"Das Licht und die W\u00e4rme Ihres Hauses!\",\"publisher\":{\"@id\":\"https:\/\/staging.gravelight.eu\/#organization\"},\"potentialAction\":[{\"@type\":\"SearchAction\",\"target\":{\"@type\":\"EntryPoint\",\"urlTemplate\":\"https:\/\/staging.gravelight.eu\/?s={search_term_string}\"},\"query-input\":{\"@type\":\"PropertyValueSpecification\",\"valueRequired\":true,\"valueName\":\"search_term_string\"}}],\"inLanguage\":\"de\"},{\"@type\":\"Organization\",\"@id\":\"https:\/\/staging.gravelight.eu\/#organization\",\"name\":\"NET d.o.o.\",\"url\":\"https:\/\/staging.gravelight.eu\/\",\"logo\":{\"@type\":\"ImageObject\",\"inLanguage\":\"de\",\"@id\":\"https:\/\/staging.gravelight.eu\/#\/schema\/logo\/image\/\",\"url\":\"https:\/\/staging.gravelight.eu\/wp-content\/uploads\/cropped-net-ico.png\",\"contentUrl\":\"https:\/\/staging.gravelight.eu\/wp-content\/uploads\/cropped-net-ico.png\",\"width\":512,\"height\":512,\"caption\":\"NET d.o.o.\"},\"image\":{\"@id\":\"https:\/\/staging.gravelight.eu\/#\/schema\/logo\/image\/\"}}]}<\/script>\n<!-- \/ Yoast SEO plugin. -->","yoast_head_json":{"title":"SVIJE\u0106A JASMIN PARTY MIRISNA SANI S M90 - NET d.o.o.","description":"Svije\u0107a mirisna Party S Sani. Svojim mirisom odbija insekte, a cvjetnim dizajnom pristaje vrtnom najme\u0161taju.","robots":{"index":"noindex","follow":"follow","max-snippet":"max-snippet:-1","max-image-preview":"max-image-preview:large","max-video-preview":"max-video-preview:-1"},"og_locale":"de_DE","og_type":"article","og_title":"SVIJE\u0106A JASMIN PARTY MIRISNA SANI S M90 - NET d.o.o.","og_description":"Svije\u0107a mirisna Party S Sani. Svojim mirisom odbija insekte, a cvjetnim dizajnom pristaje vrtnom najme\u0161taju.","og_url":"https:\/\/staging.gravelight.eu\/de\/trgovina\/svijeca-jasmin-party-mirisna-sani-s-m90\/","og_site_name":"NET d.o.o.","article_modified_time":"2024-10-04T06:52:57+00:00","og_image":[{"width":612,"height":408,"url":"https:\/\/staging.gravelight.eu\/wp-content\/uploads\/11730.D10.055-1.jpg","type":"image\/jpeg"}],"twitter_card":"summary_large_image","schema":{"@context":"https:\/\/schema.org","@graph":[{"@type":"WebPage","@id":"https:\/\/staging.gravelight.eu\/de\/trgovina\/svijeca-jasmin-party-mirisna-sani-s-m90\/","url":"https:\/\/staging.gravelight.eu\/de\/trgovina\/svijeca-jasmin-party-mirisna-sani-s-m90\/","name":"SVIJE\u0106A JASMIN PARTY MIRISNA SANI S M90 - NET d.o.o.","isPartOf":{"@id":"https:\/\/staging.gravelight.eu\/#website"},"primaryImageOfPage":{"@id":"https:\/\/staging.gravelight.eu\/de\/trgovina\/svijeca-jasmin-party-mirisna-sani-s-m90\/#primaryimage"},"image":{"@id":"https:\/\/staging.gravelight.eu\/de\/trgovina\/svijeca-jasmin-party-mirisna-sani-s-m90\/#primaryimage"},"thumbnailUrl":"https:\/\/staging.gravelight.eu\/wp-content\/uploads\/2021\/02\/11730.D10.055-1.jpg","datePublished":"2020-06-17T08:10:38+00:00","dateModified":"2024-10-04T06:52:57+00:00","description":"Svije\u0107a mirisna Party S Sani. Svojim mirisom odbija insekte, a cvjetnim dizajnom pristaje vrtnom najme\u0161taju.","breadcrumb":{"@id":"https:\/\/staging.gravelight.eu\/de\/trgovina\/svijeca-jasmin-party-mirisna-sani-s-m90\/#breadcrumb"},"inLanguage":"de","potentialAction":[{"@type":"ReadAction","target":["https:\/\/staging.gravelight.eu\/de\/trgovina\/svijeca-jasmin-party-mirisna-sani-s-m90\/"]}]},{"@type":"ImageObject","inLanguage":"de","@id":"https:\/\/staging.gravelight.eu\/de\/trgovina\/svijeca-jasmin-party-mirisna-sani-s-m90\/#primaryimage","url":"https:\/\/staging.gravelight.eu\/wp-content\/uploads\/2021\/02\/11730.D10.055-1.jpg","contentUrl":"https:\/\/staging.gravelight.eu\/wp-content\/uploads\/2021\/02\/11730.D10.055-1.jpg","width":612,"height":408},{"@type":"BreadcrumbList","@id":"https:\/\/staging.gravelight.eu\/de\/trgovina\/svijeca-jasmin-party-mirisna-sani-s-m90\/#breadcrumb","itemListElement":[{"@type":"ListItem","position":1,"name":"Home","item":"https:\/\/staging.gravelight.eu\/de\/"},{"@type":"ListItem","position":2,"name":"Trgovina","item":"https:\/\/staging.gravelight.eu\/de\/trgovina-webshop\/"},{"@type":"ListItem","position":3,"name":"SVIJE\u0106A JASMIN PARTY MIRISNA SANI S M90"}]},{"@type":"WebSite","@id":"https:\/\/staging.gravelight.eu\/#website","url":"https:\/\/staging.gravelight.eu\/","name":"NET d.o.o.","description":"Das Licht und die W\u00e4rme Ihres Hauses!","publisher":{"@id":"https:\/\/staging.gravelight.eu\/#organization"},"potentialAction":[{"@type":"SearchAction","target":{"@type":"EntryPoint","urlTemplate":"https:\/\/staging.gravelight.eu\/?s={search_term_string}"},"query-input":{"@type":"PropertyValueSpecification","valueRequired":true,"valueName":"search_term_string"}}],"inLanguage":"de"},{"@type":"Organization","@id":"https:\/\/staging.gravelight.eu\/#organization","name":"NET d.o.o.","url":"https:\/\/staging.gravelight.eu\/","logo":{"@type":"ImageObject","inLanguage":"de","@id":"https:\/\/staging.gravelight.eu\/#\/schema\/logo\/image\/","url":"https:\/\/staging.gravelight.eu\/wp-content\/uploads\/cropped-net-ico.png","contentUrl":"https:\/\/staging.gravelight.eu\/wp-content\/uploads\/cropped-net-ico.png","width":512,"height":512,"caption":"NET d.o.o."},"image":{"@id":"https:\/\/staging.gravelight.eu\/#\/schema\/logo\/image\/"}}]}},"_links":{"self":[{"href":"https:\/\/staging.gravelight.eu\/de\/wp-json\/wp\/v2\/product\/46093","targetHints":{"allow":["GET"]}}],"collection":[{"href":"https:\/\/staging.gravelight.eu\/de\/wp-json\/wp\/v2\/product"}],"about":[{"href":"https:\/\/staging.gravelight.eu\/de\/wp-json\/wp\/v2\/types\/product"}],"replies":[{"embeddable":true,"href":"https:\/\/staging.gravelight.eu\/de\/wp-json\/wp\/v2\/comments?post=46093"}],"wp:featuredmedia":[{"embeddable":true,"href":"https:\/\/staging.gravelight.eu\/de\/wp-json\/wp\/v2\/media\/54090"}],"wp:attachment":[{"href":"https:\/\/staging.gravelight.eu\/de\/wp-json\/wp\/v2\/media?parent=46093"}],"wp:term":[{"taxonomy":"product_brand","embeddable":true,"href":"https:\/\/staging.gravelight.eu\/de\/wp-json\/wp\/v2\/product_brand?post=46093"},{"taxonomy":"product_cat","embeddable":true,"href":"https:\/\/staging.gravelight.eu\/de\/wp-json\/wp\/v2\/product_cat?post=46093"},{"taxonomy":"product_tag","embeddable":true,"href":"https:\/\/staging.gravelight.eu\/de\/wp-json\/wp\/v2\/product_tag?post=46093"}],"curies":[{"name":"wp","href":"https:\/\/api.w.org\/{rel}","templated":true}]}}