{"id":17855,"date":"2020-03-11T10:17:29","date_gmt":"2020-03-11T09:17:29","guid":{"rendered":"https:\/\/staging.gravelight.eu\/?post_type=product&#038;p=17855"},"modified":"2024-10-04T08:52:21","modified_gmt":"2024-10-04T06:52:21","slug":"sankris-lui-andeo-stih-czs-nadgrobni-lam","status":"publish","type":"product","link":"https:\/\/staging.gravelight.eu\/de\/trgovina\/sankris-lui-andeo-stih-czs-nadgrobni-lam\/","title":{"rendered":"SANKRIS LUI AN\u0110EO STIH CZS NADGROBNI LAM"},"content":{"rendered":"","protected":false},"excerpt":{"rendered":"","protected":false},"featured_media":66050,"comment_status":"closed","ping_status":"closed","template":"","meta":{"_acf_changed":false},"product_brand":[],"product_cat":[1713],"product_tag":[45461,50480,44046,44609,45105,45129,45459,45460],"class_list":{"0":"post-17855","1":"product","2":"type-product","3":"status-publish","4":"has-post-thumbnail","6":"product_cat-klasicni-lampioni-sa-slikom-de","7":"product_tag-motivi-de","8":"product_tag-3858883233285-de","9":"product_tag-11605-de","10":"product_tag-lampion-de","11":"product_tag-pax-de","12":"product_tag-slikom-de","13":"product_tag-horeb-de","14":"product_tag-slika-de","16":"first","17":"instock","18":"taxable","19":"shipping-taxable","20":"product-type-simple"},"acf":[],"yoast_head":"<!-- This site is optimized with the Yoast SEO plugin v26.9 - https:\/\/yoast.com\/product\/yoast-seo-wordpress\/ -->\n<title>SANKRIS LUI AN\u0110EO STIH CZS NADGROBNI LAM - NET d.o.o.<\/title>\n<meta name=\"description\" content=\"Nadgrobni lampion Sankris lui an\u0111eo stih sa metaliziranim detaljima, utje\u0161nim porukama i raznovrsnim motivima. Plamen gori do 48 sati.\" \/>\n<meta name=\"robots\" content=\"noindex, follow, max-snippet:-1, max-image-preview:large, max-video-preview:-1\" \/>\n<meta property=\"og:locale\" content=\"de_DE\" \/>\n<meta property=\"og:type\" content=\"article\" \/>\n<meta property=\"og:title\" content=\"SANKRIS LUI AN\u0110EO STIH CZS NADGROBNI LAM - NET d.o.o.\" \/>\n<meta property=\"og:description\" content=\"Nadgrobni lampion Sankris lui an\u0111eo stih sa metaliziranim detaljima, utje\u0161nim porukama i raznovrsnim motivima. Plamen gori do 48 sati.\" \/>\n<meta property=\"og:url\" content=\"https:\/\/staging.gravelight.eu\/de\/trgovina\/sankris-lui-andeo-stih-czs-nadgrobni-lam\/\" \/>\n<meta property=\"og:site_name\" content=\"NET d.o.o.\" \/>\n<meta property=\"article:modified_time\" content=\"2024-10-04T06:52:21+00:00\" \/>\n<meta property=\"og:image\" content=\"https:\/\/staging.gravelight.eu\/wp-content\/uploads\/11605.D16-scaled.jpg\" \/>\n\t<meta property=\"og:image:width\" content=\"2560\" \/>\n\t<meta property=\"og:image:height\" content=\"1829\" \/>\n\t<meta property=\"og:image:type\" content=\"image\/jpeg\" \/>\n<meta name=\"twitter:card\" content=\"summary_large_image\" \/>\n<script type=\"application\/ld+json\" class=\"yoast-schema-graph\">{\"@context\":\"https:\/\/schema.org\",\"@graph\":[{\"@type\":\"WebPage\",\"@id\":\"https:\/\/staging.gravelight.eu\/de\/trgovina\/sankris-lui-andeo-stih-czs-nadgrobni-lam\/\",\"url\":\"https:\/\/staging.gravelight.eu\/de\/trgovina\/sankris-lui-andeo-stih-czs-nadgrobni-lam\/\",\"name\":\"SANKRIS LUI AN\u0110EO STIH CZS NADGROBNI LAM - NET d.o.o.\",\"isPartOf\":{\"@id\":\"https:\/\/staging.gravelight.eu\/#website\"},\"primaryImageOfPage\":{\"@id\":\"https:\/\/staging.gravelight.eu\/de\/trgovina\/sankris-lui-andeo-stih-czs-nadgrobni-lam\/#primaryimage\"},\"image\":{\"@id\":\"https:\/\/staging.gravelight.eu\/de\/trgovina\/sankris-lui-andeo-stih-czs-nadgrobni-lam\/#primaryimage\"},\"thumbnailUrl\":\"https:\/\/staging.gravelight.eu\/wp-content\/uploads\/2024\/09\/11605.D16.jpg\",\"datePublished\":\"2020-03-11T09:17:29+00:00\",\"dateModified\":\"2024-10-04T06:52:21+00:00\",\"description\":\"Nadgrobni lampion Sankris lui an\u0111eo stih sa metaliziranim detaljima, utje\u0161nim porukama i raznovrsnim motivima. Plamen gori do 48 sati.\",\"breadcrumb\":{\"@id\":\"https:\/\/staging.gravelight.eu\/de\/trgovina\/sankris-lui-andeo-stih-czs-nadgrobni-lam\/#breadcrumb\"},\"inLanguage\":\"de\",\"potentialAction\":[{\"@type\":\"ReadAction\",\"target\":[\"https:\/\/staging.gravelight.eu\/de\/trgovina\/sankris-lui-andeo-stih-czs-nadgrobni-lam\/\"]}]},{\"@type\":\"ImageObject\",\"inLanguage\":\"de\",\"@id\":\"https:\/\/staging.gravelight.eu\/de\/trgovina\/sankris-lui-andeo-stih-czs-nadgrobni-lam\/#primaryimage\",\"url\":\"https:\/\/staging.gravelight.eu\/wp-content\/uploads\/2024\/09\/11605.D16.jpg\",\"contentUrl\":\"https:\/\/staging.gravelight.eu\/wp-content\/uploads\/2024\/09\/11605.D16.jpg\",\"width\":2560,\"height\":1829,\"caption\":\"Nadgrobni lampion\"},{\"@type\":\"BreadcrumbList\",\"@id\":\"https:\/\/staging.gravelight.eu\/de\/trgovina\/sankris-lui-andeo-stih-czs-nadgrobni-lam\/#breadcrumb\",\"itemListElement\":[{\"@type\":\"ListItem\",\"position\":1,\"name\":\"Home\",\"item\":\"https:\/\/staging.gravelight.eu\/de\/\"},{\"@type\":\"ListItem\",\"position\":2,\"name\":\"Trgovina\",\"item\":\"https:\/\/staging.gravelight.eu\/de\/trgovina-webshop\/\"},{\"@type\":\"ListItem\",\"position\":3,\"name\":\"SANKRIS LUI AN\u0110EO STIH CZS NADGROBNI LAM\"}]},{\"@type\":\"WebSite\",\"@id\":\"https:\/\/staging.gravelight.eu\/#website\",\"url\":\"https:\/\/staging.gravelight.eu\/\",\"name\":\"NET d.o.o.\",\"description\":\"Das Licht und die W\u00e4rme Ihres Hauses!\",\"publisher\":{\"@id\":\"https:\/\/staging.gravelight.eu\/#organization\"},\"potentialAction\":[{\"@type\":\"SearchAction\",\"target\":{\"@type\":\"EntryPoint\",\"urlTemplate\":\"https:\/\/staging.gravelight.eu\/?s={search_term_string}\"},\"query-input\":{\"@type\":\"PropertyValueSpecification\",\"valueRequired\":true,\"valueName\":\"search_term_string\"}}],\"inLanguage\":\"de\"},{\"@type\":\"Organization\",\"@id\":\"https:\/\/staging.gravelight.eu\/#organization\",\"name\":\"NET d.o.o.\",\"url\":\"https:\/\/staging.gravelight.eu\/\",\"logo\":{\"@type\":\"ImageObject\",\"inLanguage\":\"de\",\"@id\":\"https:\/\/staging.gravelight.eu\/#\/schema\/logo\/image\/\",\"url\":\"https:\/\/staging.gravelight.eu\/wp-content\/uploads\/cropped-net-ico.png\",\"contentUrl\":\"https:\/\/staging.gravelight.eu\/wp-content\/uploads\/cropped-net-ico.png\",\"width\":512,\"height\":512,\"caption\":\"NET d.o.o.\"},\"image\":{\"@id\":\"https:\/\/staging.gravelight.eu\/#\/schema\/logo\/image\/\"}}]}<\/script>\n<!-- \/ Yoast SEO plugin. -->","yoast_head_json":{"title":"SANKRIS LUI AN\u0110EO STIH CZS NADGROBNI LAM - NET d.o.o.","description":"Nadgrobni lampion Sankris lui an\u0111eo stih sa metaliziranim detaljima, utje\u0161nim porukama i raznovrsnim motivima. Plamen gori do 48 sati.","robots":{"index":"noindex","follow":"follow","max-snippet":"max-snippet:-1","max-image-preview":"max-image-preview:large","max-video-preview":"max-video-preview:-1"},"og_locale":"de_DE","og_type":"article","og_title":"SANKRIS LUI AN\u0110EO STIH CZS NADGROBNI LAM - NET d.o.o.","og_description":"Nadgrobni lampion Sankris lui an\u0111eo stih sa metaliziranim detaljima, utje\u0161nim porukama i raznovrsnim motivima. Plamen gori do 48 sati.","og_url":"https:\/\/staging.gravelight.eu\/de\/trgovina\/sankris-lui-andeo-stih-czs-nadgrobni-lam\/","og_site_name":"NET d.o.o.","article_modified_time":"2024-10-04T06:52:21+00:00","og_image":[{"width":2560,"height":1829,"url":"https:\/\/staging.gravelight.eu\/wp-content\/uploads\/11605.D16-scaled.jpg","type":"image\/jpeg"}],"twitter_card":"summary_large_image","schema":{"@context":"https:\/\/schema.org","@graph":[{"@type":"WebPage","@id":"https:\/\/staging.gravelight.eu\/de\/trgovina\/sankris-lui-andeo-stih-czs-nadgrobni-lam\/","url":"https:\/\/staging.gravelight.eu\/de\/trgovina\/sankris-lui-andeo-stih-czs-nadgrobni-lam\/","name":"SANKRIS LUI AN\u0110EO STIH CZS NADGROBNI LAM - NET d.o.o.","isPartOf":{"@id":"https:\/\/staging.gravelight.eu\/#website"},"primaryImageOfPage":{"@id":"https:\/\/staging.gravelight.eu\/de\/trgovina\/sankris-lui-andeo-stih-czs-nadgrobni-lam\/#primaryimage"},"image":{"@id":"https:\/\/staging.gravelight.eu\/de\/trgovina\/sankris-lui-andeo-stih-czs-nadgrobni-lam\/#primaryimage"},"thumbnailUrl":"https:\/\/staging.gravelight.eu\/wp-content\/uploads\/2024\/09\/11605.D16.jpg","datePublished":"2020-03-11T09:17:29+00:00","dateModified":"2024-10-04T06:52:21+00:00","description":"Nadgrobni lampion Sankris lui an\u0111eo stih sa metaliziranim detaljima, utje\u0161nim porukama i raznovrsnim motivima. Plamen gori do 48 sati.","breadcrumb":{"@id":"https:\/\/staging.gravelight.eu\/de\/trgovina\/sankris-lui-andeo-stih-czs-nadgrobni-lam\/#breadcrumb"},"inLanguage":"de","potentialAction":[{"@type":"ReadAction","target":["https:\/\/staging.gravelight.eu\/de\/trgovina\/sankris-lui-andeo-stih-czs-nadgrobni-lam\/"]}]},{"@type":"ImageObject","inLanguage":"de","@id":"https:\/\/staging.gravelight.eu\/de\/trgovina\/sankris-lui-andeo-stih-czs-nadgrobni-lam\/#primaryimage","url":"https:\/\/staging.gravelight.eu\/wp-content\/uploads\/2024\/09\/11605.D16.jpg","contentUrl":"https:\/\/staging.gravelight.eu\/wp-content\/uploads\/2024\/09\/11605.D16.jpg","width":2560,"height":1829,"caption":"Nadgrobni lampion"},{"@type":"BreadcrumbList","@id":"https:\/\/staging.gravelight.eu\/de\/trgovina\/sankris-lui-andeo-stih-czs-nadgrobni-lam\/#breadcrumb","itemListElement":[{"@type":"ListItem","position":1,"name":"Home","item":"https:\/\/staging.gravelight.eu\/de\/"},{"@type":"ListItem","position":2,"name":"Trgovina","item":"https:\/\/staging.gravelight.eu\/de\/trgovina-webshop\/"},{"@type":"ListItem","position":3,"name":"SANKRIS LUI AN\u0110EO STIH CZS NADGROBNI LAM"}]},{"@type":"WebSite","@id":"https:\/\/staging.gravelight.eu\/#website","url":"https:\/\/staging.gravelight.eu\/","name":"NET d.o.o.","description":"Das Licht und die W\u00e4rme Ihres Hauses!","publisher":{"@id":"https:\/\/staging.gravelight.eu\/#organization"},"potentialAction":[{"@type":"SearchAction","target":{"@type":"EntryPoint","urlTemplate":"https:\/\/staging.gravelight.eu\/?s={search_term_string}"},"query-input":{"@type":"PropertyValueSpecification","valueRequired":true,"valueName":"search_term_string"}}],"inLanguage":"de"},{"@type":"Organization","@id":"https:\/\/staging.gravelight.eu\/#organization","name":"NET d.o.o.","url":"https:\/\/staging.gravelight.eu\/","logo":{"@type":"ImageObject","inLanguage":"de","@id":"https:\/\/staging.gravelight.eu\/#\/schema\/logo\/image\/","url":"https:\/\/staging.gravelight.eu\/wp-content\/uploads\/cropped-net-ico.png","contentUrl":"https:\/\/staging.gravelight.eu\/wp-content\/uploads\/cropped-net-ico.png","width":512,"height":512,"caption":"NET d.o.o."},"image":{"@id":"https:\/\/staging.gravelight.eu\/#\/schema\/logo\/image\/"}}]}},"_links":{"self":[{"href":"https:\/\/staging.gravelight.eu\/de\/wp-json\/wp\/v2\/product\/17855","targetHints":{"allow":["GET"]}}],"collection":[{"href":"https:\/\/staging.gravelight.eu\/de\/wp-json\/wp\/v2\/product"}],"about":[{"href":"https:\/\/staging.gravelight.eu\/de\/wp-json\/wp\/v2\/types\/product"}],"replies":[{"embeddable":true,"href":"https:\/\/staging.gravelight.eu\/de\/wp-json\/wp\/v2\/comments?post=17855"}],"wp:featuredmedia":[{"embeddable":true,"href":"https:\/\/staging.gravelight.eu\/de\/wp-json\/wp\/v2\/media\/66050"}],"wp:attachment":[{"href":"https:\/\/staging.gravelight.eu\/de\/wp-json\/wp\/v2\/media?parent=17855"}],"wp:term":[{"taxonomy":"product_brand","embeddable":true,"href":"https:\/\/staging.gravelight.eu\/de\/wp-json\/wp\/v2\/product_brand?post=17855"},{"taxonomy":"product_cat","embeddable":true,"href":"https:\/\/staging.gravelight.eu\/de\/wp-json\/wp\/v2\/product_cat?post=17855"},{"taxonomy":"product_tag","embeddable":true,"href":"https:\/\/staging.gravelight.eu\/de\/wp-json\/wp\/v2\/product_tag?post=17855"}],"curies":[{"name":"wp","href":"https:\/\/api.w.org\/{rel}","templated":true}]}}