{"id":14736,"date":"2020-03-10T13:07:20","date_gmt":"2020-03-10T12:07:20","guid":{"rendered":"https:\/\/staging.gravelight.eu\/?post_type=product&#038;p=14736"},"modified":"2024-10-04T08:52:31","modified_gmt":"2024-10-04T06:52:31","slug":"paxlui-pia-215epi-rose-nadgrobni-lampion","status":"publish","type":"product","link":"https:\/\/staging.gravelight.eu\/de\/trgovina\/paxlui-pia-215epi-rose-nadgrobni-lampion\/","title":{"rendered":"PAXLUI PIA 215EPI ROSE NADGROBNI LAMPION"},"content":{"rendered":"","protected":false},"excerpt":{"rendered":"","protected":false},"featured_media":58363,"comment_status":"closed","ping_status":"closed","template":"","meta":{"_acf_changed":false},"product_brand":[],"product_cat":[1713],"product_tag":[45129,45409,45849,45850,45851,45852,45951,45952,45953,45954,43228,45955,44094,54621,44095,44271,44609,45105],"class_list":{"0":"post-14736","1":"product","2":"type-product","3":"status-publish","4":"has-post-thumbnail","6":"product_cat-klasicni-lampioni-sa-slikom-de","7":"product_tag-slikom-de","8":"product_tag-metalik-de","9":"product_tag-lui-de","10":"product_tag-premium-de","11":"product_tag-uljni-de","12":"product_tag-dugotrajni-de","13":"product_tag-dekor-de","14":"product_tag-stup-de","15":"product_tag-stupasti-de","16":"product_tag-okrugli-de","17":"product_tag-dezen-de","18":"product_tag-cvijece-de","19":"product_tag-11631-de","20":"product_tag-pia-de","21":"product_tag-3858888020910-de","22":"product_tag-lampasi-de","23":"product_tag-lampion-de","24":"product_tag-pax-de","26":"first","27":"instock","28":"taxable","29":"shipping-taxable","30":"purchasable","31":"product-type-simple"},"acf":[],"yoast_head":"<!-- This site is optimized with the Yoast SEO plugin v26.9 - https:\/\/yoast.com\/product\/yoast-seo-wordpress\/ -->\n<title>PAXLUI PIA 215EPI ROSE NADGROBNI LAMPION - NET d.o.o.<\/title>\n<meta name=\"description\" content=\"Paxlui Pia 215 nadgrobni bijeli cvjetni lampion. Lampion je dugogore\u0107i, gori do 7 dana. Mo\u017eete birati izme\u0111u nekoliko dizajna i utje\u0161nih poruka.\" \/>\n<meta name=\"robots\" content=\"noindex, follow, max-snippet:-1, max-image-preview:large, max-video-preview:-1\" \/>\n<meta property=\"og:locale\" content=\"de_DE\" \/>\n<meta property=\"og:type\" content=\"article\" \/>\n<meta property=\"og:title\" content=\"PAXLUI PIA 215EPI ROSE NADGROBNI LAMPION - NET d.o.o.\" \/>\n<meta property=\"og:description\" content=\"Paxlui Pia 215 nadgrobni bijeli cvjetni lampion. Lampion je dugogore\u0107i, gori do 7 dana. Mo\u017eete birati izme\u0111u nekoliko dizajna i utje\u0161nih poruka.\" \/>\n<meta property=\"og:url\" content=\"https:\/\/staging.gravelight.eu\/de\/trgovina\/paxlui-pia-215epi-rose-nadgrobni-lampion\/\" \/>\n<meta property=\"og:site_name\" content=\"NET d.o.o.\" \/>\n<meta property=\"article:modified_time\" content=\"2024-10-04T06:52:31+00:00\" \/>\n<meta property=\"og:image\" content=\"https:\/\/staging.gravelight.eu\/wp-content\/uploads\/11631.D12.jpg\" \/>\n\t<meta property=\"og:image:width\" content=\"1133\" \/>\n\t<meta property=\"og:image:height\" content=\"755\" \/>\n\t<meta property=\"og:image:type\" content=\"image\/jpeg\" \/>\n<meta name=\"twitter:card\" content=\"summary_large_image\" \/>\n<script type=\"application\/ld+json\" class=\"yoast-schema-graph\">{\"@context\":\"https:\/\/schema.org\",\"@graph\":[{\"@type\":\"WebPage\",\"@id\":\"https:\/\/staging.gravelight.eu\/de\/trgovina\/paxlui-pia-215epi-rose-nadgrobni-lampion\/\",\"url\":\"https:\/\/staging.gravelight.eu\/de\/trgovina\/paxlui-pia-215epi-rose-nadgrobni-lampion\/\",\"name\":\"PAXLUI PIA 215EPI ROSE NADGROBNI LAMPION - NET d.o.o.\",\"isPartOf\":{\"@id\":\"https:\/\/staging.gravelight.eu\/#website\"},\"primaryImageOfPage\":{\"@id\":\"https:\/\/staging.gravelight.eu\/de\/trgovina\/paxlui-pia-215epi-rose-nadgrobni-lampion\/#primaryimage\"},\"image\":{\"@id\":\"https:\/\/staging.gravelight.eu\/de\/trgovina\/paxlui-pia-215epi-rose-nadgrobni-lampion\/#primaryimage\"},\"thumbnailUrl\":\"https:\/\/staging.gravelight.eu\/wp-content\/uploads\/2021\/05\/11631.D12.jpg\",\"datePublished\":\"2020-03-10T12:07:20+00:00\",\"dateModified\":\"2024-10-04T06:52:31+00:00\",\"description\":\"Paxlui Pia 215 nadgrobni bijeli cvjetni lampion. Lampion je dugogore\u0107i, gori do 7 dana. Mo\u017eete birati izme\u0111u nekoliko dizajna i utje\u0161nih poruka.\",\"breadcrumb\":{\"@id\":\"https:\/\/staging.gravelight.eu\/de\/trgovina\/paxlui-pia-215epi-rose-nadgrobni-lampion\/#breadcrumb\"},\"inLanguage\":\"de\",\"potentialAction\":[{\"@type\":\"ReadAction\",\"target\":[\"https:\/\/staging.gravelight.eu\/de\/trgovina\/paxlui-pia-215epi-rose-nadgrobni-lampion\/\"]}]},{\"@type\":\"ImageObject\",\"inLanguage\":\"de\",\"@id\":\"https:\/\/staging.gravelight.eu\/de\/trgovina\/paxlui-pia-215epi-rose-nadgrobni-lampion\/#primaryimage\",\"url\":\"https:\/\/staging.gravelight.eu\/wp-content\/uploads\/2021\/05\/11631.D12.jpg\",\"contentUrl\":\"https:\/\/staging.gravelight.eu\/wp-content\/uploads\/2021\/05\/11631.D12.jpg\",\"width\":1133,\"height\":755},{\"@type\":\"BreadcrumbList\",\"@id\":\"https:\/\/staging.gravelight.eu\/de\/trgovina\/paxlui-pia-215epi-rose-nadgrobni-lampion\/#breadcrumb\",\"itemListElement\":[{\"@type\":\"ListItem\",\"position\":1,\"name\":\"Home\",\"item\":\"https:\/\/staging.gravelight.eu\/de\/\"},{\"@type\":\"ListItem\",\"position\":2,\"name\":\"Trgovina\",\"item\":\"https:\/\/staging.gravelight.eu\/de\/trgovina-webshop\/\"},{\"@type\":\"ListItem\",\"position\":3,\"name\":\"PAXLUI PIA 215EPI ROSE NADGROBNI LAMPION\"}]},{\"@type\":\"WebSite\",\"@id\":\"https:\/\/staging.gravelight.eu\/#website\",\"url\":\"https:\/\/staging.gravelight.eu\/\",\"name\":\"NET d.o.o.\",\"description\":\"Das Licht und die W\u00e4rme Ihres Hauses!\",\"publisher\":{\"@id\":\"https:\/\/staging.gravelight.eu\/#organization\"},\"potentialAction\":[{\"@type\":\"SearchAction\",\"target\":{\"@type\":\"EntryPoint\",\"urlTemplate\":\"https:\/\/staging.gravelight.eu\/?s={search_term_string}\"},\"query-input\":{\"@type\":\"PropertyValueSpecification\",\"valueRequired\":true,\"valueName\":\"search_term_string\"}}],\"inLanguage\":\"de\"},{\"@type\":\"Organization\",\"@id\":\"https:\/\/staging.gravelight.eu\/#organization\",\"name\":\"NET d.o.o.\",\"url\":\"https:\/\/staging.gravelight.eu\/\",\"logo\":{\"@type\":\"ImageObject\",\"inLanguage\":\"de\",\"@id\":\"https:\/\/staging.gravelight.eu\/#\/schema\/logo\/image\/\",\"url\":\"https:\/\/staging.gravelight.eu\/wp-content\/uploads\/cropped-net-ico.png\",\"contentUrl\":\"https:\/\/staging.gravelight.eu\/wp-content\/uploads\/cropped-net-ico.png\",\"width\":512,\"height\":512,\"caption\":\"NET d.o.o.\"},\"image\":{\"@id\":\"https:\/\/staging.gravelight.eu\/#\/schema\/logo\/image\/\"}}]}<\/script>\n<!-- \/ Yoast SEO plugin. -->","yoast_head_json":{"title":"PAXLUI PIA 215EPI ROSE NADGROBNI LAMPION - NET d.o.o.","description":"Paxlui Pia 215 nadgrobni bijeli cvjetni lampion. Lampion je dugogore\u0107i, gori do 7 dana. Mo\u017eete birati izme\u0111u nekoliko dizajna i utje\u0161nih poruka.","robots":{"index":"noindex","follow":"follow","max-snippet":"max-snippet:-1","max-image-preview":"max-image-preview:large","max-video-preview":"max-video-preview:-1"},"og_locale":"de_DE","og_type":"article","og_title":"PAXLUI PIA 215EPI ROSE NADGROBNI LAMPION - NET d.o.o.","og_description":"Paxlui Pia 215 nadgrobni bijeli cvjetni lampion. Lampion je dugogore\u0107i, gori do 7 dana. Mo\u017eete birati izme\u0111u nekoliko dizajna i utje\u0161nih poruka.","og_url":"https:\/\/staging.gravelight.eu\/de\/trgovina\/paxlui-pia-215epi-rose-nadgrobni-lampion\/","og_site_name":"NET d.o.o.","article_modified_time":"2024-10-04T06:52:31+00:00","og_image":[{"width":1133,"height":755,"url":"https:\/\/staging.gravelight.eu\/wp-content\/uploads\/11631.D12.jpg","type":"image\/jpeg"}],"twitter_card":"summary_large_image","schema":{"@context":"https:\/\/schema.org","@graph":[{"@type":"WebPage","@id":"https:\/\/staging.gravelight.eu\/de\/trgovina\/paxlui-pia-215epi-rose-nadgrobni-lampion\/","url":"https:\/\/staging.gravelight.eu\/de\/trgovina\/paxlui-pia-215epi-rose-nadgrobni-lampion\/","name":"PAXLUI PIA 215EPI ROSE NADGROBNI LAMPION - NET d.o.o.","isPartOf":{"@id":"https:\/\/staging.gravelight.eu\/#website"},"primaryImageOfPage":{"@id":"https:\/\/staging.gravelight.eu\/de\/trgovina\/paxlui-pia-215epi-rose-nadgrobni-lampion\/#primaryimage"},"image":{"@id":"https:\/\/staging.gravelight.eu\/de\/trgovina\/paxlui-pia-215epi-rose-nadgrobni-lampion\/#primaryimage"},"thumbnailUrl":"https:\/\/staging.gravelight.eu\/wp-content\/uploads\/2021\/05\/11631.D12.jpg","datePublished":"2020-03-10T12:07:20+00:00","dateModified":"2024-10-04T06:52:31+00:00","description":"Paxlui Pia 215 nadgrobni bijeli cvjetni lampion. Lampion je dugogore\u0107i, gori do 7 dana. Mo\u017eete birati izme\u0111u nekoliko dizajna i utje\u0161nih poruka.","breadcrumb":{"@id":"https:\/\/staging.gravelight.eu\/de\/trgovina\/paxlui-pia-215epi-rose-nadgrobni-lampion\/#breadcrumb"},"inLanguage":"de","potentialAction":[{"@type":"ReadAction","target":["https:\/\/staging.gravelight.eu\/de\/trgovina\/paxlui-pia-215epi-rose-nadgrobni-lampion\/"]}]},{"@type":"ImageObject","inLanguage":"de","@id":"https:\/\/staging.gravelight.eu\/de\/trgovina\/paxlui-pia-215epi-rose-nadgrobni-lampion\/#primaryimage","url":"https:\/\/staging.gravelight.eu\/wp-content\/uploads\/2021\/05\/11631.D12.jpg","contentUrl":"https:\/\/staging.gravelight.eu\/wp-content\/uploads\/2021\/05\/11631.D12.jpg","width":1133,"height":755},{"@type":"BreadcrumbList","@id":"https:\/\/staging.gravelight.eu\/de\/trgovina\/paxlui-pia-215epi-rose-nadgrobni-lampion\/#breadcrumb","itemListElement":[{"@type":"ListItem","position":1,"name":"Home","item":"https:\/\/staging.gravelight.eu\/de\/"},{"@type":"ListItem","position":2,"name":"Trgovina","item":"https:\/\/staging.gravelight.eu\/de\/trgovina-webshop\/"},{"@type":"ListItem","position":3,"name":"PAXLUI PIA 215EPI ROSE NADGROBNI LAMPION"}]},{"@type":"WebSite","@id":"https:\/\/staging.gravelight.eu\/#website","url":"https:\/\/staging.gravelight.eu\/","name":"NET d.o.o.","description":"Das Licht und die W\u00e4rme Ihres Hauses!","publisher":{"@id":"https:\/\/staging.gravelight.eu\/#organization"},"potentialAction":[{"@type":"SearchAction","target":{"@type":"EntryPoint","urlTemplate":"https:\/\/staging.gravelight.eu\/?s={search_term_string}"},"query-input":{"@type":"PropertyValueSpecification","valueRequired":true,"valueName":"search_term_string"}}],"inLanguage":"de"},{"@type":"Organization","@id":"https:\/\/staging.gravelight.eu\/#organization","name":"NET d.o.o.","url":"https:\/\/staging.gravelight.eu\/","logo":{"@type":"ImageObject","inLanguage":"de","@id":"https:\/\/staging.gravelight.eu\/#\/schema\/logo\/image\/","url":"https:\/\/staging.gravelight.eu\/wp-content\/uploads\/cropped-net-ico.png","contentUrl":"https:\/\/staging.gravelight.eu\/wp-content\/uploads\/cropped-net-ico.png","width":512,"height":512,"caption":"NET d.o.o."},"image":{"@id":"https:\/\/staging.gravelight.eu\/#\/schema\/logo\/image\/"}}]}},"_links":{"self":[{"href":"https:\/\/staging.gravelight.eu\/de\/wp-json\/wp\/v2\/product\/14736","targetHints":{"allow":["GET"]}}],"collection":[{"href":"https:\/\/staging.gravelight.eu\/de\/wp-json\/wp\/v2\/product"}],"about":[{"href":"https:\/\/staging.gravelight.eu\/de\/wp-json\/wp\/v2\/types\/product"}],"replies":[{"embeddable":true,"href":"https:\/\/staging.gravelight.eu\/de\/wp-json\/wp\/v2\/comments?post=14736"}],"wp:featuredmedia":[{"embeddable":true,"href":"https:\/\/staging.gravelight.eu\/de\/wp-json\/wp\/v2\/media\/58363"}],"wp:attachment":[{"href":"https:\/\/staging.gravelight.eu\/de\/wp-json\/wp\/v2\/media?parent=14736"}],"wp:term":[{"taxonomy":"product_brand","embeddable":true,"href":"https:\/\/staging.gravelight.eu\/de\/wp-json\/wp\/v2\/product_brand?post=14736"},{"taxonomy":"product_cat","embeddable":true,"href":"https:\/\/staging.gravelight.eu\/de\/wp-json\/wp\/v2\/product_cat?post=14736"},{"taxonomy":"product_tag","embeddable":true,"href":"https:\/\/staging.gravelight.eu\/de\/wp-json\/wp\/v2\/product_tag?post=14736"}],"curies":[{"name":"wp","href":"https:\/\/api.w.org\/{rel}","templated":true}]}}