{"id":10617,"date":"2018-06-13T11:13:04","date_gmt":"2018-06-13T09:13:04","guid":{"rendered":"https:\/\/staging.gravelight.eu\/?post_type=product&#038;p=10617"},"modified":"2024-10-04T09:11:52","modified_gmt":"2024-10-04T07:11:52","slug":"paxlui-u-105-nadgrobni-lampion-ulozak","status":"publish","type":"product","link":"https:\/\/staging.gravelight.eu\/de\/trgovina\/paxlui-u-105-nadgrobni-lampion-ulozak\/","title":{"rendered":"PAXLUI U-105 NADGROBNI LAMPION ULO\u017dAK"},"content":{"rendered":"","protected":false},"excerpt":{"rendered":"","protected":false},"featured_media":66032,"comment_status":"closed","ping_status":"closed","template":"","meta":{"_acf_changed":false},"product_brand":[],"product_cat":[1553],"product_tag":[45851,45852,43932,44271,44609,44630,44642,45105,45136,45151,45152,45153,45849,45850],"class_list":{"0":"post-10617","1":"product","2":"type-product","3":"status-publish","4":"has-post-thumbnail","6":"product_cat-paxrequiem-de","7":"product_tag-uljni-de","8":"product_tag-dugotrajni-de","9":"product_tag-3858883233490-de","10":"product_tag-lampasi-de","11":"product_tag-lampion-de","12":"product_tag-refill-de","13":"product_tag-paxrequiem-de","14":"product_tag-pax-de","15":"product_tag-85625-de","16":"product_tag-ulosci-de","17":"product_tag-zamjenski-de","18":"product_tag-ulozak-de","19":"product_tag-lui-de","20":"product_tag-premium-de","22":"first","23":"instock","24":"taxable","25":"shipping-taxable","26":"purchasable","27":"product-type-simple"},"acf":[],"yoast_head":"<!-- This site is optimized with the Yoast SEO plugin v26.9 - https:\/\/yoast.com\/product\/yoast-seo-wordpress\/ -->\n<title>PAXLUI U-105 NADGROBNI LAMPION ULO\u017dAK - NET d.o.o.<\/title>\n<meta name=\"description\" content=\"Paxlui u-105 nadgrobni lampion ulo\u017eak za staklene lampione. Ulo\u017eak gori do 48 sati.\" \/>\n<meta name=\"robots\" content=\"noindex, follow, max-snippet:-1, max-image-preview:large, max-video-preview:-1\" \/>\n<meta property=\"og:locale\" content=\"de_DE\" \/>\n<meta property=\"og:type\" content=\"article\" \/>\n<meta property=\"og:title\" content=\"PAXLUI U-105 NADGROBNI LAMPION ULO\u017dAK - NET d.o.o.\" \/>\n<meta property=\"og:description\" content=\"Paxlui u-105 nadgrobni lampion ulo\u017eak za staklene lampione. Ulo\u017eak gori do 48 sati.\" \/>\n<meta property=\"og:url\" content=\"https:\/\/staging.gravelight.eu\/de\/trgovina\/paxlui-u-105-nadgrobni-lampion-ulozak\/\" \/>\n<meta property=\"og:site_name\" content=\"NET d.o.o.\" \/>\n<meta property=\"article:modified_time\" content=\"2024-10-04T07:11:52+00:00\" \/>\n<meta property=\"og:image\" content=\"https:\/\/staging.gravelight.eu\/wp-content\/uploads\/85625.A01-1-scaled.jpg\" \/>\n\t<meta property=\"og:image:width\" content=\"2560\" \/>\n\t<meta property=\"og:image:height\" content=\"1829\" \/>\n\t<meta property=\"og:image:type\" content=\"image\/jpeg\" \/>\n<meta name=\"twitter:card\" content=\"summary_large_image\" \/>\n<script type=\"application\/ld+json\" class=\"yoast-schema-graph\">{\"@context\":\"https:\/\/schema.org\",\"@graph\":[{\"@type\":\"WebPage\",\"@id\":\"https:\/\/staging.gravelight.eu\/de\/trgovina\/paxlui-u-105-nadgrobni-lampion-ulozak\/\",\"url\":\"https:\/\/staging.gravelight.eu\/de\/trgovina\/paxlui-u-105-nadgrobni-lampion-ulozak\/\",\"name\":\"PAXLUI U-105 NADGROBNI LAMPION ULO\u017dAK - NET d.o.o.\",\"isPartOf\":{\"@id\":\"https:\/\/staging.gravelight.eu\/#website\"},\"primaryImageOfPage\":{\"@id\":\"https:\/\/staging.gravelight.eu\/de\/trgovina\/paxlui-u-105-nadgrobni-lampion-ulozak\/#primaryimage\"},\"image\":{\"@id\":\"https:\/\/staging.gravelight.eu\/de\/trgovina\/paxlui-u-105-nadgrobni-lampion-ulozak\/#primaryimage\"},\"thumbnailUrl\":\"https:\/\/staging.gravelight.eu\/wp-content\/uploads\/2024\/09\/85625.A01-1-scaled.jpg\",\"datePublished\":\"2018-06-13T09:13:04+00:00\",\"dateModified\":\"2024-10-04T07:11:52+00:00\",\"description\":\"Paxlui u-105 nadgrobni lampion ulo\u017eak za staklene lampione. Ulo\u017eak gori do 48 sati.\",\"breadcrumb\":{\"@id\":\"https:\/\/staging.gravelight.eu\/de\/trgovina\/paxlui-u-105-nadgrobni-lampion-ulozak\/#breadcrumb\"},\"inLanguage\":\"de\",\"potentialAction\":[{\"@type\":\"ReadAction\",\"target\":[\"https:\/\/staging.gravelight.eu\/de\/trgovina\/paxlui-u-105-nadgrobni-lampion-ulozak\/\"]}]},{\"@type\":\"ImageObject\",\"inLanguage\":\"de\",\"@id\":\"https:\/\/staging.gravelight.eu\/de\/trgovina\/paxlui-u-105-nadgrobni-lampion-ulozak\/#primaryimage\",\"url\":\"https:\/\/staging.gravelight.eu\/wp-content\/uploads\/2024\/09\/85625.A01-1-scaled.jpg\",\"contentUrl\":\"https:\/\/staging.gravelight.eu\/wp-content\/uploads\/2024\/09\/85625.A01-1-scaled.jpg\",\"width\":2560,\"height\":1829,\"caption\":\"ulo\u017eak za lampione\"},{\"@type\":\"BreadcrumbList\",\"@id\":\"https:\/\/staging.gravelight.eu\/de\/trgovina\/paxlui-u-105-nadgrobni-lampion-ulozak\/#breadcrumb\",\"itemListElement\":[{\"@type\":\"ListItem\",\"position\":1,\"name\":\"Home\",\"item\":\"https:\/\/staging.gravelight.eu\/de\/\"},{\"@type\":\"ListItem\",\"position\":2,\"name\":\"Trgovina\",\"item\":\"https:\/\/staging.gravelight.eu\/de\/trgovina-webshop\/\"},{\"@type\":\"ListItem\",\"position\":3,\"name\":\"PAXLUI U-105 NADGROBNI LAMPION ULO\u017dAK\"}]},{\"@type\":\"WebSite\",\"@id\":\"https:\/\/staging.gravelight.eu\/#website\",\"url\":\"https:\/\/staging.gravelight.eu\/\",\"name\":\"NET d.o.o.\",\"description\":\"Das Licht und die W\u00e4rme Ihres Hauses!\",\"publisher\":{\"@id\":\"https:\/\/staging.gravelight.eu\/#organization\"},\"potentialAction\":[{\"@type\":\"SearchAction\",\"target\":{\"@type\":\"EntryPoint\",\"urlTemplate\":\"https:\/\/staging.gravelight.eu\/?s={search_term_string}\"},\"query-input\":{\"@type\":\"PropertyValueSpecification\",\"valueRequired\":true,\"valueName\":\"search_term_string\"}}],\"inLanguage\":\"de\"},{\"@type\":\"Organization\",\"@id\":\"https:\/\/staging.gravelight.eu\/#organization\",\"name\":\"NET d.o.o.\",\"url\":\"https:\/\/staging.gravelight.eu\/\",\"logo\":{\"@type\":\"ImageObject\",\"inLanguage\":\"de\",\"@id\":\"https:\/\/staging.gravelight.eu\/#\/schema\/logo\/image\/\",\"url\":\"https:\/\/staging.gravelight.eu\/wp-content\/uploads\/cropped-net-ico.png\",\"contentUrl\":\"https:\/\/staging.gravelight.eu\/wp-content\/uploads\/cropped-net-ico.png\",\"width\":512,\"height\":512,\"caption\":\"NET d.o.o.\"},\"image\":{\"@id\":\"https:\/\/staging.gravelight.eu\/#\/schema\/logo\/image\/\"}}]}<\/script>\n<!-- \/ Yoast SEO plugin. -->","yoast_head_json":{"title":"PAXLUI U-105 NADGROBNI LAMPION ULO\u017dAK - NET d.o.o.","description":"Paxlui u-105 nadgrobni lampion ulo\u017eak za staklene lampione. Ulo\u017eak gori do 48 sati.","robots":{"index":"noindex","follow":"follow","max-snippet":"max-snippet:-1","max-image-preview":"max-image-preview:large","max-video-preview":"max-video-preview:-1"},"og_locale":"de_DE","og_type":"article","og_title":"PAXLUI U-105 NADGROBNI LAMPION ULO\u017dAK - NET d.o.o.","og_description":"Paxlui u-105 nadgrobni lampion ulo\u017eak za staklene lampione. Ulo\u017eak gori do 48 sati.","og_url":"https:\/\/staging.gravelight.eu\/de\/trgovina\/paxlui-u-105-nadgrobni-lampion-ulozak\/","og_site_name":"NET d.o.o.","article_modified_time":"2024-10-04T07:11:52+00:00","og_image":[{"width":2560,"height":1829,"url":"https:\/\/staging.gravelight.eu\/wp-content\/uploads\/85625.A01-1-scaled.jpg","type":"image\/jpeg"}],"twitter_card":"summary_large_image","schema":{"@context":"https:\/\/schema.org","@graph":[{"@type":"WebPage","@id":"https:\/\/staging.gravelight.eu\/de\/trgovina\/paxlui-u-105-nadgrobni-lampion-ulozak\/","url":"https:\/\/staging.gravelight.eu\/de\/trgovina\/paxlui-u-105-nadgrobni-lampion-ulozak\/","name":"PAXLUI U-105 NADGROBNI LAMPION ULO\u017dAK - NET d.o.o.","isPartOf":{"@id":"https:\/\/staging.gravelight.eu\/#website"},"primaryImageOfPage":{"@id":"https:\/\/staging.gravelight.eu\/de\/trgovina\/paxlui-u-105-nadgrobni-lampion-ulozak\/#primaryimage"},"image":{"@id":"https:\/\/staging.gravelight.eu\/de\/trgovina\/paxlui-u-105-nadgrobni-lampion-ulozak\/#primaryimage"},"thumbnailUrl":"https:\/\/staging.gravelight.eu\/wp-content\/uploads\/2024\/09\/85625.A01-1-scaled.jpg","datePublished":"2018-06-13T09:13:04+00:00","dateModified":"2024-10-04T07:11:52+00:00","description":"Paxlui u-105 nadgrobni lampion ulo\u017eak za staklene lampione. Ulo\u017eak gori do 48 sati.","breadcrumb":{"@id":"https:\/\/staging.gravelight.eu\/de\/trgovina\/paxlui-u-105-nadgrobni-lampion-ulozak\/#breadcrumb"},"inLanguage":"de","potentialAction":[{"@type":"ReadAction","target":["https:\/\/staging.gravelight.eu\/de\/trgovina\/paxlui-u-105-nadgrobni-lampion-ulozak\/"]}]},{"@type":"ImageObject","inLanguage":"de","@id":"https:\/\/staging.gravelight.eu\/de\/trgovina\/paxlui-u-105-nadgrobni-lampion-ulozak\/#primaryimage","url":"https:\/\/staging.gravelight.eu\/wp-content\/uploads\/2024\/09\/85625.A01-1-scaled.jpg","contentUrl":"https:\/\/staging.gravelight.eu\/wp-content\/uploads\/2024\/09\/85625.A01-1-scaled.jpg","width":2560,"height":1829,"caption":"ulo\u017eak za lampione"},{"@type":"BreadcrumbList","@id":"https:\/\/staging.gravelight.eu\/de\/trgovina\/paxlui-u-105-nadgrobni-lampion-ulozak\/#breadcrumb","itemListElement":[{"@type":"ListItem","position":1,"name":"Home","item":"https:\/\/staging.gravelight.eu\/de\/"},{"@type":"ListItem","position":2,"name":"Trgovina","item":"https:\/\/staging.gravelight.eu\/de\/trgovina-webshop\/"},{"@type":"ListItem","position":3,"name":"PAXLUI U-105 NADGROBNI LAMPION ULO\u017dAK"}]},{"@type":"WebSite","@id":"https:\/\/staging.gravelight.eu\/#website","url":"https:\/\/staging.gravelight.eu\/","name":"NET d.o.o.","description":"Das Licht und die W\u00e4rme Ihres Hauses!","publisher":{"@id":"https:\/\/staging.gravelight.eu\/#organization"},"potentialAction":[{"@type":"SearchAction","target":{"@type":"EntryPoint","urlTemplate":"https:\/\/staging.gravelight.eu\/?s={search_term_string}"},"query-input":{"@type":"PropertyValueSpecification","valueRequired":true,"valueName":"search_term_string"}}],"inLanguage":"de"},{"@type":"Organization","@id":"https:\/\/staging.gravelight.eu\/#organization","name":"NET d.o.o.","url":"https:\/\/staging.gravelight.eu\/","logo":{"@type":"ImageObject","inLanguage":"de","@id":"https:\/\/staging.gravelight.eu\/#\/schema\/logo\/image\/","url":"https:\/\/staging.gravelight.eu\/wp-content\/uploads\/cropped-net-ico.png","contentUrl":"https:\/\/staging.gravelight.eu\/wp-content\/uploads\/cropped-net-ico.png","width":512,"height":512,"caption":"NET d.o.o."},"image":{"@id":"https:\/\/staging.gravelight.eu\/#\/schema\/logo\/image\/"}}]}},"_links":{"self":[{"href":"https:\/\/staging.gravelight.eu\/de\/wp-json\/wp\/v2\/product\/10617","targetHints":{"allow":["GET"]}}],"collection":[{"href":"https:\/\/staging.gravelight.eu\/de\/wp-json\/wp\/v2\/product"}],"about":[{"href":"https:\/\/staging.gravelight.eu\/de\/wp-json\/wp\/v2\/types\/product"}],"replies":[{"embeddable":true,"href":"https:\/\/staging.gravelight.eu\/de\/wp-json\/wp\/v2\/comments?post=10617"}],"wp:featuredmedia":[{"embeddable":true,"href":"https:\/\/staging.gravelight.eu\/de\/wp-json\/wp\/v2\/media\/66032"}],"wp:attachment":[{"href":"https:\/\/staging.gravelight.eu\/de\/wp-json\/wp\/v2\/media?parent=10617"}],"wp:term":[{"taxonomy":"product_brand","embeddable":true,"href":"https:\/\/staging.gravelight.eu\/de\/wp-json\/wp\/v2\/product_brand?post=10617"},{"taxonomy":"product_cat","embeddable":true,"href":"https:\/\/staging.gravelight.eu\/de\/wp-json\/wp\/v2\/product_cat?post=10617"},{"taxonomy":"product_tag","embeddable":true,"href":"https:\/\/staging.gravelight.eu\/de\/wp-json\/wp\/v2\/product_tag?post=10617"}],"curies":[{"name":"wp","href":"https:\/\/api.w.org\/{rel}","templated":true}]}}